{"id":153735,"date":"2021-01-15T12:39:56","date_gmt":"2021-01-15T12:39:56","guid":{"rendered":"https:\/\/codengine3.ch\/?product=import-placeholder-for-206335"},"modified":"2025-10-24T11:06:30","modified_gmt":"2025-10-24T09:06:30","slug":"les-plus-belles-montagnes-du-monde","status":"publish","type":"product","link":"https:\/\/pizbube.ch\/en\/shop\/les-plus-belles-montagnes-du-monde\/","title":{"rendered":"Les plus belles montagnes du monde"},"content":{"rendered":"<p>Sans doute parce qu\u2019elles obligent \u00e0 porter le regard vers le haut, elles<br \/>\nfascinent et imposent le respect. Si l\u2019alpiniste r\u00eave de leurs sommets, le<br \/>\nrandonneur convoite leurs flancs, et le touriste reste subjugu\u00e9 par leurs<br \/>\nsilhouettes majestueuses.<\/p>\n<p>Pour les uns, les plus belles montagnes du monde sont les plus inaccessibles,<br \/>\ncelles dont l\u2019ascension repr\u00e9sente un d\u00e9fi, celles dont les parois sont les<br \/>\nplus verticales, les ar\u00eates les plus \u00e9lanc\u00e9es, la glace et le rocher les plus<br \/>\npurs. Pour les autres, leurs lignes, id\u00e9ales, le rep\u00e8re qu\u2019elles dessinent<br \/>\ndans le paysage, expliquent leur s\u00e9duction. Pour d\u2019autres encore, la beaut\u00e9 de<br \/>\nla montagne tient \u00e0 la spiritualit\u00e9, \u00e0 l\u2019\u00e9lan cr\u00e9atif qu\u2019elle inspire, aux<br \/>\npeurs ou aux \u00e9pop\u00e9es qu\u2019elle a suscit\u00e9es. Des Alpes \u00e0 l\u2019Antarctique, de<br \/>\nl\u2019Himalaya aux Andes, et de l\u2019Alaska aux reliefs africains, la centaine de<br \/>\nsommets que ce livre d\u00e9signe comme les plus beaux du monde illustrent toute la<br \/>\nmagie de la montagne.<\/p>\n<p>Ce sont aussi les meilleures images des photographes internationaux les plus<br \/>\nfameux du genre, que Claude Gardien, guide et r\u00e9dacteur en chef de Vertical, a<br \/>\ns\u00e9lectionn\u00e9es. Ce recueil exceptionnel ravira les passionn\u00e9s et inspirera sans<br \/>\ndoute de nouveaux voyages vers les cimes.<\/p>\n<p>216 pages, <span class=\"MuiTypography-root sc-bb6e17aa-0 fcctQv MuiTypography-body2\">270mm x 370mm<\/span><\/p>","protected":false},"excerpt":{"rendered":"<p>Sans doute parce qu\u2019elles obligent \u00e0 porter le regard vers le haut, elles fascinent et imposent le respect. Si l\u2019alpiniste r\u00eave de leurs sommets, le randonneur convoite leurs flancs, et le touriste reste subjugu\u00e9 par leurs silhouettes majestueuses. Pour les uns, les plus belles montagnes du monde sont les plus inaccessibles, celles dont l\u2019ascension repr\u00e9sente [&#8230;]\n","protected":false},"featured_media":159740,"template":"","meta":[],"product_brand":[],"product_cat":[21542],"product_tag":[],"class_list":{"0":"post-153735","1":"product","2":"type-product","3":"status-publish","4":"has-post-thumbnail","6":"product_cat-sachbuecher-dokumentationen","7":"pa_autor-gardien","8":"pa_erscheinungsjahr-21550","9":"pa_region-frankreich","10":"pa_sprache-fr","12":"first","13":"instock","14":"taxable","15":"shipping-taxable","16":"purchasable","17":"product-type-simple"},"_links":{"self":[{"href":"https:\/\/pizbube.ch\/en\/wp-json\/wp\/v2\/product\/153735","targetHints":{"allow":["GET"]}}],"collection":[{"href":"https:\/\/pizbube.ch\/en\/wp-json\/wp\/v2\/product"}],"about":[{"href":"https:\/\/pizbube.ch\/en\/wp-json\/wp\/v2\/types\/product"}],"wp:featuredmedia":[{"embeddable":true,"href":"https:\/\/pizbube.ch\/en\/wp-json\/wp\/v2\/media\/159740"}],"wp:attachment":[{"href":"https:\/\/pizbube.ch\/en\/wp-json\/wp\/v2\/media?parent=153735"}],"wp:term":[{"taxonomy":"product_brand","embeddable":true,"href":"https:\/\/pizbube.ch\/en\/wp-json\/wp\/v2\/product_brand?post=153735"},{"taxonomy":"product_cat","embeddable":true,"href":"https:\/\/pizbube.ch\/en\/wp-json\/wp\/v2\/product_cat?post=153735"},{"taxonomy":"product_tag","embeddable":true,"href":"https:\/\/pizbube.ch\/en\/wp-json\/wp\/v2\/product_tag?post=153735"}],"curies":[{"name":"wp","href":"https:\/\/api.w.org\/{rel}","templated":true}]}}