{"id":153736,"date":"2021-01-15T12:40:01","date_gmt":"2021-01-15T12:40:01","guid":{"rendered":"https:\/\/codengine3.ch\/?product=import-placeholder-for-205093"},"modified":"2025-01-10T10:04:52","modified_gmt":"2025-01-10T09:04:52","slug":"ecrins-massif-parc-national-1-60-000","status":"publish","type":"product","link":"https:\/\/pizbube.ch\/en\/shop\/ecrins-massif-parc-national-1-60-000\/","title":{"rendered":"\u00c9crins Massif &#8211; parc national 1: 60 000"},"content":{"rendered":"<p>Libris 05 \u00c9crins &#8211; Grandes Rousses &#8211; Cerces &#8211; Clar\u00e9e (1:60.000)<\/p>\n<p>Bardonecchia &#8211; Valloire &#8211; Col du Lautaret &#8211; N\u00e9vache &#8211; Le Monetier les Bains &#8211;<br \/>\nVilleneuve &#8211; Briancon &#8211; Vallouise &#8211; Allefroide &#8211; Puy St. Vincent &#8211;<br \/>\nl`Argentiere la Bess\u00e9e &#8211; Risoul &#8211; Orci\u00e8res Merlette &#8211; Embrun &#8211; Orres &#8211; Gap &#8211;<br \/>\nla Haute Severaisse &#8211; St. christophe en Oisans &#8211; V\u00e9nos &#8211; l`Alpe d`Huez<\/p>\n<p>Libris\/ Didier Richard &#8211; Karten sind sehr zuverl\u00e4ssig, genau und detailgetreu<br \/>\n(IGN- Basis)und enthalten Angaben zu \u00dcbernachtungs- und Einkehrm\u00f6glichkeiten.<br \/>\nDie Wanderrouten sind farblich gekennzeichnet, und durch die Bildsymbole<br \/>\nwissen Sie sofort, wo die Sehensw\u00fcrdigkeiten liegen.<\/p>\n<p>Mit Satellitenbild auf R\u00fcckseite.Legende in Franz\u00f6sisch, Englisch, Deutsch und<br \/>\nItalienisch.<br \/>\n3. \u00c9dition<\/p>","protected":false},"excerpt":{"rendered":"<p>Libris 05 \u00c9crins &#8211; Grandes Rousses &#8211; Cerces &#8211; Clar\u00e9e (1:60.000) Bardonecchia &#8211; Valloire &#8211; Col du Lautaret &#8211; N\u00e9vache &#8211; Le Monetier les Bains &#8211; Villeneuve &#8211; Briancon &#8211; Vallouise &#8211; Allefroide &#8211; Puy St. Vincent &#8211; l`Argentiere la Bess\u00e9e &#8211; Risoul &#8211; Orci\u00e8res Merlette &#8211; Embrun &#8211; Orres &#8211; Gap &#8211; la Haute [&#8230;]\n","protected":false},"featured_media":178030,"template":"","meta":[],"product_brand":[],"product_cat":[21543],"product_tag":[],"class_list":{"0":"post-153736","1":"product","2":"type-product","3":"status-publish","4":"has-post-thumbnail","6":"product_cat-landkarten","7":"pa_autor-libris","8":"pa_erscheinungsjahr-21621","9":"pa_region-frankreich","10":"pa_sprache-d","11":"pa_sprache-e","12":"pa_sprache-f","13":"pa_sprache-i","15":"first","16":"instock","17":"taxable","18":"shipping-taxable","19":"purchasable","20":"product-type-simple"},"_links":{"self":[{"href":"https:\/\/pizbube.ch\/en\/wp-json\/wp\/v2\/product\/153736","targetHints":{"allow":["GET"]}}],"collection":[{"href":"https:\/\/pizbube.ch\/en\/wp-json\/wp\/v2\/product"}],"about":[{"href":"https:\/\/pizbube.ch\/en\/wp-json\/wp\/v2\/types\/product"}],"wp:featuredmedia":[{"embeddable":true,"href":"https:\/\/pizbube.ch\/en\/wp-json\/wp\/v2\/media\/178030"}],"wp:attachment":[{"href":"https:\/\/pizbube.ch\/en\/wp-json\/wp\/v2\/media?parent=153736"}],"wp:term":[{"taxonomy":"product_brand","embeddable":true,"href":"https:\/\/pizbube.ch\/en\/wp-json\/wp\/v2\/product_brand?post=153736"},{"taxonomy":"product_cat","embeddable":true,"href":"https:\/\/pizbube.ch\/en\/wp-json\/wp\/v2\/product_cat?post=153736"},{"taxonomy":"product_tag","embeddable":true,"href":"https:\/\/pizbube.ch\/en\/wp-json\/wp\/v2\/product_tag?post=153736"}],"curies":[{"name":"wp","href":"https:\/\/api.w.org\/{rel}","templated":true}]}}