{"id":153741,"date":"2021-01-15T12:40:03","date_gmt":"2021-01-15T12:40:03","guid":{"rendered":"https:\/\/codengine3.ch\/?product=import-placeholder-for-208653"},"modified":"2021-01-15T17:56:24","modified_gmt":"2021-01-15T17:56:24","slug":"talwasser","status":"publish","type":"product","link":"https:\/\/pizbube.ch\/en\/shop\/talwasser\/","title":{"rendered":"Talwasser"},"content":{"rendered":"<p>Innerthal im Jahre 1917: Vater Dobler bringt eines Abends die Nachricht nach<br \/>\nHause, dass es mit der Mauer nun doch ernst werden soll. Die Staumauer, \u00fcber<br \/>\ndie zwanzig Jahre lang diskutiert wurde und an deren Bau niemand mehr<br \/>\nernsthaft geglaubt hat, wird tats\u00e4chlich gebaut. Im beschaulichen, etwas<br \/>\nabgelegenen Voralpental entsteht die damals gr\u00f6sste Gewichtsstaumauer der<br \/>\nWelt. Die Kraftwerksgesellschaft baut eine 66 Meter hohe Wand in die Schr\u00e4h,<br \/>\num danach das ganze Tal zu fluten. F\u00fcr die Bauern im Talboden des Innerthals<br \/>\nbedeutet das, dass sie ihre Heimwesen aufgeben m\u00fcssen.<\/p>\n<p>Beat H\u00fcppin erz\u00e4hlt auf der Grundlage von geschichtlichen Quellen und<br \/>\nZeugnissen die fiktive Geschichte der Bauernfamilie Dobler, deren Mitglieder<br \/>\nganz unterschiedlich auf die drohende Umsiedlung reagieren. H\u00fcppin verfolgt<br \/>\nderen Geschicke bis \u00fcber den Zweiten Weltkrieg hinaus. So ergibt sich ein<br \/>\nvielschichtiges Bild einer Gesellschaft und einer Familie im Wandel, eine<br \/>\nGeschichte \u00fcber Heimat und Fremde und letztlich \u00fcber Leben und Tod.<\/p>","protected":false},"excerpt":{"rendered":"<p>Innerthal im Jahre 1917: Vater Dobler bringt eines Abends die Nachricht nach Hause, dass es mit der Mauer nun doch ernst werden soll. Die Staumauer, \u00fcber die zwanzig Jahre lang diskutiert wurde und an deren Bau niemand mehr ernsthaft geglaubt hat, wird tats\u00e4chlich gebaut. Im beschaulichen, etwas abgelegenen Voralpental entsteht die damals gr\u00f6sste Gewichtsstaumauer der [&#8230;]\n","protected":false},"featured_media":40876,"template":"","meta":[],"product_brand":[],"product_cat":[21629],"product_tag":[],"class_list":{"0":"post-153741","1":"product","2":"type-product","3":"status-publish","4":"has-post-thumbnail","6":"product_cat-belletristik","7":"pa_autor-hueppin","8":"pa_erscheinungsjahr-21571","9":"pa_region-schweiz","10":"pa_sprache-de","12":"first","13":"instock","14":"taxable","15":"shipping-taxable","16":"purchasable","17":"product-type-simple"},"_links":{"self":[{"href":"https:\/\/pizbube.ch\/en\/wp-json\/wp\/v2\/product\/153741","targetHints":{"allow":["GET"]}}],"collection":[{"href":"https:\/\/pizbube.ch\/en\/wp-json\/wp\/v2\/product"}],"about":[{"href":"https:\/\/pizbube.ch\/en\/wp-json\/wp\/v2\/types\/product"}],"wp:featuredmedia":[{"embeddable":true,"href":"https:\/\/pizbube.ch\/en\/wp-json\/wp\/v2\/media\/40876"}],"wp:attachment":[{"href":"https:\/\/pizbube.ch\/en\/wp-json\/wp\/v2\/media?parent=153741"}],"wp:term":[{"taxonomy":"product_brand","embeddable":true,"href":"https:\/\/pizbube.ch\/en\/wp-json\/wp\/v2\/product_brand?post=153741"},{"taxonomy":"product_cat","embeddable":true,"href":"https:\/\/pizbube.ch\/en\/wp-json\/wp\/v2\/product_cat?post=153741"},{"taxonomy":"product_tag","embeddable":true,"href":"https:\/\/pizbube.ch\/en\/wp-json\/wp\/v2\/product_tag?post=153741"}],"curies":[{"name":"wp","href":"https:\/\/api.w.org\/{rel}","templated":true}]}}