{"id":153742,"date":"2021-01-15T12:40:03","date_gmt":"2021-01-15T12:40:03","guid":{"rendered":"https:\/\/codengine3.ch\/?product=import-placeholder-for-205608"},"modified":"2021-12-24T09:50:26","modified_gmt":"2021-12-24T08:50:26","slug":"sporternaehrung","status":"publish","type":"product","link":"https:\/\/pizbube.ch\/en\/shop\/sporternaehrung\/","title":{"rendered":"Sportern\u00e4hrung"},"content":{"rendered":"<p>Leistungsf\u00f6rderung durch vollwertige und bedarfsangepasste Ern\u00e4hrung.<\/p>\n<p>F\u00fcr Profi- und Freizeitsportler, Trainer und Sportstudenten: wissenschaftliche<br \/>\nGrundlagen und die Bedeutung der Ern\u00e4hrung f\u00fcr Leistung und Gesundheit &#8211;<br \/>\nanhand von Beispielen leicht verst\u00e4ndlich dargestellt.<\/p>\n<p>F\u00fcr Sportler geh\u00f6rt zu einem erfolgreichen Trainingsprogramm auch die richtige Ern\u00e4hrung. Zur<br \/>\nLeistungsentwicklung und f\u00fcr die optimale Regeneration nach<br \/>\nBelastungssituationen ist sie eine entscheidende Grundlage. Die Prinzipien der<br \/>\nErn\u00e4hrung, mit denen die sportliche Leistung gesteigert werden kann, sind<br \/>\neinfach. Das erforderliche Wissen vermittelt Peter Konopka in seinem Buch<br \/>\nSportern\u00e4hrung, das in der Reihe BLV Sportwissen erschienen ist. Darin stellt<br \/>\nder Autor die f\u00fcr Leistungssportler wichtigen einzelnen N\u00e4hrstoffe, ihre<br \/>\nEnergiefreisetzung und Bedeutung im Belastungsstoffwechsel vor.<\/p>\n<p>Au\u00dferdem besch\u00e4ftigt er sich mit Themen wie Vitamine, Mineralstoffe,<br \/>\nSpurenelemente und Ballaststoffe, bei denen der Fl\u00fcssigkeitshaushalt des<br \/>\nmenschlichen K\u00f6rpers und die Verdauung eine entscheidende Rolle spielen. Die<br \/>\nErn\u00e4hrungsrichtlinien beziehen sich auf sieben Sportartengruppen:<br \/>\nAusdauersportarten und Ausdauersportarten mit hohem Krafteinsatz, Kampf- ,<br \/>\nSpiel- und Schnellkraftsportarten, Kraftsportarten oder auch auf nicht<br \/>\nklassifizierbare Sportarten wie Bogenschie\u00dfen, Golfen, Reiten etc.<\/p>\n<p>Der Sportler erf\u00e4hrt pr\u00e4zise, wie er sich in der Trainingspraxis optimal ern\u00e4hrt:<br \/>\nIm t\u00e4glichen Training, in der Vorwettkampfphase, am Wettkampftag und in der<br \/>\nZeit nach dem Wettkampf. \u00dcbersichtliche Tabellen bieten einen schnellen<br \/>\n\u00dcberblick \u00fcber die angepasste Ern\u00e4hrung in den einzelnen Sportarten. So zeigt<br \/>\nPeter Konopka in seinem Buch Sportern\u00e4hrung umfangreich sowie anschaulich die<br \/>\nGrundlagen der Ern\u00e4hrung im Sport &#8211; einpr\u00e4gsam und direkt umsetzbar.<\/p>\n<p>Zahlr. s\/w. Fotos, Tab.,<br \/>\n18. Auflage; Abb.. 192 S.<\/p>","protected":false},"excerpt":{"rendered":"<p>Leistungsf\u00f6rderung durch vollwertige und bedarfsangepasste Ern\u00e4hrung. F\u00fcr Profi- und Freizeitsportler, Trainer und Sportstudenten: wissenschaftliche Grundlagen und die Bedeutung der Ern\u00e4hrung f\u00fcr Leistung und Gesundheit &#8211; anhand von Beispielen leicht verst\u00e4ndlich dargestellt. F\u00fcr Sportler geh\u00f6rt zu einem erfolgreichen Trainingsprogramm auch die richtige Ern\u00e4hrung. Zur Leistungsentwicklung und f\u00fcr die optimale Regeneration nach Belastungssituationen ist sie eine entscheidende [&#8230;]\n","protected":false},"featured_media":160185,"template":"","meta":[],"product_brand":[],"product_cat":[21538],"product_tag":[],"class_list":{"0":"post-153742","1":"product","2":"type-product","3":"status-publish","4":"has-post-thumbnail","6":"product_cat-lehrbuecher","7":"pa_autor-konopka","8":"pa_erscheinungsjahr-21586","9":"pa_region-orientierung-wetter-ausbildung","10":"pa_sprache-de","12":"first","13":"instock","14":"taxable","15":"shipping-taxable","16":"purchasable","17":"product-type-simple"},"_links":{"self":[{"href":"https:\/\/pizbube.ch\/en\/wp-json\/wp\/v2\/product\/153742","targetHints":{"allow":["GET"]}}],"collection":[{"href":"https:\/\/pizbube.ch\/en\/wp-json\/wp\/v2\/product"}],"about":[{"href":"https:\/\/pizbube.ch\/en\/wp-json\/wp\/v2\/types\/product"}],"wp:featuredmedia":[{"embeddable":true,"href":"https:\/\/pizbube.ch\/en\/wp-json\/wp\/v2\/media\/160185"}],"wp:attachment":[{"href":"https:\/\/pizbube.ch\/en\/wp-json\/wp\/v2\/media?parent=153742"}],"wp:term":[{"taxonomy":"product_brand","embeddable":true,"href":"https:\/\/pizbube.ch\/en\/wp-json\/wp\/v2\/product_brand?post=153742"},{"taxonomy":"product_cat","embeddable":true,"href":"https:\/\/pizbube.ch\/en\/wp-json\/wp\/v2\/product_cat?post=153742"},{"taxonomy":"product_tag","embeddable":true,"href":"https:\/\/pizbube.ch\/en\/wp-json\/wp\/v2\/product_tag?post=153742"}],"curies":[{"name":"wp","href":"https:\/\/api.w.org\/{rel}","templated":true}]}}