{"id":153744,"date":"2021-01-15T12:40:04","date_gmt":"2021-01-15T12:40:04","guid":{"rendered":"https:\/\/codengine3.ch\/?product=import-placeholder-for-202880"},"modified":"2021-01-15T12:40:08","modified_gmt":"2021-01-15T12:40:08","slug":"mittelbuenden-map-bike-explorer","status":"publish","type":"product","link":"https:\/\/pizbube.ch\/en\/shop\/mittelbuenden-map-bike-explorer\/","title":{"rendered":"Mittelb\u00fcnden Map Bike- Explorer"},"content":{"rendered":"<p>Auf der wasser- und reissfesten Karte im Massstab 1:80&#8217;000 befinden sich mit<br \/>\nrot eingezeichnet die sch\u00f6nsten Bikerouten Mittelb\u00fcndens. Die Karte enth\u00e4lt<br \/>\ndie Gebiete Churer Rheintal, Pr\u00e4ttigau, Davos, Arosa, Lenzerheide, Albulatal<br \/>\nund Domleschg.<br \/>\n1250 km eingezeichnete Bikewege. Alle Abzweigungen sind zur vereinfachten<br \/>\nNavigation mit der jeweiligen H\u00f6henangaben versehen. Zus\u00e4tzlich befindet sich<br \/>\nein Tourenguide und weitere Informationen auf der R\u00fcckseite.  <\/p>","protected":false},"excerpt":{"rendered":"<p>Auf der wasser- und reissfesten Karte im Massstab 1:80&#8217;000 befinden sich mit rot eingezeichnet die sch\u00f6nsten Bikerouten Mittelb\u00fcndens. Die Karte enth\u00e4lt die Gebiete Churer Rheintal, Pr\u00e4ttigau, Davos, Arosa, Lenzerheide, Albulatal und Domleschg. 1250 km eingezeichnete Bikewege. Alle Abzweigungen sind zur vereinfachten Navigation mit der jeweiligen H\u00f6henangaben versehen. Zus\u00e4tzlich befindet sich ein Tourenguide und weitere Informationen [&#8230;]\n","protected":false},"featured_media":30350,"template":"","meta":[],"product_brand":[],"product_cat":[21606],"product_tag":[],"class_list":{"0":"post-153744","1":"product","2":"type-product","3":"status-publish","4":"has-post-thumbnail","6":"product_cat-mountainbikefuehrer","7":"pa_autor-schierle","8":"pa_erscheinungsjahr-22242","9":"pa_region-schweiz","10":"pa_sprache-de","12":"first","13":"instock","14":"taxable","15":"shipping-taxable","16":"purchasable","17":"product-type-simple"},"_links":{"self":[{"href":"https:\/\/pizbube.ch\/en\/wp-json\/wp\/v2\/product\/153744","targetHints":{"allow":["GET"]}}],"collection":[{"href":"https:\/\/pizbube.ch\/en\/wp-json\/wp\/v2\/product"}],"about":[{"href":"https:\/\/pizbube.ch\/en\/wp-json\/wp\/v2\/types\/product"}],"wp:featuredmedia":[{"embeddable":true,"href":"https:\/\/pizbube.ch\/en\/wp-json\/wp\/v2\/media\/30350"}],"wp:attachment":[{"href":"https:\/\/pizbube.ch\/en\/wp-json\/wp\/v2\/media?parent=153744"}],"wp:term":[{"taxonomy":"product_brand","embeddable":true,"href":"https:\/\/pizbube.ch\/en\/wp-json\/wp\/v2\/product_brand?post=153744"},{"taxonomy":"product_cat","embeddable":true,"href":"https:\/\/pizbube.ch\/en\/wp-json\/wp\/v2\/product_cat?post=153744"},{"taxonomy":"product_tag","embeddable":true,"href":"https:\/\/pizbube.ch\/en\/wp-json\/wp\/v2\/product_tag?post=153744"}],"curies":[{"name":"wp","href":"https:\/\/api.w.org\/{rel}","templated":true}]}}