{"id":153745,"date":"2021-01-15T12:40:04","date_gmt":"2021-01-15T12:40:04","guid":{"rendered":"https:\/\/codengine3.ch\/?product=import-placeholder-for-206400"},"modified":"2021-01-15T14:48:40","modified_gmt":"2021-01-15T14:48:40","slug":"anekdoten-vom-berg","status":"publish","type":"product","link":"https:\/\/pizbube.ch\/en\/shop\/anekdoten-vom-berg\/","title":{"rendered":"Anekdoten vom Berg"},"content":{"rendered":"<p>Der Autor schildert in seinem neuen Werk einmal keine Schauergeschichten wie<br \/>\nin seinen drei Erfolgsb\u00e4nden &#171;Sicherheit und Risiko in Fels und Eis&#187;,<br \/>\nsondern am\u00fcsante Anekdoten. Dem Leser l\u00e4uft nicht (!) eine G\u00e4nsehaut nach der<br \/>\nanderen \u00fcber den R\u00fccken, daf\u00fcr darf lauthals gelacht werden. Schubert wei\u00df<br \/>\nwieder einmal, den Leser auf ungemein spannende Art zu fesseln. Dies mit<br \/>\nStorys, die zum Schmunzeln Anlass bieten und nicht selten auch die Lachmuskeln<br \/>\nrichtiggehend strapazieren, sowie mit Anekdoten, die einen Ausgang nehmen, den<br \/>\nder Leser weder erwartet, noch ahnt.<br \/>\nEs sind Anekdoten, die sich \u00fcber die gesamte Bandbreite des Alpinismus<br \/>\nerstrecken, vom Bergsteigen \u00fcber das Klettern in Fels und Eis bis hin zum<br \/>\nSkifahren, dies in den Alpen wie in au\u00dfereurop\u00e4ischen Gebirgen. Es sind<br \/>\nAnekdoten, wie man sie sich nicht einmal im Traum einfallen lassen k\u00f6nnte, wie<br \/>\nsie nur das Leben hervorbringen kann. Die Zeitspanne von der Erstersteigung<br \/>\ndes Matterhorns (1865) bis in die heutige Zeit mit ihren alpinistischen<br \/>\nH\u00f6chstleitungen wird behandelt. Dabei kommt auch so manches Historische<br \/>\nzutage, was sonst in Vergessenheit geraten w\u00fcrde. Da der Autor auch selbst so<br \/>\nmanches Anekdotenhafte aus seinem Leben beizutragen wei\u00df, erh\u00e4lt dieses Buch<br \/>\nauch einen autobiographischen Touch.<br \/>\nDas Buch endet mit einem Glossar, das alle wichtigen, mit der Alpinistik in<br \/>\nVerbindung stehende Begriffe enth\u00e4lt, deren Erl\u00e4uterung die Lachmuskeln<br \/>\nabermals strapaziert. Alles und alle werden auf den Arm genommen, nicht selten<br \/>\nrichtiggehend durch den Kakao gezogen. Der Autor l\u00e4sst nichts und niemanden<br \/>\naus, den hochoffiziellen Alpenverein nicht, die Sportkletterer und auch sich<br \/>\nselbst nicht.<br \/>\nKarikaturen von Georg Sojer und Sepp Lassmann tragen das ihre zu einem<br \/>\nunterhaltsamen, erheiternden Kompendium des Alpinismus bei.  <\/p>","protected":false},"excerpt":{"rendered":"<p>Der Autor schildert in seinem neuen Werk einmal keine Schauergeschichten wie in seinen drei Erfolgsb\u00e4nden &#171;Sicherheit und Risiko in Fels und Eis&#187;, sondern am\u00fcsante Anekdoten. Dem Leser l\u00e4uft nicht (!) eine G\u00e4nsehaut nach der anderen \u00fcber den R\u00fccken, daf\u00fcr darf lauthals gelacht werden. Schubert wei\u00df wieder einmal, den Leser auf ungemein spannende Art zu fesseln. [&#8230;]\n","protected":false},"featured_media":35423,"template":"","meta":[],"product_brand":[],"product_cat":[21629],"product_tag":[],"class_list":{"0":"post-153745","1":"product","2":"type-product","3":"status-publish","4":"has-post-thumbnail","6":"product_cat-belletristik","7":"pa_autor-schubert","8":"pa_erscheinungsjahr-21610","9":"pa_region-deutschland","10":"pa_sprache-de","12":"first","13":"outofstock","14":"taxable","15":"shipping-taxable","16":"purchasable","17":"product-type-simple"},"_links":{"self":[{"href":"https:\/\/pizbube.ch\/en\/wp-json\/wp\/v2\/product\/153745","targetHints":{"allow":["GET"]}}],"collection":[{"href":"https:\/\/pizbube.ch\/en\/wp-json\/wp\/v2\/product"}],"about":[{"href":"https:\/\/pizbube.ch\/en\/wp-json\/wp\/v2\/types\/product"}],"wp:featuredmedia":[{"embeddable":true,"href":"https:\/\/pizbube.ch\/en\/wp-json\/wp\/v2\/media\/35423"}],"wp:attachment":[{"href":"https:\/\/pizbube.ch\/en\/wp-json\/wp\/v2\/media?parent=153745"}],"wp:term":[{"taxonomy":"product_brand","embeddable":true,"href":"https:\/\/pizbube.ch\/en\/wp-json\/wp\/v2\/product_brand?post=153745"},{"taxonomy":"product_cat","embeddable":true,"href":"https:\/\/pizbube.ch\/en\/wp-json\/wp\/v2\/product_cat?post=153745"},{"taxonomy":"product_tag","embeddable":true,"href":"https:\/\/pizbube.ch\/en\/wp-json\/wp\/v2\/product_tag?post=153745"}],"curies":[{"name":"wp","href":"https:\/\/api.w.org\/{rel}","templated":true}]}}