{"id":153746,"date":"2021-01-15T12:40:04","date_gmt":"2021-01-15T12:40:04","guid":{"rendered":"https:\/\/codengine3.ch\/?product=import-placeholder-for-206758"},"modified":"2021-01-15T14:51:39","modified_gmt":"2021-01-15T14:51:39","slug":"ein-stueck-vom-himmel","status":"publish","type":"product","link":"https:\/\/pizbube.ch\/en\/shop\/ein-stueck-vom-himmel\/","title":{"rendered":"Ein St\u00fcck vom Himmel"},"content":{"rendered":"<p>Als das Bergsteigen noch wild und gef\u00e4hrlich war. Klettergeschichten<\/p>\n<p>Der alpine Karl May so wurde der bekannte Wiener Bergsteiger und<br \/>\nSchriftsteller Karl Lukan oft genannt. Seine Abenteuer sind allerdings wahre<br \/>\nGeschichten. Sie erz\u00e4hlen von einer Zeit, als das Klettern noch als wild und<br \/>\ngef\u00e4hrlich galt. In der damals noch \u00fcberschaubaren Bergsteigerszene kannte<br \/>\nbald jeder den Charly: ein humorvoller, geistreicher Vogel, der am Wiener<br \/>\nStephansturm bis zum Turmkreuz hochkletterte, barfu\u00df am M\u00e4uerl zwischen<br \/>\nKobenzl und Kahlenberg entlang kraxelte, als man das Wort Bouldern noch gar<br \/>\nnicht kannte, und mit bekannten Seilpartnern wie Hans Schwanda, Hubert<br \/>\nPeterka, Hermann Buhl oder Heinrich Harrer bald nach 1945 viele der damals<br \/>\nschwierigsten Felsw\u00e4nde der Alpen durchstieg.<br \/>\nEin St\u00fcck vom Himmel war ihm das Klettern sein ganzes langes, erlebnis- und<br \/>\nbegegnungsreiches Leben lang.<br \/>\nUnd davon erz\u00e4hlt der Charly so unnachahmlich und unverwechselbar wie immer<br \/>\nauch in diesem Buch: eine unterhaltsame Sammlung von mit augenzwinkernder<br \/>\nSelbstironie, Sinn f\u00fcr Situationskomik und Wiener Schm\u00e4h erz\u00e4hlten<br \/>\nKlettergeschichten, in der sich eine ganze Bergsteigergeneration wieder finden<br \/>\nwird.<\/p>","protected":false},"excerpt":{"rendered":"<p>Als das Bergsteigen noch wild und gef\u00e4hrlich war. Klettergeschichten Der alpine Karl May so wurde der bekannte Wiener Bergsteiger und Schriftsteller Karl Lukan oft genannt. Seine Abenteuer sind allerdings wahre Geschichten. Sie erz\u00e4hlen von einer Zeit, als das Klettern noch als wild und gef\u00e4hrlich galt. In der damals noch \u00fcberschaubaren Bergsteigerszene kannte bald jeder den [&#8230;]\n","protected":false},"featured_media":36056,"template":"","meta":[],"product_brand":[],"product_cat":[21629],"product_tag":[],"class_list":{"0":"post-153746","1":"product","2":"type-product","3":"status-publish","4":"has-post-thumbnail","6":"product_cat-belletristik","7":"pa_autor-lukan","8":"pa_erscheinungsjahr-21568","9":"pa_region-oesterreich","10":"pa_sprache-de","12":"first","13":"instock","14":"taxable","15":"shipping-taxable","16":"purchasable","17":"product-type-simple"},"_links":{"self":[{"href":"https:\/\/pizbube.ch\/en\/wp-json\/wp\/v2\/product\/153746","targetHints":{"allow":["GET"]}}],"collection":[{"href":"https:\/\/pizbube.ch\/en\/wp-json\/wp\/v2\/product"}],"about":[{"href":"https:\/\/pizbube.ch\/en\/wp-json\/wp\/v2\/types\/product"}],"wp:featuredmedia":[{"embeddable":true,"href":"https:\/\/pizbube.ch\/en\/wp-json\/wp\/v2\/media\/36056"}],"wp:attachment":[{"href":"https:\/\/pizbube.ch\/en\/wp-json\/wp\/v2\/media?parent=153746"}],"wp:term":[{"taxonomy":"product_brand","embeddable":true,"href":"https:\/\/pizbube.ch\/en\/wp-json\/wp\/v2\/product_brand?post=153746"},{"taxonomy":"product_cat","embeddable":true,"href":"https:\/\/pizbube.ch\/en\/wp-json\/wp\/v2\/product_cat?post=153746"},{"taxonomy":"product_tag","embeddable":true,"href":"https:\/\/pizbube.ch\/en\/wp-json\/wp\/v2\/product_tag?post=153746"}],"curies":[{"name":"wp","href":"https:\/\/api.w.org\/{rel}","templated":true}]}}