{"id":153747,"date":"2021-01-15T12:40:04","date_gmt":"2021-01-15T12:40:04","guid":{"rendered":"https:\/\/codengine3.ch\/?product=import-placeholder-for-207454"},"modified":"2021-01-15T16:03:25","modified_gmt":"2021-01-15T16:03:25","slug":"berggluehen","status":"publish","type":"product","link":"https:\/\/pizbube.ch\/en\/shop\/berggluehen\/","title":{"rendered":"Berggl\u00fchen"},"content":{"rendered":"<p>Am 26. April 1336 bestieg Francesco Petrarca in S\u00fcdfrankreich den Mont<br \/>\nVentoux. Nichts Au\u00dfergew\u00f6hnliches? Doch. Es war das erste Mal, dass<br \/>\njemand aus blo\u00dfer Neugierde einen Berg bestieg, nur um die Aussicht zu<br \/>\ngenie\u00dfen, und dar\u00fcber schrieb. Es war die literarische Erstbesteigung<br \/>\neines Gipfels. Seitdem hat die imposante Bergwelt mit ihren steilen<br \/>\nKl\u00fcften, tosenden Wasserf\u00e4llen, bl\u00fchenden Wiesen, dem meterhohen Schnee<br \/>\nund der d\u00fcnnen Luft schon so manches Mal die Kulisse f\u00fcr spannende<br \/>\nGeschichten gebildet.<br \/>\nDer Berg ruft \u2013 Schriftsteller schreiben dar\u00fcber, und wir folgen ihnen.<br \/>\n\u203aBerggl\u00fchen\u2039 versammelt die sch\u00f6nsten Geschichten aus vielen<br \/>\nJahrhunderten, von Petrarca, Johann Wolfgang Goethe, Heinrich Heine,<br \/>\nMarcel Proust \u00fcber Thomas Mann, Kurt Tucholsky, Hermann Hesse bis zu<br \/>\nIngrid Noll oder Tim Krohn.<\/p>","protected":false},"excerpt":{"rendered":"<p>Am 26. April 1336 bestieg Francesco Petrarca in S\u00fcdfrankreich den Mont Ventoux. Nichts Au\u00dfergew\u00f6hnliches? Doch. Es war das erste Mal, dass jemand aus blo\u00dfer Neugierde einen Berg bestieg, nur um die Aussicht zu genie\u00dfen, und dar\u00fcber schrieb. Es war die literarische Erstbesteigung eines Gipfels. Seitdem hat die imposante Bergwelt mit ihren steilen Kl\u00fcften, tosenden Wasserf\u00e4llen, [&#8230;]\n","protected":false},"featured_media":37509,"template":"","meta":[],"product_brand":[],"product_cat":[21629],"product_tag":[],"class_list":{"0":"post-153747","1":"product","2":"type-product","3":"status-publish","4":"has-post-thumbnail","6":"product_cat-belletristik","7":"pa_autor-kampa-herausgeber","8":"pa_erscheinungsjahr-21621","9":"pa_region-schweiz","10":"pa_sprache-de","12":"first","13":"outofstock","14":"taxable","15":"shipping-taxable","16":"purchasable","17":"product-type-simple"},"_links":{"self":[{"href":"https:\/\/pizbube.ch\/en\/wp-json\/wp\/v2\/product\/153747","targetHints":{"allow":["GET"]}}],"collection":[{"href":"https:\/\/pizbube.ch\/en\/wp-json\/wp\/v2\/product"}],"about":[{"href":"https:\/\/pizbube.ch\/en\/wp-json\/wp\/v2\/types\/product"}],"wp:featuredmedia":[{"embeddable":true,"href":"https:\/\/pizbube.ch\/en\/wp-json\/wp\/v2\/media\/37509"}],"wp:attachment":[{"href":"https:\/\/pizbube.ch\/en\/wp-json\/wp\/v2\/media?parent=153747"}],"wp:term":[{"taxonomy":"product_brand","embeddable":true,"href":"https:\/\/pizbube.ch\/en\/wp-json\/wp\/v2\/product_brand?post=153747"},{"taxonomy":"product_cat","embeddable":true,"href":"https:\/\/pizbube.ch\/en\/wp-json\/wp\/v2\/product_cat?post=153747"},{"taxonomy":"product_tag","embeddable":true,"href":"https:\/\/pizbube.ch\/en\/wp-json\/wp\/v2\/product_tag?post=153747"}],"curies":[{"name":"wp","href":"https:\/\/api.w.org\/{rel}","templated":true}]}}