{"id":153748,"date":"2021-01-15T12:40:09","date_gmt":"2021-01-15T12:40:09","guid":{"rendered":"https:\/\/codengine3.ch\/?product=import-placeholder-for-202884"},"modified":"2021-01-15T12:40:12","modified_gmt":"2021-01-15T12:40:12","slug":"les-andes-guide-dalpinisme","status":"publish","type":"product","link":"https:\/\/pizbube.ch\/en\/shop\/les-andes-guide-dalpinisme\/","title":{"rendered":"Les Andes guide d&#8217;Alpinisme"},"content":{"rendered":"<p>Destin\u00e9 aux alpinistes et aux randonneurs, ce topo reprend tous les 6000 des<br \/>\nAndes, les 5000 les plus importants et les principales montagnes de Patagonie.<br \/>\nAu total, plus de 350 sommets d\u00e9crits en d\u00e9tail, avec de nombreuses cartes et<br \/>\ncroquis.  <\/p>\n<p>Quel amateur de montagne n&#8217;a r\u00eav\u00e9 de d\u00e9couvrir un jour l&#8217;Am\u00e9rique du Sud par<br \/>\nses sommets &#8211;<br \/>\nVoici le premier topo d&#8217;alpinisme qui couvre l&#8217;ensemble de la cordill\u00e8re des<br \/>\nAndes, du Venezuela \u00e0 la Terre de Feu. Destin\u00e9 aux alpinistes et aux<br \/>\nrandonneurs, il reprend tous les 102 sommets de plus de 6000 m\u00e8tres des Andes,<br \/>\nles 5000 m\u00e8tres les plus importants et les principales montagnes de Patagonie.<br \/>\nAu total, plus de 350 sommets d\u00e9crits en d\u00e9tail, avec de nombreuses cartes et<br \/>\nphotos en couleur.<br \/>\nDe l&#8217;Altiplano \u00e0 l&#8217;oc\u00e9an Pacifique, du volcan le plus facile \u00e0 la paroi la<br \/>\nplus prestigieuse, vous trouverez avec ce guide le sommet de vos r\u00eaves pour<br \/>\npr\u00e9parer et r\u00e9aliser un voyage inoubliable!  <\/p>\n<p>2\u00e8me \u00e9dition mise \u00e0 jour; 350 photos couleur dont 160 avec itin\u00e9raires; 84<br \/>\ncartes  <\/p>","protected":false},"excerpt":{"rendered":"<p>Destin\u00e9 aux alpinistes et aux randonneurs, ce topo reprend tous les 6000 des Andes, les 5000 les plus importants et les principales montagnes de Patagonie. Au total, plus de 350 sommets d\u00e9crits en d\u00e9tail, avec de nombreuses cartes et croquis. Quel amateur de montagne n&#8217;a r\u00eav\u00e9 de d\u00e9couvrir un jour l&#8217;Am\u00e9rique du Sud par ses [&#8230;]\n","protected":false},"featured_media":30355,"template":"","meta":[],"product_brand":[],"product_cat":[21544],"product_tag":[],"class_list":{"0":"post-153748","1":"product","2":"type-product","3":"status-publish","4":"has-post-thumbnail","6":"product_cat-fuehrerliteratur-alpin-sommer","7":"pa_autor-biggar","8":"pa_erscheinungsjahr-21842","9":"pa_region-amerika-sued","10":"pa_sprache-fr","12":"first","13":"outofstock","14":"taxable","15":"shipping-taxable","16":"purchasable","17":"product-type-simple"},"_links":{"self":[{"href":"https:\/\/pizbube.ch\/en\/wp-json\/wp\/v2\/product\/153748","targetHints":{"allow":["GET"]}}],"collection":[{"href":"https:\/\/pizbube.ch\/en\/wp-json\/wp\/v2\/product"}],"about":[{"href":"https:\/\/pizbube.ch\/en\/wp-json\/wp\/v2\/types\/product"}],"wp:featuredmedia":[{"embeddable":true,"href":"https:\/\/pizbube.ch\/en\/wp-json\/wp\/v2\/media\/30355"}],"wp:attachment":[{"href":"https:\/\/pizbube.ch\/en\/wp-json\/wp\/v2\/media?parent=153748"}],"wp:term":[{"taxonomy":"product_brand","embeddable":true,"href":"https:\/\/pizbube.ch\/en\/wp-json\/wp\/v2\/product_brand?post=153748"},{"taxonomy":"product_cat","embeddable":true,"href":"https:\/\/pizbube.ch\/en\/wp-json\/wp\/v2\/product_cat?post=153748"},{"taxonomy":"product_tag","embeddable":true,"href":"https:\/\/pizbube.ch\/en\/wp-json\/wp\/v2\/product_tag?post=153748"}],"curies":[{"name":"wp","href":"https:\/\/api.w.org\/{rel}","templated":true}]}}