{"id":153750,"date":"2021-01-15T12:40:10","date_gmt":"2021-01-15T12:40:10","guid":{"rendered":"https:\/\/codengine3.ch\/?product=import-placeholder-for-202887"},"modified":"2021-01-15T12:40:13","modified_gmt":"2021-01-15T12:40:13","slug":"oesterreichische-karte-1-200000","status":"publish","type":"product","link":"https:\/\/pizbube.ch\/en\/shop\/oesterreichische-karte-1-200000\/","title":{"rendered":"\u00d6sterreichische Karte 1: 200&#8217;000"},"content":{"rendered":"<p>Fl\u00e4chendeckende Landkarten \u00d6sterreichs vom Bundesamt f. Vermessungswesen<br \/>\n(Bitte Blattname angeben; siehe Blattschnitt untenstehendes PDF!)<\/p>","protected":false},"excerpt":{"rendered":"<ul>\n<li><a href=\"https:\/\/pizbube.ch\/wp-content\/uploads\/attachments\/a_028\/BE5A185ABD70B822281008ACF21C98A2.pdf\" target=\"_blank\" rel=\"noopener\">PDF: Blattschnitt_\u00d6sterreich-200&#8217;000<\/a><\/li>\n<\/ul>","protected":false},"featured_media":39200,"template":"","meta":[],"product_brand":[],"product_cat":[21543],"product_tag":[],"class_list":{"0":"post-153750","1":"product","2":"type-product","3":"status-publish","4":"has-post-thumbnail","6":"product_cat-landkarten","7":"pa_autor-bev","8":"pa_erscheinungsjahr-21571","9":"pa_region-oesterreich","10":"pa_sprache-de","12":"first","13":"outofstock","14":"taxable","15":"shipping-taxable","16":"purchasable","17":"product-type-simple"},"_links":{"self":[{"href":"https:\/\/pizbube.ch\/en\/wp-json\/wp\/v2\/product\/153750","targetHints":{"allow":["GET"]}}],"collection":[{"href":"https:\/\/pizbube.ch\/en\/wp-json\/wp\/v2\/product"}],"about":[{"href":"https:\/\/pizbube.ch\/en\/wp-json\/wp\/v2\/types\/product"}],"wp:featuredmedia":[{"embeddable":true,"href":"https:\/\/pizbube.ch\/en\/wp-json\/wp\/v2\/media\/39200"}],"wp:attachment":[{"href":"https:\/\/pizbube.ch\/en\/wp-json\/wp\/v2\/media?parent=153750"}],"wp:term":[{"taxonomy":"product_brand","embeddable":true,"href":"https:\/\/pizbube.ch\/en\/wp-json\/wp\/v2\/product_brand?post=153750"},{"taxonomy":"product_cat","embeddable":true,"href":"https:\/\/pizbube.ch\/en\/wp-json\/wp\/v2\/product_cat?post=153750"},{"taxonomy":"product_tag","embeddable":true,"href":"https:\/\/pizbube.ch\/en\/wp-json\/wp\/v2\/product_tag?post=153750"}],"curies":[{"name":"wp","href":"https:\/\/api.w.org\/{rel}","templated":true}]}}