{"id":153751,"date":"2021-01-15T12:40:10","date_gmt":"2021-01-15T12:40:10","guid":{"rendered":"https:\/\/codengine3.ch\/?product=import-placeholder-for-204372"},"modified":"2021-01-15T14:32:31","modified_gmt":"2021-01-15T14:32:31","slug":"marmorera","status":"publish","type":"product","link":"https:\/\/pizbube.ch\/en\/shop\/marmorera\/","title":{"rendered":"Marmorera"},"content":{"rendered":"<p>Im Marmorera-Stausee in den B\u00fcndner Bergen wird eine geheimnisvolle junge Frau<br \/>\nohne Identit\u00e4t und Sprache gefunden. Ihr junger Z\u00fcrcher Psychiater Simon<br \/>\nCavegn ahnt bald, dass ihn diese Patientin, Julia nennt er sie, nicht nur um<br \/>\nden Verstand bringen wird. Denn als sich in der Gegend von Marmorera bizarre<br \/>\nTodesf\u00e4lle h\u00e4ufen, sieht Simon immer deutlichere Zusammenh\u00e4nge zwischen diesen<br \/>\n`Unf\u00e4llen`, seiner Patientin und dem 1954 gefluteten Bergdorf am Grund des<br \/>\nStausees.<br \/>\nIst Julia wirklich gef\u00e4hrlich oder bildet sich dies der frisch verheiratete<br \/>\nSimon nur ein? Ist sie lediglich ein interessantes Beispiel einer<br \/>\naussergew\u00f6hnlichen Psyche oder tats\u00e4chlich ein Fluch aus einer vergangenen<br \/>\nZeit, den die Bewohner von Marmorera sorgsam zu verbergen suchen? F\u00fcr Simons<br \/>\nFrau Paula wird Julia jedenfalls schon bald zur gef\u00e4hrlichen Nebenbuhlerin,<br \/>\nobwohl die ungew\u00f6hnliche Patientin stets brav und bescheiden bleibt &#8211; solange<br \/>\nman ihr die Badewanne l\u00e4sst &#8230;<br \/>\nIm Marmorera-Stausee treffen sich Mythos und Realit\u00e4t. Mancher munkelt noch<br \/>\nheute, dass bei tiefem Pegelstand die Spitze des Kirchturms aus dem Wasser<br \/>\nrage. Und an der Fassade eines Hauses im neuen Marmorera erinnert das Wort<br \/>\n`Resistenza` daran, dass nicht alle damit einverstanden waren, ihr Dorf und<br \/>\nihr Land den Z\u00fcrchern zu verkaufen &#8230;<\/p>","protected":false},"excerpt":{"rendered":"<p>Im Marmorera-Stausee in den B\u00fcndner Bergen wird eine geheimnisvolle junge Frau ohne Identit\u00e4t und Sprache gefunden. Ihr junger Z\u00fcrcher Psychiater Simon Cavegn ahnt bald, dass ihn diese Patientin, Julia nennt er sie, nicht nur um den Verstand bringen wird. Denn als sich in der Gegend von Marmorera bizarre Todesf\u00e4lle h\u00e4ufen, sieht Simon immer deutlichere Zusammenh\u00e4nge [&#8230;]\n","protected":false},"featured_media":32223,"template":"","meta":[],"product_brand":[],"product_cat":[21629],"product_tag":[],"class_list":{"0":"post-153751","1":"product","2":"type-product","3":"status-publish","4":"has-post-thumbnail","6":"product_cat-belletristik","7":"pa_autor-bernet","8":"pa_erscheinungsjahr-21763","9":"pa_region-schweiz","10":"pa_sprache-de","12":"first","13":"instock","14":"taxable","15":"shipping-taxable","16":"purchasable","17":"product-type-simple"},"_links":{"self":[{"href":"https:\/\/pizbube.ch\/en\/wp-json\/wp\/v2\/product\/153751","targetHints":{"allow":["GET"]}}],"collection":[{"href":"https:\/\/pizbube.ch\/en\/wp-json\/wp\/v2\/product"}],"about":[{"href":"https:\/\/pizbube.ch\/en\/wp-json\/wp\/v2\/types\/product"}],"wp:featuredmedia":[{"embeddable":true,"href":"https:\/\/pizbube.ch\/en\/wp-json\/wp\/v2\/media\/32223"}],"wp:attachment":[{"href":"https:\/\/pizbube.ch\/en\/wp-json\/wp\/v2\/media?parent=153751"}],"wp:term":[{"taxonomy":"product_brand","embeddable":true,"href":"https:\/\/pizbube.ch\/en\/wp-json\/wp\/v2\/product_brand?post=153751"},{"taxonomy":"product_cat","embeddable":true,"href":"https:\/\/pizbube.ch\/en\/wp-json\/wp\/v2\/product_cat?post=153751"},{"taxonomy":"product_tag","embeddable":true,"href":"https:\/\/pizbube.ch\/en\/wp-json\/wp\/v2\/product_tag?post=153751"}],"curies":[{"name":"wp","href":"https:\/\/api.w.org\/{rel}","templated":true}]}}