{"id":153758,"date":"2021-01-15T12:40:17","date_gmt":"2021-01-15T12:40:17","guid":{"rendered":"https:\/\/codengine3.ch\/?product=import-placeholder-for-202899"},"modified":"2021-01-15T12:40:19","modified_gmt":"2021-01-15T12:40:19","slug":"singletrail-map-105-zuerich-150000","status":"publish","type":"product","link":"https:\/\/pizbube.ch\/en\/shop\/singletrail-map-105-zuerich-150000\/","title":{"rendered":"Singletrail Map 105 Z\u00fcrich 1:50&#8217;000"},"content":{"rendered":"<p>\nDas Kartenblatt Z\u00fcrich umfasst die gesamte Region der Stadt Z\u00fcrich. Sie<br \/>\nenth\u00e4lt Singletrail-Highlights wie den Uetliberg, den Albis, den Zimmerberg,<br \/>\nden Pfannenstiel, die Forch, den Altberg oder die L\u00e4geren<\/p>\n<p>Zusammenfassung:<br \/>\nDas detailliert aufbereitete Routennetz f\u00fcr Mountainbiker ist eingeteilt in<br \/>\nvier Schwierigkeitsgrade (einfach; mittel; schwierig; extrem), zudem ist die<br \/>\nWegbeschaffenheit erkennbar (Singletrail, Kiesweg, Asphaltstrasse). Damit sind<br \/>\ndie Karten f\u00fcr Anf\u00e4nger wie auch f\u00fcr versierte Freerider geeignet. Alle<br \/>\nSingletrail Maps sind auf ein reiss- und wasserfestes Spezialpapier gedruckt<br \/>\nund basieren auf dem Kartenmassstab 1:50&#8217;000.<\/p>\n<p>Auf der R\u00fcckseite sind die jeweils zehn attraktivsten Routen der Region<br \/>\nausf\u00fchrlich beschrieben. Abdeckung: Z\u00fcrich, Wettingen, Affoltern am Albis,<br \/>\nMettmenstetten, Langnau am Albis, Baar, Hirzel, Richterswil, St\u00e4fa, Meilen,<br \/>\nHorgen, Uster, D\u00fcbendorf, Kloten, B\u00fclach, Dielsdorf Inhalt: Routennetz f\u00fcr<br \/>\nMountainbiker, Bikeshops, Bahnh\u00f6fe, Spit\u00e4ler, Highlights Routenbeschriebe:<br \/>\nSihltal-Umrundung, Reppischtal, Pfannenstiel, Many Hill Show, Forch, L\u00e4gern,<br \/>\nAltberg, Flughafen-Umrundung, Limmattal, Reppischhof<\/p>","protected":false},"excerpt":{"rendered":"<p>Das Kartenblatt Z\u00fcrich umfasst die gesamte Region der Stadt Z\u00fcrich. Sie enth\u00e4lt Singletrail-Highlights wie den Uetliberg, den Albis, den Zimmerberg, den Pfannenstiel, die Forch, den Altberg oder die L\u00e4geren Zusammenfassung: Das detailliert aufbereitete Routennetz f\u00fcr Mountainbiker ist eingeteilt in vier Schwierigkeitsgrade (einfach; mittel; schwierig; extrem), zudem ist die Wegbeschaffenheit erkennbar (Singletrail, Kiesweg, Asphaltstrasse). Damit sind [&#8230;]\n","protected":false},"featured_media":37081,"template":"","meta":[],"product_brand":[],"product_cat":[21543],"product_tag":[],"class_list":{"0":"post-153758","1":"product","2":"type-product","3":"status-publish","4":"has-post-thumbnail","6":"product_cat-landkarten","7":"pa_autor-ssp","8":"pa_erscheinungsjahr-21546","9":"pa_region-schweiz","10":"pa_sprache-de","12":"first","13":"instock","14":"taxable","15":"shipping-taxable","16":"purchasable","17":"product-type-simple"},"_links":{"self":[{"href":"https:\/\/pizbube.ch\/en\/wp-json\/wp\/v2\/product\/153758","targetHints":{"allow":["GET"]}}],"collection":[{"href":"https:\/\/pizbube.ch\/en\/wp-json\/wp\/v2\/product"}],"about":[{"href":"https:\/\/pizbube.ch\/en\/wp-json\/wp\/v2\/types\/product"}],"wp:featuredmedia":[{"embeddable":true,"href":"https:\/\/pizbube.ch\/en\/wp-json\/wp\/v2\/media\/37081"}],"wp:attachment":[{"href":"https:\/\/pizbube.ch\/en\/wp-json\/wp\/v2\/media?parent=153758"}],"wp:term":[{"taxonomy":"product_brand","embeddable":true,"href":"https:\/\/pizbube.ch\/en\/wp-json\/wp\/v2\/product_brand?post=153758"},{"taxonomy":"product_cat","embeddable":true,"href":"https:\/\/pizbube.ch\/en\/wp-json\/wp\/v2\/product_cat?post=153758"},{"taxonomy":"product_tag","embeddable":true,"href":"https:\/\/pizbube.ch\/en\/wp-json\/wp\/v2\/product_tag?post=153758"}],"curies":[{"name":"wp","href":"https:\/\/api.w.org\/{rel}","templated":true}]}}