{"id":153760,"date":"2021-01-15T12:40:17","date_gmt":"2021-01-15T12:40:17","guid":{"rendered":"https:\/\/codengine3.ch\/?product=import-placeholder-for-206723"},"modified":"2024-10-16T11:43:41","modified_gmt":"2024-10-16T09:43:41","slug":"singletrail-book-zuerich","status":"publish","type":"product","link":"https:\/\/pizbube.ch\/en\/shop\/singletrail-book-zuerich\/","title":{"rendered":"Ride Trail Book Z\u00fcrich"},"content":{"rendered":"<p>Die 25 besten Mountainbike-Touren im Grossraum der Stadt Z\u00fcrich &#8211; Winterthur &#8211; Glarus<br \/>\nEnglisch \/ Deutsch<\/p>\n<p>Das \u00abRide Trail Book Z\u00fcrich\u00bb enth\u00e4lt die 25 besten Mountainbike-Touren im Grossraum der Stadt Z\u00fcrich.<br \/>\nSie sind detailliert aufbereitet und mit der integrierten Karte gut nachzufahren. Ride-Abonnenten k\u00f6nnen dank dem Webcode zudem auch die passenden GPX-Tracks bezogen werden. Das gesamte Buch ist zweisprachig in Deutsch und Englisch aufgebaut.<\/p>\n<p>Zu den 25 besten Mountainbike-Touren der Region Z\u00fcrich geh\u00f6ren Klassiker wie die Many Hill Show, das Schnebelhorn, die Walensee-Tour, der Seblengrat in Braunwald, der Wildspitz oder die Tour durch das Sihltal. Von den \u00abRide Trail Books\u00bb gibt es weitere B\u00e4nde f\u00fcr diverse Regionen.<\/p>\n<p>&nbsp;<\/p>","protected":false},"excerpt":{"rendered":"<p>Die 25 besten Mountainbike-Touren im Grossraum der Stadt Z\u00fcrich &#8211; Winterthur &#8211; Glarus Englisch \/ Deutsch Das \u00abRide Trail Book Z\u00fcrich\u00bb enth\u00e4lt die 25 besten Mountainbike-Touren im Grossraum der Stadt Z\u00fcrich. Sie sind detailliert aufbereitet und mit der integrierten Karte gut nachzufahren. Ride-Abonnenten k\u00f6nnen dank dem Webcode zudem auch die passenden GPX-Tracks bezogen werden. Das [&#8230;]\n","protected":false},"featured_media":176771,"template":"","meta":[],"product_brand":[],"product_cat":[21606],"product_tag":[],"class_list":{"0":"post-153760","1":"product","2":"type-product","3":"status-publish","4":"has-post-thumbnail","6":"product_cat-mountainbikefuehrer","7":"pa_autor-giger","8":"pa_erscheinungsjahr-27129","9":"pa_region-schweiz","10":"pa_sprache-de-en","12":"first","13":"instock","14":"taxable","15":"shipping-taxable","16":"purchasable","17":"product-type-simple"},"_links":{"self":[{"href":"https:\/\/pizbube.ch\/en\/wp-json\/wp\/v2\/product\/153760","targetHints":{"allow":["GET"]}}],"collection":[{"href":"https:\/\/pizbube.ch\/en\/wp-json\/wp\/v2\/product"}],"about":[{"href":"https:\/\/pizbube.ch\/en\/wp-json\/wp\/v2\/types\/product"}],"wp:featuredmedia":[{"embeddable":true,"href":"https:\/\/pizbube.ch\/en\/wp-json\/wp\/v2\/media\/176771"}],"wp:attachment":[{"href":"https:\/\/pizbube.ch\/en\/wp-json\/wp\/v2\/media?parent=153760"}],"wp:term":[{"taxonomy":"product_brand","embeddable":true,"href":"https:\/\/pizbube.ch\/en\/wp-json\/wp\/v2\/product_brand?post=153760"},{"taxonomy":"product_cat","embeddable":true,"href":"https:\/\/pizbube.ch\/en\/wp-json\/wp\/v2\/product_cat?post=153760"},{"taxonomy":"product_tag","embeddable":true,"href":"https:\/\/pizbube.ch\/en\/wp-json\/wp\/v2\/product_tag?post=153760"}],"curies":[{"name":"wp","href":"https:\/\/api.w.org\/{rel}","templated":true}]}}