{"id":153763,"date":"2021-01-15T12:40:17","date_gmt":"2021-01-15T12:40:17","guid":{"rendered":"https:\/\/codengine3.ch\/?product=import-placeholder-for-206358"},"modified":"2023-08-18T10:31:43","modified_gmt":"2023-08-18T08:31:43","slug":"landeck-nauders-samnaungruppe-150000-blatt-42","status":"publish","type":"product","link":"https:\/\/pizbube.ch\/en\/shop\/landeck-nauders-samnaungruppe-150000-blatt-42\/","title":{"rendered":"Landeck, Nauders, Samnaungruppe; 1:50&#8217;000 (Blatt 42)"},"content":{"rendered":"<p>Wandern &#8211; Rad &#8211; Skitouren<br \/>\nWK 42 Landeck-Nauders-Samnaungruppe<\/p>\n<p><span class=\"value\">4in1 Wanderkarte, mit Aktiv Guide und Detailkarten inklusive Karte zur offline Verwendung in der KOMPASS-App. Fahrradfahren. Skitouren.<\/span><\/p>\n<p><span class=\"value\">Die 4in1 Wanderkarte ist jetzt noch \u00fcbersichtlicher und besser lesbar. Die Wanderkarten aus den Top-Wanderregionen sind mit einer zus\u00e4tzlichen Karte im Detailma\u00dfstab ausgestattet. Der Aktiv Guide informiert Sie rund um das Thema Outdoor und die kostenlose App f\u00fcr unterwegs gibt es auch noch dazu. Das bildet die perfekte Grundlage f\u00fcr die Planung einer Wandertour. Die pr\u00e4zise Kartografie zeigt alle begehbaren Wanderwege inklusive Klassifizierung. Informationen wie Schwimmb\u00e4der, Klettersteige, Kinderspielpl\u00e4tze, H\u00fctten und vieles mehr sind in der Karte ebenfalls enthalten. Dank der rei\u00df- und wetterfesten Papierqualit\u00e4t ist die Karte bei jedem Wetter ein treuer Begleiter.<\/span><\/p>","protected":false},"excerpt":{"rendered":"<p>Wandern &#8211; Rad &#8211; Skitouren WK 42 Landeck-Nauders-Samnaungruppe 4in1 Wanderkarte, mit Aktiv Guide und Detailkarten inklusive Karte zur offline Verwendung in der KOMPASS-App. Fahrradfahren. Skitouren. Die 4in1 Wanderkarte ist jetzt noch \u00fcbersichtlicher und besser lesbar. Die Wanderkarten aus den Top-Wanderregionen sind mit einer zus\u00e4tzlichen Karte im Detailma\u00dfstab ausgestattet. Der Aktiv Guide informiert Sie rund um [&#8230;]\n","protected":false},"featured_media":169116,"template":"","meta":[],"product_brand":[],"product_cat":[21543],"product_tag":[],"class_list":{"0":"post-153763","1":"product","2":"type-product","3":"status-publish","4":"has-post-thumbnail","6":"product_cat-landkarten","7":"pa_autor-kompass","8":"pa_erscheinungsjahr-27129","9":"pa_region-oesterreich","10":"pa_sprache-de","12":"first","13":"instock","14":"taxable","15":"shipping-taxable","16":"purchasable","17":"product-type-simple"},"_links":{"self":[{"href":"https:\/\/pizbube.ch\/en\/wp-json\/wp\/v2\/product\/153763","targetHints":{"allow":["GET"]}}],"collection":[{"href":"https:\/\/pizbube.ch\/en\/wp-json\/wp\/v2\/product"}],"about":[{"href":"https:\/\/pizbube.ch\/en\/wp-json\/wp\/v2\/types\/product"}],"wp:featuredmedia":[{"embeddable":true,"href":"https:\/\/pizbube.ch\/en\/wp-json\/wp\/v2\/media\/169116"}],"wp:attachment":[{"href":"https:\/\/pizbube.ch\/en\/wp-json\/wp\/v2\/media?parent=153763"}],"wp:term":[{"taxonomy":"product_brand","embeddable":true,"href":"https:\/\/pizbube.ch\/en\/wp-json\/wp\/v2\/product_brand?post=153763"},{"taxonomy":"product_cat","embeddable":true,"href":"https:\/\/pizbube.ch\/en\/wp-json\/wp\/v2\/product_cat?post=153763"},{"taxonomy":"product_tag","embeddable":true,"href":"https:\/\/pizbube.ch\/en\/wp-json\/wp\/v2\/product_tag?post=153763"}],"curies":[{"name":"wp","href":"https:\/\/api.w.org\/{rel}","templated":true}]}}