{"id":153766,"date":"2021-01-15T12:40:19","date_gmt":"2021-01-15T12:40:19","guid":{"rendered":"https:\/\/codengine3.ch\/?product=import-placeholder-for-204635"},"modified":"2024-03-04T11:42:07","modified_gmt":"2024-03-04T10:42:07","slug":"afghanistan-das-tor-nach-indien","status":"publish","type":"product","link":"https:\/\/pizbube.ch\/en\/shop\/afghanistan-das-tor-nach-indien\/","title":{"rendered":"Afghanistan &#8211; Das Tor nach Indien"},"content":{"rendered":"<p>Die wechselvolle Geschichte Afghanistans ist gepr\u00e4gt von inneren K\u00e4mpfen und<br \/>\n\u00e4u\u00dferen Versuchen der Einflussnahme. Sie war selten \u00fcber lange Zeitr\u00e4ume<br \/>\nfriedlich und zeigt auch den unglaublich starken Freiheitswillen seiner<br \/>\nBewohner. Das war im 17. Jahrhundert so und hat sich seither offensichtlich<br \/>\nwenig ver\u00e4ndert. Herbert Tichy, 1912 in Wien geborener Reiseschriftsteller,<br \/>\nJournalist und Photograph hat sich unter dem Eindruck seiner Bekanntschaft mit<br \/>\ndem Land und seinen Bewohnern, die er Mitte der 30er Jahre des 20.<br \/>\nJahrhunderts macht, mit diesen wechselvollen Ereignissen besch\u00e4ftigt und<br \/>\nerz\u00e4hlt diese Geschichte im wahrsten Sinne des Wortes \u2013 spannend, mit<br \/>\nAnteilnahme und vor allem als Erlebnisse der Menschen.<\/p>\n<p>Auch wenn Afghanistan als zusammenh\u00e4ngender Staat erst 1747 unter Ahmed Schah<br \/>\ngegr\u00fcndet wurde, war der Landstrich auch zuvor eine sehr dynamische Region:<br \/>\nBeginnend mit den gro\u00dfen V\u00f6lkerwanderungen, der Heimstadt des Zoroaster \u00fcber<br \/>\nDarius und Alexander, den Buddhismus und den Islam bis zu Dschingis Chan ist<br \/>\ndas heutige Afghanistan bedeutsam und wird in der Kolonialzeit zum<br \/>\nstrategischen Raum in den Gebietsanspr\u00fcchen der Superm\u00e4chte &#8211; damals England<br \/>\nmit seinem indischen Reich und Russland. Bemerkenswert sind Tichys Befunde,<br \/>\nwie etwa jener, dass die Afghanen \u201evielleicht die fr\u00f6mmsten und fanatischsten<br \/>\nAnh\u00e4nger Mohammeds sind, die es in Asien gibt\u201c. Ber\u00fchrend sind seine<br \/>\nSchilderungen Afghanistans abseits des Kriegs, repr\u00e4sentiert in einem kleinen<br \/>\nDorf, \u201edas in einem tief eingeschnittenen Tal dahintr\u00e4umt, &#8230; wo die Natur<br \/>\ndie kahlen Berge mit den herrlichsten Farbt\u00f6nen malt\u201c.<\/p>\n<p>Die Akteure haben sich etwas ver\u00e4ndert, die Geschichte zeigt, dass die<br \/>\ninternen und extern beeinflussten Auseinandersetzungen geblieben sind.<br \/>\nAfghanistan, heute mehr zerr\u00fcttet denn je, mit wenig Hoffnung auf einen<br \/>\nbaldigen Frieden, l\u00e4sst sich vielleicht ein wenig besser durch den Verlauf<br \/>\nverstehen, den seine Geschichte \u00fcber die Jahrhunderte genommen hat und die,<br \/>\nwie Tichy zeigt, ein beharrlicher Kampf um den Erhalt der Freiheit war.<br \/>\nTichys Abriss endet 1940. Nahostexpertin Gudrun Harrer, leitende Redakteuring<br \/>\nder Tageszeitung \u201eDer Standard\u201c, f\u00fchrt daher in einer aktuellen Analyse den<br \/>\nBogen der Entwicklung bis zum Beginn des Jahres 2010.<\/p>\n<p>Die Neuauflage m\u00f6chte einen kleinen Beitrag zum besseren Verst\u00e4ndnis der<br \/>\nderzeitigen Lage in Afghanistan aus einer anderen Perspektive leisten &#8211;<br \/>\nGeschichte auch als Erlebnisse der Menschen. Die Illustrationen von Herwig<br \/>\nZens zu ausgew\u00e4hlten Originalphotos bilden den besonderen Blickfang dieser<br \/>\nNeuauflage.<\/p>","protected":false},"excerpt":{"rendered":"<p>Die wechselvolle Geschichte Afghanistans ist gepr\u00e4gt von inneren K\u00e4mpfen und \u00e4u\u00dferen Versuchen der Einflussnahme. Sie war selten \u00fcber lange Zeitr\u00e4ume friedlich und zeigt auch den unglaublich starken Freiheitswillen seiner Bewohner. Das war im 17. Jahrhundert so und hat sich seither offensichtlich wenig ver\u00e4ndert. Herbert Tichy, 1912 in Wien geborener Reiseschriftsteller, Journalist und Photograph hat sich [&#8230;]\n","protected":false},"featured_media":171836,"template":"","meta":[],"product_brand":[],"product_cat":[21542],"product_tag":[],"class_list":{"0":"post-153766","1":"product","2":"type-product","3":"status-publish","4":"has-post-thumbnail","6":"product_cat-sachbuecher-dokumentationen","7":"pa_autor-tichy","8":"pa_erscheinungsjahr-21830","9":"pa_region-asien","10":"pa_sprache-de","12":"first","13":"onbackorder","14":"taxable","15":"shipping-taxable","16":"purchasable","17":"product-type-simple"},"_links":{"self":[{"href":"https:\/\/pizbube.ch\/en\/wp-json\/wp\/v2\/product\/153766","targetHints":{"allow":["GET"]}}],"collection":[{"href":"https:\/\/pizbube.ch\/en\/wp-json\/wp\/v2\/product"}],"about":[{"href":"https:\/\/pizbube.ch\/en\/wp-json\/wp\/v2\/types\/product"}],"wp:featuredmedia":[{"embeddable":true,"href":"https:\/\/pizbube.ch\/en\/wp-json\/wp\/v2\/media\/171836"}],"wp:attachment":[{"href":"https:\/\/pizbube.ch\/en\/wp-json\/wp\/v2\/media?parent=153766"}],"wp:term":[{"taxonomy":"product_brand","embeddable":true,"href":"https:\/\/pizbube.ch\/en\/wp-json\/wp\/v2\/product_brand?post=153766"},{"taxonomy":"product_cat","embeddable":true,"href":"https:\/\/pizbube.ch\/en\/wp-json\/wp\/v2\/product_cat?post=153766"},{"taxonomy":"product_tag","embeddable":true,"href":"https:\/\/pizbube.ch\/en\/wp-json\/wp\/v2\/product_tag?post=153766"}],"curies":[{"name":"wp","href":"https:\/\/api.w.org\/{rel}","templated":true}]}}