{"id":153770,"date":"2021-01-15T12:52:23","date_gmt":"2021-01-15T12:52:23","guid":{"rendered":"https:\/\/codengine3.ch\/?product=import-placeholder-for-202946"},"modified":"2021-01-15T12:52:42","modified_gmt":"2021-01-15T12:52:42","slug":"handbuch-zip-line","status":"publish","type":"product","link":"https:\/\/pizbube.ch\/en\/shop\/handbuch-zip-line\/","title":{"rendered":"Handbuch Zip Line"},"content":{"rendered":"<p>Zip Lines, auch genannt Flying Fox, Seilbahnen. Sind eine der attraktivsten<br \/>\nHochseil\u00fcbungen. Diese \u00dcbung erm\u00f6glicht auch ausgesprochen unsportlichen<br \/>\nMenschen ein eindrucksvolles Erlebnis.<br \/>\nAllerdings h\u00e4ufen sich gerade bei dieser \u00dcbung auch die Unf\u00e4lle. Die Ursache<br \/>\nist immer in groben Fehlern in der Konstruktion oder in den<br \/>\nSicherheitsabl\u00e4ufen zu finden.<br \/>\nIn dieser Brosch\u00fcre sind die wichtigsten Grundprinzipien an Hand von<br \/>\nBeispielen aufgezeigt.<br \/>\nWalter Siebert m\u00f6chte damit zur Hebung des allgemeinen Sicherheits- und<br \/>\nQualit\u00e4tsniveaus beitragen.  <\/p>","protected":false},"excerpt":{"rendered":"<p>Zip Lines, auch genannt Flying Fox, Seilbahnen. Sind eine der attraktivsten Hochseil\u00fcbungen. Diese \u00dcbung erm\u00f6glicht auch ausgesprochen unsportlichen Menschen ein eindrucksvolles Erlebnis. Allerdings h\u00e4ufen sich gerade bei dieser \u00dcbung auch die Unf\u00e4lle. Die Ursache ist immer in groben Fehlern in der Konstruktion oder in den Sicherheitsabl\u00e4ufen zu finden. In dieser Brosch\u00fcre sind die wichtigsten Grundprinzipien [&#8230;]\n","protected":false},"featured_media":30438,"template":"","meta":[],"product_brand":[],"product_cat":[21538],"product_tag":[],"class_list":{"0":"post-153770","1":"product","2":"type-product","3":"status-publish","4":"has-post-thumbnail","6":"product_cat-lehrbuecher","7":"pa_autor-siebert","8":"pa_erscheinungsjahr-22292","9":"pa_region-orientierung-wetter-ausbildung","10":"pa_sprache-de","12":"first","13":"instock","14":"taxable","15":"shipping-taxable","16":"purchasable","17":"product-type-simple"},"_links":{"self":[{"href":"https:\/\/pizbube.ch\/en\/wp-json\/wp\/v2\/product\/153770","targetHints":{"allow":["GET"]}}],"collection":[{"href":"https:\/\/pizbube.ch\/en\/wp-json\/wp\/v2\/product"}],"about":[{"href":"https:\/\/pizbube.ch\/en\/wp-json\/wp\/v2\/types\/product"}],"wp:featuredmedia":[{"embeddable":true,"href":"https:\/\/pizbube.ch\/en\/wp-json\/wp\/v2\/media\/30438"}],"wp:attachment":[{"href":"https:\/\/pizbube.ch\/en\/wp-json\/wp\/v2\/media?parent=153770"}],"wp:term":[{"taxonomy":"product_brand","embeddable":true,"href":"https:\/\/pizbube.ch\/en\/wp-json\/wp\/v2\/product_brand?post=153770"},{"taxonomy":"product_cat","embeddable":true,"href":"https:\/\/pizbube.ch\/en\/wp-json\/wp\/v2\/product_cat?post=153770"},{"taxonomy":"product_tag","embeddable":true,"href":"https:\/\/pizbube.ch\/en\/wp-json\/wp\/v2\/product_tag?post=153770"}],"curies":[{"name":"wp","href":"https:\/\/api.w.org\/{rel}","templated":true}]}}