{"id":153773,"date":"2021-01-15T12:52:24","date_gmt":"2021-01-15T12:52:24","guid":{"rendered":"https:\/\/codengine3.ch\/?product=import-placeholder-for-205347"},"modified":"2021-01-15T14:40:33","modified_gmt":"2021-01-15T14:40:33","slug":"hoehenflug-lenvol-dvd","status":"publish","type":"product","link":"https:\/\/pizbube.ch\/en\/shop\/hoehenflug-lenvol-dvd\/","title":{"rendered":"H\u00f6henflug &#8211; L&#8217;envol &#8211; DVD"},"content":{"rendered":"<p>Eine Expedition ans S\u00fcdliche Ende der Welt  <\/p>\n<p>Zw\u00f6lf begnadete Nachwuchsalpinistinnen und -alpinisten, f\u00fcnf Geologen der Uni<br \/>\nLausanne und vier Spitzenbergf\u00fchrer gehen ein beispielloses Wagnis in<br \/>\nPatagonien ein. Die Jugendlichen, gecoacht von den Klettergr\u00f6ssen Ralf Weber,<br \/>\nUeli Steck, Denis Burdet und David Fasel, bergen im Auftrag der Wissenschaft<br \/>\nGesteinsproben aus den bis zu 1000 Meter hohen Granitw\u00e4nden der Paine-T\u00fcrme.  <\/p>\n<p>Die Herausforderungen sind gewaltig: Bigwall-Klettern im h\u00f6chsten<br \/>\nSchwierigkeitsgrad, launisches Wetter, ein unerbittlicher Wind, der an<br \/>\nMaterial und Nerven zerrt &#8211; und ein Ernstfall, der die Gruppe auch an<br \/>\nemotionale Grenzen bringt.<br \/>\n&#8218;H\u00f6henflug&#8216; dokumentiert nicht nur ein aussergew\u00f6hnliches Unterfangen, sondern<br \/>\nzeigt hautnah, was geschieht, wenn das eintritt, was nach jedem erkletterten<br \/>\nH\u00f6henmeter geschehen kann: der Fall.<br \/>\nDVD; 52 min  <\/p>\n<p>Douze jeunes alpinistes s\u00e9lectionn\u00e9s pour leur talent, cinq g\u00e9ologues de<br \/>\nl&#8217;Universit\u00e9 de Lausanne et quatre guides de montagne de pointe s&#8217;engagent<br \/>\ndans un challenge sans pr\u00e9c\u00e9dent en Patagonie. Sous la conduite de guides<br \/>\nc\u00e9l\u00e8bres, Ralf Weber, Ueli Steck, Denis Burdet et David Fasel, ces jeunes<br \/>\nespoirs ont ramen\u00e9 des parois de granit des Paine hautes de 1000 m\u00e8tres des<br \/>\n\u00e9chantillons de roches pour les scientifiques.<br \/>\nLes d\u00e9fis sont \u00e9normes: Escalade de Bigwall en niveau maximum, m\u00e9t\u00e9orologie<br \/>\ninstable, un vent violent, qui \u00e9puisent le mat\u00e9riel et les nerfs.<br \/>\nPar ailleurs, une situation grave qui am\u00e8ne le groupe \u00e0 ses limites<br \/>\n\u00e9motionnelles.<br \/>\n&#8218;L&#8217;envol&#8216; est plus qu&#8217;un documentaire relatant une audacieuse entreprise. Il<br \/>\nnous fait revivre de pr\u00e8s ce qui peut arriver \u00e0 chaque m\u00e8tre gravi: la<br \/>\nchute. DVD; 52 min  <\/p>","protected":false},"excerpt":{"rendered":"<p>Eine Expedition ans S\u00fcdliche Ende der Welt Zw\u00f6lf begnadete Nachwuchsalpinistinnen und -alpinisten, f\u00fcnf Geologen der Uni Lausanne und vier Spitzenbergf\u00fchrer gehen ein beispielloses Wagnis in Patagonien ein. Die Jugendlichen, gecoacht von den Klettergr\u00f6ssen Ralf Weber, Ueli Steck, Denis Burdet und David Fasel, bergen im Auftrag der Wissenschaft Gesteinsproben aus den bis zu 1000 Meter hohen [&#8230;]\n","protected":false},"featured_media":34022,"template":"","meta":[],"product_brand":[],"product_cat":[21628],"product_tag":[],"class_list":{"0":"post-153773","1":"product","2":"type-product","3":"status-publish","4":"has-post-thumbnail","6":"product_cat-video-dvd-multimedia","7":"pa_autor-droux","8":"pa_erscheinungsjahr-21591","9":"pa_region-amerika-sued","10":"pa_sprache-d","11":"pa_sprache-f","13":"first","14":"instock","15":"taxable","16":"shipping-taxable","17":"purchasable","18":"product-type-simple"},"_links":{"self":[{"href":"https:\/\/pizbube.ch\/en\/wp-json\/wp\/v2\/product\/153773","targetHints":{"allow":["GET"]}}],"collection":[{"href":"https:\/\/pizbube.ch\/en\/wp-json\/wp\/v2\/product"}],"about":[{"href":"https:\/\/pizbube.ch\/en\/wp-json\/wp\/v2\/types\/product"}],"wp:featuredmedia":[{"embeddable":true,"href":"https:\/\/pizbube.ch\/en\/wp-json\/wp\/v2\/media\/34022"}],"wp:attachment":[{"href":"https:\/\/pizbube.ch\/en\/wp-json\/wp\/v2\/media?parent=153773"}],"wp:term":[{"taxonomy":"product_brand","embeddable":true,"href":"https:\/\/pizbube.ch\/en\/wp-json\/wp\/v2\/product_brand?post=153773"},{"taxonomy":"product_cat","embeddable":true,"href":"https:\/\/pizbube.ch\/en\/wp-json\/wp\/v2\/product_cat?post=153773"},{"taxonomy":"product_tag","embeddable":true,"href":"https:\/\/pizbube.ch\/en\/wp-json\/wp\/v2\/product_tag?post=153773"}],"curies":[{"name":"wp","href":"https:\/\/api.w.org\/{rel}","templated":true}]}}