{"id":153774,"date":"2021-01-15T12:52:25","date_gmt":"2021-01-15T12:52:25","guid":{"rendered":"https:\/\/codengine3.ch\/?product=import-placeholder-for-203228"},"modified":"2021-01-15T12:55:17","modified_gmt":"2021-01-15T12:55:17","slug":"bienvenue-au-savoy-bar","status":"publish","type":"product","link":"https:\/\/pizbube.ch\/en\/shop\/bienvenue-au-savoy-bar\/","title":{"rendered":"Bienvenue au Savoy Bar"},"content":{"rendered":"<p>Par l\u2019auteur du Port de la Mer de Glace: En prose ou en dessin, une musique \u00e0<br \/>\npart, celle de Dominique Potard. bande dessin\u00e9e.<\/p>\n<p>&#171;Dominique Potard est un des auteurs incontournable de la fantaisie verticale<br \/>\n(&#8230;). Derri\u00e8re ses lunettes d&#8217;intello, il existe vraiment un intello. Mais un<br \/>\nbon. De ceux de la cat\u00e9gorie &#171;la vie est trop courte pour \u00eatre chiante.&#187;<br \/>\nAlors, il rit. Et nous avec.&#187;<\/p>","protected":false},"excerpt":{"rendered":"<p>Par l\u2019auteur du Port de la Mer de Glace: En prose ou en dessin, une musique \u00e0 part, celle de Dominique Potard. bande dessin\u00e9e. &#171;Dominique Potard est un des auteurs incontournable de la fantaisie verticale (&#8230;). Derri\u00e8re ses lunettes d&#8217;intello, il existe vraiment un intello. Mais un bon. De ceux de la cat\u00e9gorie &#171;la vie [&#8230;]\n","protected":false},"featured_media":30789,"template":"","meta":[],"product_brand":[],"product_cat":[21881],"product_tag":[],"class_list":{"0":"post-153774","1":"product","2":"type-product","3":"status-publish","4":"has-post-thumbnail","6":"product_cat-comics","7":"pa_autor-potard","8":"pa_erscheinungsjahr-21920","9":"pa_region-frankreich","10":"pa_sprache-fr","12":"first","13":"outofstock","14":"taxable","15":"shipping-taxable","16":"purchasable","17":"product-type-simple"},"_links":{"self":[{"href":"https:\/\/pizbube.ch\/en\/wp-json\/wp\/v2\/product\/153774","targetHints":{"allow":["GET"]}}],"collection":[{"href":"https:\/\/pizbube.ch\/en\/wp-json\/wp\/v2\/product"}],"about":[{"href":"https:\/\/pizbube.ch\/en\/wp-json\/wp\/v2\/types\/product"}],"wp:featuredmedia":[{"embeddable":true,"href":"https:\/\/pizbube.ch\/en\/wp-json\/wp\/v2\/media\/30789"}],"wp:attachment":[{"href":"https:\/\/pizbube.ch\/en\/wp-json\/wp\/v2\/media?parent=153774"}],"wp:term":[{"taxonomy":"product_brand","embeddable":true,"href":"https:\/\/pizbube.ch\/en\/wp-json\/wp\/v2\/product_brand?post=153774"},{"taxonomy":"product_cat","embeddable":true,"href":"https:\/\/pizbube.ch\/en\/wp-json\/wp\/v2\/product_cat?post=153774"},{"taxonomy":"product_tag","embeddable":true,"href":"https:\/\/pizbube.ch\/en\/wp-json\/wp\/v2\/product_tag?post=153774"}],"curies":[{"name":"wp","href":"https:\/\/api.w.org\/{rel}","templated":true}]}}