{"id":153775,"date":"2021-01-15T12:52:25","date_gmt":"2021-01-15T12:52:25","guid":{"rendered":"https:\/\/codengine3.ch\/?product=import-placeholder-for-206789"},"modified":"2025-01-10T08:42:34","modified_gmt":"2025-01-10T07:42:34","slug":"la-cordee-du-mont-rose","status":"publish","type":"product","link":"https:\/\/pizbube.ch\/en\/shop\/la-cordee-du-mont-rose\/","title":{"rendered":"La cord\u00e9e du Mont Rose"},"content":{"rendered":"<p>\u00c0 travers l\u2019ascension du Mont Rose par son fr\u00e8re \u00c9ric, l\u2019auteur Olivier Balez<br \/>\nl\u00e8ve le voile sur un combat quotidien contre la maladie de Crohn, une maladie<br \/>\ninflammatoire chronique de l\u2019intestin m\u00e9connue et particuli\u00e8rement<br \/>\nhandicapante. Humain et touchant, le t\u00e9moignage a d\u2019abord \u00e9t\u00e9 publi\u00e9 dans la<br \/>\nrevue trimestrielle XXI avant de sortir en album cartonn\u00e9, enrichi d\u2019une<br \/>\nvingtaine de planches suppl\u00e9mentaires. Ajoutez \u00e0 l\u2019ensemble un traitement<br \/>\ngraphique particuli\u00e8rement soign\u00e9, pour faire de cette BD-reportage une<br \/>\nind\u00e9niable r\u00e9ussite!<\/p>","protected":false},"excerpt":{"rendered":"<p>\u00c0 travers l\u2019ascension du Mont Rose par son fr\u00e8re \u00c9ric, l\u2019auteur Olivier Balez l\u00e8ve le voile sur un combat quotidien contre la maladie de Crohn, une maladie inflammatoire chronique de l\u2019intestin m\u00e9connue et particuli\u00e8rement handicapante. Humain et touchant, le t\u00e9moignage a d\u2019abord \u00e9t\u00e9 publi\u00e9 dans la revue trimestrielle XXI avant de sortir en album cartonn\u00e9, [&#8230;]\n","protected":false},"featured_media":36126,"template":"","meta":[],"product_brand":[],"product_cat":[21881],"product_tag":[],"class_list":{"0":"post-153775","1":"product","2":"type-product","3":"status-publish","4":"has-post-thumbnail","6":"product_cat-comics","7":"pa_autor-balez","8":"pa_erscheinungsjahr-21610","9":"pa_region-schweiz","10":"pa_sprache-fr","12":"first","13":"instock","14":"taxable","15":"shipping-taxable","16":"purchasable","17":"product-type-simple"},"_links":{"self":[{"href":"https:\/\/pizbube.ch\/en\/wp-json\/wp\/v2\/product\/153775","targetHints":{"allow":["GET"]}}],"collection":[{"href":"https:\/\/pizbube.ch\/en\/wp-json\/wp\/v2\/product"}],"about":[{"href":"https:\/\/pizbube.ch\/en\/wp-json\/wp\/v2\/types\/product"}],"wp:featuredmedia":[{"embeddable":true,"href":"https:\/\/pizbube.ch\/en\/wp-json\/wp\/v2\/media\/36126"}],"wp:attachment":[{"href":"https:\/\/pizbube.ch\/en\/wp-json\/wp\/v2\/media?parent=153775"}],"wp:term":[{"taxonomy":"product_brand","embeddable":true,"href":"https:\/\/pizbube.ch\/en\/wp-json\/wp\/v2\/product_brand?post=153775"},{"taxonomy":"product_cat","embeddable":true,"href":"https:\/\/pizbube.ch\/en\/wp-json\/wp\/v2\/product_cat?post=153775"},{"taxonomy":"product_tag","embeddable":true,"href":"https:\/\/pizbube.ch\/en\/wp-json\/wp\/v2\/product_tag?post=153775"}],"curies":[{"name":"wp","href":"https:\/\/api.w.org\/{rel}","templated":true}]}}