{"id":153776,"date":"2021-01-15T12:52:25","date_gmt":"2021-01-15T12:52:25","guid":{"rendered":"https:\/\/codengine3.ch\/?product=import-placeholder-for-206488"},"modified":"2022-08-19T10:03:06","modified_gmt":"2022-08-19T08:03:06","slug":"surselva","status":"publish","type":"product","link":"https:\/\/pizbube.ch\/en\/shop\/surselva\/","title":{"rendered":"Surselva"},"content":{"rendered":"<p>Die Surselva, deutsch \u00bbob dem Wald\u00ab, mit der Ruinaulta, dem Flimser Bergsturzgebiet, erstreckt sich vom Versam\/Safiental im Osten bis zum Oberalppass im Westen. Das Gebiet wird auch als B\u00fcndner Oberland oder Vorderrheintal bezeichnet.<br \/>\nBeidseits des Haupttals mit den Terrassend\u00f6rfern bieten H\u00f6henwege gro\u00dfartige Ausblicke auf die Flanken, Taleinschnitte und Gipfel. In den Seitent\u00e4lern mit ihren Alpweiden und Hochebenen, mit Wasserl\u00e4ufen und Pass\u00fcberg\u00e4ngen gibt es Touren unterschiedlichster L\u00e4ngen und Schwierigkeitsgrade.<\/p>\n<p>Die Routen zeigen die ganze Vielfalt der gr\u00f6\u00dften Region Graub\u00fcndens: in tieferen Lagen die Flussauen am Vorderrhein mit der Rheinschlucht und die Sakrallandschaften von Val Lumnezia (Lugnez) und Cadi, dem Gebiet zwischen Breil\/Brigels und Disentis\/Must\u00e9r mit dem Kloster als Wahrzeichen; in h\u00f6heren Lagen die Greina-Hochebene, das Val Frisal mit dem Fichtenurwald Scatl\u00e8 und die Gletscherwelten rund um T\u00f6di, Oberalpstock und Piz Medel. \u00dcber der Waldgrenze liegen ausgedehnte Alpweidegebiete und die Lebensr\u00e4ume von Hirsch, G\u00e4mse und Steinbock, seit einiger Zeit auch wieder von Luchs und Wolf.<\/p>\n<p>Die meisten D\u00f6rfer der Surselva sind mit Bahn oder Postauto erschlossen. Beim Wandern erlebt man die traditionelle Kulturlandschaft, in der sich die reiche Geschichte der mehrheitlich Romanisch sprechenden Bev\u00f6lkerung spiegelt, aber auch die der vor Jahrhunderten zugewanderten Walser.<\/p>\n<p>280 Seiten, 19.0 \u00d7 12.0 cm, Klappenbroschur<br \/>\n3. Auflage<\/p>\n<p>Aktualisierte und vollst\u00e4ndig \u00fcberarbeitet Neuauflage<br \/>\nMit Farbfotos, Routenskizzen und Serviceteil<br \/>\nMit GPS-Daten<\/p>","protected":false},"excerpt":{"rendered":"<p>Die Surselva, deutsch \u00bbob dem Wald\u00ab, mit der Ruinaulta, dem Flimser Bergsturzgebiet, erstreckt sich vom Versam\/Safiental im Osten bis zum Oberalppass im Westen. Das Gebiet wird auch als B\u00fcndner Oberland oder Vorderrheintal bezeichnet. Beidseits des Haupttals mit den Terrassend\u00f6rfern bieten H\u00f6henwege gro\u00dfartige Ausblicke auf die Flanken, Taleinschnitte und Gipfel. In den Seitent\u00e4lern mit ihren Alpweiden [&#8230;]\n","protected":false},"featured_media":163247,"template":"","meta":[],"product_brand":[],"product_cat":[21605],"product_tag":[],"class_list":{"0":"post-153776","1":"product","2":"type-product","3":"status-publish","4":"has-post-thumbnail","6":"product_cat-wanderfuehrer-trekking","7":"pa_autor-kruker-soler","8":"pa_erscheinungsjahr-27013","9":"pa_region-schweiz","10":"pa_sprache-de","12":"first","13":"instock","14":"taxable","15":"shipping-taxable","16":"purchasable","17":"product-type-simple"},"_links":{"self":[{"href":"https:\/\/pizbube.ch\/en\/wp-json\/wp\/v2\/product\/153776","targetHints":{"allow":["GET"]}}],"collection":[{"href":"https:\/\/pizbube.ch\/en\/wp-json\/wp\/v2\/product"}],"about":[{"href":"https:\/\/pizbube.ch\/en\/wp-json\/wp\/v2\/types\/product"}],"wp:featuredmedia":[{"embeddable":true,"href":"https:\/\/pizbube.ch\/en\/wp-json\/wp\/v2\/media\/163247"}],"wp:attachment":[{"href":"https:\/\/pizbube.ch\/en\/wp-json\/wp\/v2\/media?parent=153776"}],"wp:term":[{"taxonomy":"product_brand","embeddable":true,"href":"https:\/\/pizbube.ch\/en\/wp-json\/wp\/v2\/product_brand?post=153776"},{"taxonomy":"product_cat","embeddable":true,"href":"https:\/\/pizbube.ch\/en\/wp-json\/wp\/v2\/product_cat?post=153776"},{"taxonomy":"product_tag","embeddable":true,"href":"https:\/\/pizbube.ch\/en\/wp-json\/wp\/v2\/product_tag?post=153776"}],"curies":[{"name":"wp","href":"https:\/\/api.w.org\/{rel}","templated":true}]}}