{"id":153778,"date":"2021-01-15T12:52:31","date_gmt":"2021-01-15T12:52:31","guid":{"rendered":"https:\/\/codengine3.ch\/?product=import-placeholder-for-206816"},"modified":"2026-04-16T14:09:30","modified_gmt":"2026-04-16T12:09:30","slug":"roca-caliente-en-los-pirineos","status":"publish","type":"product","link":"https:\/\/pizbube.ch\/en\/shop\/roca-caliente-en-los-pirineos\/","title":{"rendered":"Roca Caliente En Los Pirineos"},"content":{"rendered":"<p>Escales, Valle de Is\u00e1bena, Llauset, Vall d&#8217;Ar\u00e1n<\/p>\n<p>Una gu\u00eda de escalada que refleja un conjunto de zonas a caballo entre Catalu\u00f1a<br \/>\ny Arag\u00f3n, aunque es en esta \u00faltima regi\u00f3n donde se incluyen la mayor\u00eda:<br \/>\nSoperuny, Sopeira, Serra de Sant Gerv\u00e0s, Serra de Ller\u00e0s, Escales, el Pont de<br \/>\nSuert y Vall de Bo\u00ed, Viuet, Valle de Is\u00e1bena, Pared de la Tuber\u00eda, Llauset,<br \/>\nT\u00fanel de Vielha, Naut Ar\u00e1n, Baish Ar\u00e1n.<\/p>\n<p>Encontraremos una gran variedad de escaladas -tanto deportivas como de pared-<br \/>\ncon distintas orientaciones y tipos de roca: caliza, granito, arenisca,<br \/>\nesquisto y conglomerado. Cada v\u00eda cuanta con informaci\u00f3n sobre material,<br \/>\nequipamiento, graduaci\u00f3n, equipadores, longitud y otras observaciones. En una<br \/>\nintroducci\u00f3n general se incluyen datos pr\u00e1cticos y sobre zonas cercanas. Con<br \/>\nuna cuidada edici\u00f3n a todo color, adem\u00e1s de un c\u00f3modo formato, con multitud de<br \/>\nfotograf\u00edas, croquis, tablas con informaci\u00f3n pr\u00e1ctica, y planos y mapas de<br \/>\nacceso que nos facilitar\u00e1n el acceso a las escuelas, sectores y v\u00edas de<br \/>\nEscales, Ribagor\u00e7a y parte de Vall d\u2019Aran.<\/p>\n<p>A new guide by Luis Alfonso describing both multi-pitch and single pitch rock<br \/>\nroutes in the Spanish Pyrennes.<br \/>\nThe guide is well illustrated with colour photographs throughout and has a<br \/>\ncomprehensive selection of clear, easy-to-follow topo diagrams. There are<br \/>\nsimple overview maps for each of the sectors in the book and there&#8217;s a great<br \/>\nselection of action shots giving a &#8218;flavour&#8216; of what&#8217;s on offer for the<br \/>\nvisiting climber&#8230; Spanish text throughout&#8230;<\/p>\n<p>Soperuny, Serra de Ller\u00e0s, Sopeira, Escales, El Pont de Suert y Vall de Bo\u00ed, Serra de Sant Gerv\u00e0s, Viuet, Valle de Is\u00e1bena, Pared de la Tuber\u00eda, Llauset, T\u00fanel de Vielha, Naut Ar\u00e1n, Baish Ar\u00e1n,<\/p>\n<p>527 pages<\/p>","protected":false},"excerpt":{"rendered":"<p><strong>NEW EDITION 2027<\/strong><\/p>","protected":false},"featured_media":173597,"template":"","meta":[],"product_brand":[],"product_cat":[21539],"product_tag":[26950],"class_list":{"0":"post-153778","1":"product","2":"type-product","3":"status-publish","4":"has-post-thumbnail","6":"product_cat-fuehrerliteratur-sportklettern-bouldern","7":"product_tag-pyrenaeen","8":"pa_autor-alfonso","9":"pa_erscheinungsjahr-21558","10":"pa_region-spanien","11":"pa_sprache-es","13":"first","14":"outofstock","15":"taxable","16":"shipping-taxable","17":"purchasable","18":"product-type-simple"},"_links":{"self":[{"href":"https:\/\/pizbube.ch\/en\/wp-json\/wp\/v2\/product\/153778","targetHints":{"allow":["GET"]}}],"collection":[{"href":"https:\/\/pizbube.ch\/en\/wp-json\/wp\/v2\/product"}],"about":[{"href":"https:\/\/pizbube.ch\/en\/wp-json\/wp\/v2\/types\/product"}],"wp:featuredmedia":[{"embeddable":true,"href":"https:\/\/pizbube.ch\/en\/wp-json\/wp\/v2\/media\/173597"}],"wp:attachment":[{"href":"https:\/\/pizbube.ch\/en\/wp-json\/wp\/v2\/media?parent=153778"}],"wp:term":[{"taxonomy":"product_brand","embeddable":true,"href":"https:\/\/pizbube.ch\/en\/wp-json\/wp\/v2\/product_brand?post=153778"},{"taxonomy":"product_cat","embeddable":true,"href":"https:\/\/pizbube.ch\/en\/wp-json\/wp\/v2\/product_cat?post=153778"},{"taxonomy":"product_tag","embeddable":true,"href":"https:\/\/pizbube.ch\/en\/wp-json\/wp\/v2\/product_tag?post=153778"}],"curies":[{"name":"wp","href":"https:\/\/api.w.org\/{rel}","templated":true}]}}