{"id":153779,"date":"2021-01-15T12:52:31","date_gmt":"2021-01-15T12:52:31","guid":{"rendered":"https:\/\/codengine3.ch\/?product=import-placeholder-for-208398"},"modified":"2025-01-04T14:51:08","modified_gmt":"2025-01-04T13:51:08","slug":"bayerische-alpen-band-2-out-of-rosenheim-kufstein","status":"publish","type":"product","link":"https:\/\/pizbube.ch\/en\/shop\/bayerische-alpen-band-2-out-of-rosenheim-kufstein\/","title":{"rendered":"Bayerische Alpen Band 2 &#8211; Out of Rosenheim &amp; Kufstein"},"content":{"rendered":"<p>Band 2 behandelt die &#171;Out-of-Rosenheim-Classics&#187; &#8211; also alle Gebiete<br \/>\nunmittelbar rechts und links des Inns zwischen Rosenheim und Kufstein. Hinzu<br \/>\nkommen die lohnendsten Kletterg\u00e4rten und Sportklettergebiete im Zahmen und<br \/>\nWilden Kaiser, u.a. der ber\u00fchmte Schleierwasserfall und Achleiten.<\/p>\n<p>Dem F\u00fchrer liegt ein Downloadcode f\u00fcr eine kostenlose Anwendung f\u00fcr iOS und<br \/>\nAndroid bei. Ihr bekommt damit alle im Kletterf\u00fchrer enthaltenen Topos in Form<br \/>\neiner App f\u00fcr euer Smartphone 3 Jahre gratis dazu.<\/p>\n<p>Kletterziele:<\/p>\n<p>Wendelsteingebiet<br \/>\nWendelstein<br \/>\nL\u00f6chelwand<br \/>\nKaserer Wand<br \/>\nAmeisenwandl<br \/>\nGschwandt<br \/>\nMitteralm<br \/>\nBixlwand<br \/>\nBlockwelt Sudelfeld<br \/>\nRosengassenbr\u00fccke<\/p>\n<p>Unterinntal West<br \/>\nBiber<br \/>\nFlintsbach<br \/>\nWagnerwand<br \/>\nDruidenwandl<br \/>\nKlammwand<br \/>\nLuegsteinwand<br \/>\nWeberwand<br \/>\nSchlo\u00dfberg<br \/>\nRamserer Stoa<br \/>\nBr\u00fcnnstein<\/p>\n<p>Unterinntal Ost<br \/>\nLamprechtsfelsen<br \/>\nNicht enthalten: Wolfschlucht<br \/>\nKundl und Backofen<br \/>\nRock City<br \/>\nWeigend-Wall<br \/>\nGodzillawand<br \/>\nH\u00f6llwand<br \/>\nSpitzsteinwand<br \/>\nKlettergarten Sebi<\/p>\n<p>Kufstein<br \/>\nMorsbach<br \/>\nGeisterschmiedwand<br \/>\nSparchen<br \/>\nVorderkaiserfelden<br \/>\nSteingrubenschneid<\/p>\n<p>Wilder Kaiser<br \/>\nAchleiten<br \/>\nGaudeamush\u00fctte<br \/>\nSchleierwasserfall<br \/>\nFritz-Pflaum-H\u00fctte<br \/>\nStripsenjoch<\/p>","protected":false},"excerpt":{"rendered":"<p>Band 2 behandelt die &#171;Out-of-Rosenheim-Classics&#187; &#8211; also alle Gebiete unmittelbar rechts und links des Inns zwischen Rosenheim und Kufstein. Hinzu kommen die lohnendsten Kletterg\u00e4rten und Sportklettergebiete im Zahmen und Wilden Kaiser, u.a. der ber\u00fchmte Schleierwasserfall und Achleiten. Dem F\u00fchrer liegt ein Downloadcode f\u00fcr eine kostenlose Anwendung f\u00fcr iOS und Android bei. Ihr bekommt damit alle [&#8230;]\n","protected":false},"featured_media":163496,"template":"","meta":[],"product_brand":[],"product_cat":[21539],"product_tag":[],"class_list":{"0":"post-153779","1":"product","2":"type-product","3":"status-publish","4":"has-post-thumbnail","6":"product_cat-fuehrerliteratur-sportklettern-bouldern","7":"pa_autor-stadler","8":"pa_erscheinungsjahr-21558","9":"pa_region-deutschland","10":"pa_sprache-de","12":"first","13":"outofstock","14":"taxable","15":"shipping-taxable","16":"purchasable","17":"product-type-simple"},"_links":{"self":[{"href":"https:\/\/pizbube.ch\/en\/wp-json\/wp\/v2\/product\/153779","targetHints":{"allow":["GET"]}}],"collection":[{"href":"https:\/\/pizbube.ch\/en\/wp-json\/wp\/v2\/product"}],"about":[{"href":"https:\/\/pizbube.ch\/en\/wp-json\/wp\/v2\/types\/product"}],"wp:featuredmedia":[{"embeddable":true,"href":"https:\/\/pizbube.ch\/en\/wp-json\/wp\/v2\/media\/163496"}],"wp:attachment":[{"href":"https:\/\/pizbube.ch\/en\/wp-json\/wp\/v2\/media?parent=153779"}],"wp:term":[{"taxonomy":"product_brand","embeddable":true,"href":"https:\/\/pizbube.ch\/en\/wp-json\/wp\/v2\/product_brand?post=153779"},{"taxonomy":"product_cat","embeddable":true,"href":"https:\/\/pizbube.ch\/en\/wp-json\/wp\/v2\/product_cat?post=153779"},{"taxonomy":"product_tag","embeddable":true,"href":"https:\/\/pizbube.ch\/en\/wp-json\/wp\/v2\/product_tag?post=153779"}],"curies":[{"name":"wp","href":"https:\/\/api.w.org\/{rel}","templated":true}]}}