{"id":153781,"date":"2021-01-15T12:52:31","date_gmt":"2021-01-15T12:52:31","guid":{"rendered":"https:\/\/codengine3.ch\/?product=import-placeholder-for-204986"},"modified":"2023-08-10T10:34:22","modified_gmt":"2023-08-10T08:34:22","slug":"petit-manuel-de-medecine-de-montagne","status":"publish","type":"product","link":"https:\/\/pizbube.ch\/en\/shop\/petit-manuel-de-medecine-de-montagne\/","title":{"rendered":"Petit Manuel de M\u00e9decine de Montagne"},"content":{"rendered":"<p>M\u00e9decin du secours en montagne et de la cr\u00e9ation de l&#8217;Ifremmont (Institut de<br \/>\nFormation et de Recherche en M\u00e9decine de Montagne) dont une des missions est<br \/>\nla t\u00e9l\u00e9m\u00e9decine et le conseil m\u00e9dical sp\u00e9cialis\u00e9 \u00e0 distance, le Dr Cauchy a<br \/>\ncon\u00e7u un guide d&#8217;usage simple et s\u00fbr destin\u00e9 \u00e0 tous ceux qui fr\u00e9quentent la<br \/>\nmontagne, quelle que soit la pratique, la latitude ou l&#8217;altitude.<\/p>\n<p>Apr\u00e8s une pr\u00e9sentation des caract\u00e9ristiques physiques et climatiques li\u00e9es \u00e0 la<br \/>\nmontagne, des contraintes qu&#8217;elles exercent sur l&#8217;organisme et des moyens de<br \/>\nd\u00e9fense de celui-ci, u n premier chapitre d\u00e9crit, une par une, les maladies<br \/>\ncaus\u00e9es directement ou indirectement par l&#8217;environnement montagne : maladies<br \/>\ndues \u00e0 l&#8217;altitude, au froid, \u00e0 la chaleur, l\u00e9sions dues \u00e0 la foudre, aux<br \/>\navalanches (t\u00eate, poitrine, ventre, bras, )<\/p>\n<p>Un chapitre consacr\u00e9 \u00e0 la traumatologie dispense tous les conseils en mati\u00e8re de pansement et de<br \/>\ncontention. Enfin est donn\u00e9e la composition de la trousse m\u00e9dicale adapt\u00e9e \u00e0<br \/>\nchaque pratique de la montagne.<\/p>","protected":false},"excerpt":{"rendered":"<p>M\u00e9decin du secours en montagne et de la cr\u00e9ation de l&#8217;Ifremmont (Institut de Formation et de Recherche en M\u00e9decine de Montagne) dont une des missions est la t\u00e9l\u00e9m\u00e9decine et le conseil m\u00e9dical sp\u00e9cialis\u00e9 \u00e0 distance, le Dr Cauchy a con\u00e7u un guide d&#8217;usage simple et s\u00fbr destin\u00e9 \u00e0 tous ceux qui fr\u00e9quentent la montagne, quelle [&#8230;]\n","protected":false},"featured_media":159188,"template":"","meta":[],"product_brand":[],"product_cat":[21538],"product_tag":[],"class_list":{"0":"post-153781","1":"product","2":"type-product","3":"status-publish","4":"has-post-thumbnail","6":"product_cat-lehrbuecher","7":"pa_autor-cauchy","8":"pa_erscheinungsjahr-21842","9":"pa_region-medizin-recht","10":"pa_sprache-fr","12":"first","13":"outofstock","14":"taxable","15":"shipping-taxable","16":"purchasable","17":"product-type-simple"},"_links":{"self":[{"href":"https:\/\/pizbube.ch\/en\/wp-json\/wp\/v2\/product\/153781","targetHints":{"allow":["GET"]}}],"collection":[{"href":"https:\/\/pizbube.ch\/en\/wp-json\/wp\/v2\/product"}],"about":[{"href":"https:\/\/pizbube.ch\/en\/wp-json\/wp\/v2\/types\/product"}],"wp:featuredmedia":[{"embeddable":true,"href":"https:\/\/pizbube.ch\/en\/wp-json\/wp\/v2\/media\/159188"}],"wp:attachment":[{"href":"https:\/\/pizbube.ch\/en\/wp-json\/wp\/v2\/media?parent=153781"}],"wp:term":[{"taxonomy":"product_brand","embeddable":true,"href":"https:\/\/pizbube.ch\/en\/wp-json\/wp\/v2\/product_brand?post=153781"},{"taxonomy":"product_cat","embeddable":true,"href":"https:\/\/pizbube.ch\/en\/wp-json\/wp\/v2\/product_cat?post=153781"},{"taxonomy":"product_tag","embeddable":true,"href":"https:\/\/pizbube.ch\/en\/wp-json\/wp\/v2\/product_tag?post=153781"}],"curies":[{"name":"wp","href":"https:\/\/api.w.org\/{rel}","templated":true}]}}