{"id":153782,"date":"2021-01-15T12:52:31","date_gmt":"2021-01-15T12:52:31","guid":{"rendered":"https:\/\/codengine3.ch\/?product=import-placeholder-for-202934"},"modified":"2021-01-15T12:52:35","modified_gmt":"2021-01-15T12:52:35","slug":"laiguille-du-midi-et-la-vallee-blanche","status":"publish","type":"product","link":"https:\/\/pizbube.ch\/en\/shop\/laiguille-du-midi-et-la-vallee-blanche\/","title":{"rendered":"L`AIGUILLE DU MIDI ET LA VALLEE BLANCHE"},"content":{"rendered":"<p>Documents d` epoque et photographies d` aujourd` hui, souvent in\u00e9dits, se<br \/>\nm\u00ealent au r\u00e9cits et aux nombreuses anecdotes pour nous d\u00e9voiler les splendeurs<br \/>\nd` une aiguille. C` est aussi le point de d\u00e9part de la c\u00e9l\u00e8bre vall\u00e9 Blanche<br \/>\net le t\u00e9l\u00e9ph\u00e9rique \u00e0 travers le massif du Mont Blanc.<\/p>","protected":false},"excerpt":{"rendered":"<p>Documents d` epoque et photographies d` aujourd` hui, souvent in\u00e9dits, se m\u00ealent au r\u00e9cits et aux nombreuses anecdotes pour nous d\u00e9voiler les splendeurs d` une aiguille. C` est aussi le point de d\u00e9part de la c\u00e9l\u00e8bre vall\u00e9 Blanche et le t\u00e9l\u00e9ph\u00e9rique \u00e0 travers le massif du Mont Blanc.<\/p>","protected":false},"featured_media":30422,"template":"","meta":[],"product_brand":[],"product_cat":[21542],"product_tag":[],"class_list":{"0":"post-153782","1":"product","2":"type-product","3":"status-publish","4":"has-post-thumbnail","6":"product_cat-sachbuecher-dokumentationen","7":"pa_autor-couzy","8":"pa_erscheinungsjahr-22292","9":"pa_region-frankreich","10":"pa_sprache-fr","12":"first","13":"instock","14":"taxable","15":"shipping-taxable","16":"purchasable","17":"product-type-simple"},"_links":{"self":[{"href":"https:\/\/pizbube.ch\/en\/wp-json\/wp\/v2\/product\/153782","targetHints":{"allow":["GET"]}}],"collection":[{"href":"https:\/\/pizbube.ch\/en\/wp-json\/wp\/v2\/product"}],"about":[{"href":"https:\/\/pizbube.ch\/en\/wp-json\/wp\/v2\/types\/product"}],"wp:featuredmedia":[{"embeddable":true,"href":"https:\/\/pizbube.ch\/en\/wp-json\/wp\/v2\/media\/30422"}],"wp:attachment":[{"href":"https:\/\/pizbube.ch\/en\/wp-json\/wp\/v2\/media?parent=153782"}],"wp:term":[{"taxonomy":"product_brand","embeddable":true,"href":"https:\/\/pizbube.ch\/en\/wp-json\/wp\/v2\/product_brand?post=153782"},{"taxonomy":"product_cat","embeddable":true,"href":"https:\/\/pizbube.ch\/en\/wp-json\/wp\/v2\/product_cat?post=153782"},{"taxonomy":"product_tag","embeddable":true,"href":"https:\/\/pizbube.ch\/en\/wp-json\/wp\/v2\/product_tag?post=153782"}],"curies":[{"name":"wp","href":"https:\/\/api.w.org\/{rel}","templated":true}]}}