{"id":153783,"date":"2021-01-15T12:52:32","date_gmt":"2021-01-15T12:52:32","guid":{"rendered":"https:\/\/codengine3.ch\/?product=import-placeholder-for-206551"},"modified":"2021-01-15T14:49:48","modified_gmt":"2021-01-15T14:49:48","slug":"laiguille-du-midi-un-telepherique-au-plus-pres-du-mont-blanc","status":"publish","type":"product","link":"https:\/\/pizbube.ch\/en\/shop\/laiguille-du-midi-un-telepherique-au-plus-pres-du-mont-blanc\/","title":{"rendered":"L&#8217;aiguille du Midi &#8211; Un t\u00e9l\u00e9ph\u00e9rique au plus pr\u00e8s du mont Blanc"},"content":{"rendered":"<p>\nQuel site touristique extraordinaire que celui de l\u2019aiguille du Midi ! Rien<br \/>\nd\u2019\u00e9tonnant \u00e0 ce qu\u2019il attire chaque ann\u00e9e, hiver comme \u00e9t\u00e9, un demi-million de<br \/>\nvisiteurs.  <\/p>\n<p>Une silhouette incomparable\u2026 Un voyage sans effort \u00e0 3842 m\u00e8tres d\u2019altitude\u2026<br \/>\nLe t\u00e9l\u00e9ph\u00e9rique le plus c\u00e9l\u00e8bre du monde\u2026 Le mont Blanc \u00e0 port\u00e9e de main\u2026 Le<br \/>\nsurvol vertigineux des crevasses et des s\u00e9racs\u2026 Une vue imprenable sur toutes<br \/>\nles Alpes, fran\u00e7aises, suisses et italiennes\u2026 Le spectacle des alpinistes en<br \/>\npleine ascension\u2026 La fabuleuse descente \u00e0 skis de la vall\u00e9e Blanche\u2026 Des<br \/>\nterrasses d\u2019observation, des restaurants, des boutiques, une station de<br \/>\nt\u00e9l\u00e9communication\u2026  <\/p>\n<p>Vous lirez l\u2019histoire de la conqu\u00eate de la plus haute des aiguilles de<br \/>\nChamonix, gravie pour la premi\u00e8re fois en 1818, et vous d\u00e9couvrirez les<br \/>\ncoulisses d\u2019un th\u00e9\u00e2tre de roche, de neige, de glace et d\u2019acier o\u00f9 se croisent,<br \/>\nsans tout \u00e0 fait se rencontrer, touristes insouciants, professionnels de la<br \/>\nmontagne, techniciens du transport par c\u00e2ble et athl\u00e8tes des cimes.  <\/p>\n<p>Cette aventure humaine, scientifique et technologique se confond pour grande<br \/>\npart avec celle du t\u00e9l\u00e9ph\u00e9rique qui a fait de l\u2019aiguille du Midi une star.<br \/>\nElle ravira tous ses pr\u00e9tendants.  <\/p>","protected":false},"excerpt":{"rendered":"<ul>\n<li><b>INFO: <b><\/li>\n<\/ul>","protected":false},"featured_media":35614,"template":"","meta":[],"product_brand":[],"product_cat":[21542],"product_tag":[],"class_list":{"0":"post-153783","1":"product","2":"type-product","3":"status-publish","4":"has-post-thumbnail","6":"product_cat-sachbuecher-dokumentationen","7":"pa_autor-roy","8":"pa_erscheinungsjahr-21610","9":"pa_region-frankreich","10":"pa_sprache-fr","12":"first","13":"outofstock","14":"taxable","15":"shipping-taxable","16":"purchasable","17":"product-type-simple"},"_links":{"self":[{"href":"https:\/\/pizbube.ch\/en\/wp-json\/wp\/v2\/product\/153783","targetHints":{"allow":["GET"]}}],"collection":[{"href":"https:\/\/pizbube.ch\/en\/wp-json\/wp\/v2\/product"}],"about":[{"href":"https:\/\/pizbube.ch\/en\/wp-json\/wp\/v2\/types\/product"}],"wp:featuredmedia":[{"embeddable":true,"href":"https:\/\/pizbube.ch\/en\/wp-json\/wp\/v2\/media\/35614"}],"wp:attachment":[{"href":"https:\/\/pizbube.ch\/en\/wp-json\/wp\/v2\/media?parent=153783"}],"wp:term":[{"taxonomy":"product_brand","embeddable":true,"href":"https:\/\/pizbube.ch\/en\/wp-json\/wp\/v2\/product_brand?post=153783"},{"taxonomy":"product_cat","embeddable":true,"href":"https:\/\/pizbube.ch\/en\/wp-json\/wp\/v2\/product_cat?post=153783"},{"taxonomy":"product_tag","embeddable":true,"href":"https:\/\/pizbube.ch\/en\/wp-json\/wp\/v2\/product_tag?post=153783"}],"curies":[{"name":"wp","href":"https:\/\/api.w.org\/{rel}","templated":true}]}}