{"id":153784,"date":"2021-01-15T12:52:32","date_gmt":"2021-01-15T12:52:32","guid":{"rendered":"https:\/\/codengine3.ch\/?product=import-placeholder-for-203766"},"modified":"2021-01-15T14:26:21","modified_gmt":"2021-01-15T14:26:21","slug":"envoye-special","status":"publish","type":"product","link":"https:\/\/pizbube.ch\/en\/shop\/envoye-special\/","title":{"rendered":"Envoy\u00e9 sp\u00e9cial"},"content":{"rendered":"<p>50 ans de reportages \u00e0 Chamonix et les photos exclusives, historiques, ou<br \/>\npersonnelles retracent les grandes \u00e9motions de cinq d\u00e9cennies!<br \/>\nEt cet autre Chamonix, th\u00e9\u00e2tre des trag\u00e9dies, que les projecteurs pointent,<br \/>\nh\u00e9l\u00e0s trop souvent :<br \/>\nLe sauvetage au Pilier du Freney qui tint la France en haleine. Trois hommes<br \/>\nseulement sur les sept alpinistes partis en reviendront.<br \/>\nLe drame de la Vall\u00e9e Blanche lorsqu`un avion de chasse coupa les c\u00e2bles du<br \/>\nt\u00e9l\u00e9cabine d`Helbronner; et de nombreux autres \u00e9pop\u00e9es et sauvetages extr\u00eames.  <\/p>","protected":false},"excerpt":{"rendered":"<p>50 ans de reportages \u00e0 Chamonix et les photos exclusives, historiques, ou personnelles retracent les grandes \u00e9motions de cinq d\u00e9cennies! Et cet autre Chamonix, th\u00e9\u00e2tre des trag\u00e9dies, que les projecteurs pointent, h\u00e9l\u00e0s trop souvent : Le sauvetage au Pilier du Freney qui tint la France en haleine. Trois hommes seulement sur les sept alpinistes partis [&#8230;]\n","protected":false},"featured_media":31443,"template":"","meta":[],"product_brand":[],"product_cat":[21542],"product_tag":[],"class_list":{"0":"post-153784","1":"product","2":"type-product","3":"status-publish","4":"has-post-thumbnail","6":"product_cat-sachbuecher-dokumentationen","7":"pa_autor-brincourt","8":"pa_erscheinungsjahr-21776","9":"pa_region-frankreich","10":"pa_sprache-fr","12":"first","13":"instock","14":"taxable","15":"shipping-taxable","16":"purchasable","17":"product-type-simple"},"_links":{"self":[{"href":"https:\/\/pizbube.ch\/en\/wp-json\/wp\/v2\/product\/153784","targetHints":{"allow":["GET"]}}],"collection":[{"href":"https:\/\/pizbube.ch\/en\/wp-json\/wp\/v2\/product"}],"about":[{"href":"https:\/\/pizbube.ch\/en\/wp-json\/wp\/v2\/types\/product"}],"wp:featuredmedia":[{"embeddable":true,"href":"https:\/\/pizbube.ch\/en\/wp-json\/wp\/v2\/media\/31443"}],"wp:attachment":[{"href":"https:\/\/pizbube.ch\/en\/wp-json\/wp\/v2\/media?parent=153784"}],"wp:term":[{"taxonomy":"product_brand","embeddable":true,"href":"https:\/\/pizbube.ch\/en\/wp-json\/wp\/v2\/product_brand?post=153784"},{"taxonomy":"product_cat","embeddable":true,"href":"https:\/\/pizbube.ch\/en\/wp-json\/wp\/v2\/product_cat?post=153784"},{"taxonomy":"product_tag","embeddable":true,"href":"https:\/\/pizbube.ch\/en\/wp-json\/wp\/v2\/product_tag?post=153784"}],"curies":[{"name":"wp","href":"https:\/\/api.w.org\/{rel}","templated":true}]}}