{"id":153793,"date":"2021-01-15T12:52:39","date_gmt":"2021-01-15T12:52:39","guid":{"rendered":"https:\/\/codengine3.ch\/?product=import-placeholder-for-203509"},"modified":"2021-01-15T14:23:57","modified_gmt":"2021-01-15T14:23:57","slug":"sauver-la-montagne","status":"publish","type":"product","link":"https:\/\/pizbube.ch\/en\/shop\/sauver-la-montagne\/","title":{"rendered":"Sauver la montagne"},"content":{"rendered":"<p>Sauver la montagne a pour objectif de pr\u00e9senter des t\u00e9moignages et<br \/>\ninformations sur l&#8217;ensemble des d\u00e9marches effectu\u00e9es pour prot\u00e9ger la<br \/>\nmontagne, et plus particuli\u00e8rement celles de Mountain Wilderness qui est<br \/>\nactuellement la f\u00e9d\u00e9ration la plus importante dans ce domaine. L&#8217;auteur invite<br \/>\nvivement \u00e0 d\u00e9velopper une r\u00e9flexion de fond sur notre rapport aux espaces<br \/>\nsauvages, et \u00e0 relancer le d\u00e9bat sur les sujets sensibles qui engagent<br \/>\nl&#8217;avenir des r\u00e9gions concern\u00e9es.<br \/>\nFran\u00e7ois Labande, co-fondateur de Mountain Wilderness, est aussi un montagnard<br \/>\nchevronn\u00e9. Il est l&#8217;auteur de nombreux guides d&#8217;alpinisme, de ski de randonn\u00e9e<br \/>\net de randonn\u00e9e p\u00e9destre. Il a \u00e9galement publi\u00e9 des textes de r\u00e9flexion sur la<br \/>\nmontagne et la pratique de l&#8217;alpinisme.<\/p>","protected":false},"excerpt":{"rendered":"<p>Sauver la montagne a pour objectif de pr\u00e9senter des t\u00e9moignages et informations sur l&#8217;ensemble des d\u00e9marches effectu\u00e9es pour prot\u00e9ger la montagne, et plus particuli\u00e8rement celles de Mountain Wilderness qui est actuellement la f\u00e9d\u00e9ration la plus importante dans ce domaine. L&#8217;auteur invite vivement \u00e0 d\u00e9velopper une r\u00e9flexion de fond sur notre rapport aux espaces sauvages, et [&#8230;]\n","protected":false},"featured_media":31128,"template":"","meta":[],"product_brand":[],"product_cat":[21542],"product_tag":[],"class_list":{"0":"post-153793","1":"product","2":"type-product","3":"status-publish","4":"has-post-thumbnail","6":"product_cat-sachbuecher-dokumentationen","7":"pa_autor-labande","8":"pa_erscheinungsjahr-21920","9":"pa_region-schweiz","10":"pa_sprache-fr","12":"first","13":"instock","14":"taxable","15":"shipping-taxable","16":"purchasable","17":"product-type-simple"},"_links":{"self":[{"href":"https:\/\/pizbube.ch\/en\/wp-json\/wp\/v2\/product\/153793","targetHints":{"allow":["GET"]}}],"collection":[{"href":"https:\/\/pizbube.ch\/en\/wp-json\/wp\/v2\/product"}],"about":[{"href":"https:\/\/pizbube.ch\/en\/wp-json\/wp\/v2\/types\/product"}],"wp:featuredmedia":[{"embeddable":true,"href":"https:\/\/pizbube.ch\/en\/wp-json\/wp\/v2\/media\/31128"}],"wp:attachment":[{"href":"https:\/\/pizbube.ch\/en\/wp-json\/wp\/v2\/media?parent=153793"}],"wp:term":[{"taxonomy":"product_brand","embeddable":true,"href":"https:\/\/pizbube.ch\/en\/wp-json\/wp\/v2\/product_brand?post=153793"},{"taxonomy":"product_cat","embeddable":true,"href":"https:\/\/pizbube.ch\/en\/wp-json\/wp\/v2\/product_cat?post=153793"},{"taxonomy":"product_tag","embeddable":true,"href":"https:\/\/pizbube.ch\/en\/wp-json\/wp\/v2\/product_tag?post=153793"}],"curies":[{"name":"wp","href":"https:\/\/api.w.org\/{rel}","templated":true}]}}