{"id":153794,"date":"2021-01-15T12:52:39","date_gmt":"2021-01-15T12:52:39","guid":{"rendered":"https:\/\/codengine3.ch\/?product=import-placeholder-for-202947"},"modified":"2021-01-15T12:52:42","modified_gmt":"2021-01-15T12:52:42","slug":"bau-und-betreibungsstandards-fuer-mobile-und-stationaere-ropes-courses","status":"publish","type":"product","link":"https:\/\/pizbube.ch\/en\/shop\/bau-und-betreibungsstandards-fuer-mobile-und-stationaere-ropes-courses\/","title":{"rendered":"Bau- und Betreibungsstandards f\u00fcr mobile und station\u00e4re Ropes Courses"},"content":{"rendered":"<p>Die in diesem Sammelwerk erstmals zusammengefa\u00dften Standards der German Roupes<br \/>\nCourse Association (GRCA) stellen eine aktuelle Grundlage f\u00fcr die<br \/>\nprofessionelle Arbeit mit Ropes Courses dar. F\u00fcr den sicheren und qualitativ<br \/>\nhochwertigen Aufbau und Betrieb von Ropes Courses setzen sie den zur Zeit<br \/>\nmodernsten Qualit\u00e4tsma\u00dfstab. Die Standards der GRCA werden in einem<br \/>\nkontinuierlichen Verbesserungsproze\u00df fortgeschrieben.<br \/>\nMindeststandards f\u00fcr die technische Installation und Betreibung von mobilen<br \/>\nund station\u00e4ren Ropes Courses &#8211; notwendige F\u00e4higkeiten und Kenntnisse &#8211;<br \/>\nInternationalisierung &#8211; u.v.m.  <\/p>","protected":false},"excerpt":{"rendered":"<p>Die in diesem Sammelwerk erstmals zusammengefa\u00dften Standards der German Roupes Course Association (GRCA) stellen eine aktuelle Grundlage f\u00fcr die professionelle Arbeit mit Ropes Courses dar. F\u00fcr den sicheren und qualitativ hochwertigen Aufbau und Betrieb von Ropes Courses setzen sie den zur Zeit modernsten Qualit\u00e4tsma\u00dfstab. Die Standards der GRCA werden in einem kontinuierlichen Verbesserungsproze\u00df fortgeschrieben. Mindeststandards [&#8230;]\n","protected":false},"featured_media":30439,"template":"","meta":[],"product_brand":[],"product_cat":[21538],"product_tag":[],"class_list":{"0":"post-153794","1":"product","2":"type-product","3":"status-publish","4":"has-post-thumbnail","6":"product_cat-lehrbuecher","7":"pa_autor-grca","8":"pa_erscheinungsjahr-21750","9":"pa_region-orientierung-wetter-ausbildung","10":"pa_sprache-de","12":"first","13":"instock","14":"taxable","15":"shipping-taxable","16":"purchasable","17":"product-type-simple"},"_links":{"self":[{"href":"https:\/\/pizbube.ch\/en\/wp-json\/wp\/v2\/product\/153794","targetHints":{"allow":["GET"]}}],"collection":[{"href":"https:\/\/pizbube.ch\/en\/wp-json\/wp\/v2\/product"}],"about":[{"href":"https:\/\/pizbube.ch\/en\/wp-json\/wp\/v2\/types\/product"}],"wp:featuredmedia":[{"embeddable":true,"href":"https:\/\/pizbube.ch\/en\/wp-json\/wp\/v2\/media\/30439"}],"wp:attachment":[{"href":"https:\/\/pizbube.ch\/en\/wp-json\/wp\/v2\/media?parent=153794"}],"wp:term":[{"taxonomy":"product_brand","embeddable":true,"href":"https:\/\/pizbube.ch\/en\/wp-json\/wp\/v2\/product_brand?post=153794"},{"taxonomy":"product_cat","embeddable":true,"href":"https:\/\/pizbube.ch\/en\/wp-json\/wp\/v2\/product_cat?post=153794"},{"taxonomy":"product_tag","embeddable":true,"href":"https:\/\/pizbube.ch\/en\/wp-json\/wp\/v2\/product_tag?post=153794"}],"curies":[{"name":"wp","href":"https:\/\/api.w.org\/{rel}","templated":true}]}}