{"id":153796,"date":"2021-01-15T12:52:39","date_gmt":"2021-01-15T12:52:39","guid":{"rendered":"https:\/\/codengine3.ch\/?product=import-placeholder-for-208280"},"modified":"2024-04-16T08:52:16","modified_gmt":"2024-04-16T06:52:16","slug":"biel-bienne-boulder","status":"publish","type":"product","link":"https:\/\/pizbube.ch\/en\/shop\/biel-bienne-boulder\/","title":{"rendered":"Biel &#8211; Bienne Boulder"},"content":{"rendered":"<p>Der Boulderf\u00fchrer beschreibt 12 Gebiete mit rund 600 \u00abProblemen\u00bb in allen<br \/>\nGraden rund um den Bielersee. Ideal f\u00fcr Familien und Anf\u00e4nger. Detaillierte<br \/>\nFoto-Topos.<\/p>\n<p>Le guide d\u2019escalade de la r\u00e9gion biennoise. Avec 12 sites autour du Lac de<br \/>\nBienne, comprenant environ 600 itin\u00e9raires de tous niveaux. Id\u00e9al pour les<br \/>\nfamilles et d\u00e9butants. Topo photo d\u00e9taill\u00e9 avec 144 pages couleurs au format<br \/>\nde poche.<\/p>\n<p>4-farbig, 144 Seiten, Format: 12 x 19 cm<\/p>","protected":false},"excerpt":{"rendered":"<ul>\n<li><a href=\"https:\/\/pizbube.ch\/wp-content\/uploads\/attachments\/a_029\/D103E0B1B1E7B368DAEAB195F5EFC570.pdf\" target=\"_blank\" rel=\"noopener\">PDF: Leseprobe_boulder_biel.pdf<\/a><\/li>\n<\/ul>","protected":false},"featured_media":156336,"template":"","meta":[],"product_brand":[],"product_cat":[21539],"product_tag":[],"class_list":{"0":"post-153796","1":"product","2":"type-product","3":"status-publish","4":"has-post-thumbnail","6":"product_cat-fuehrerliteratur-sportklettern-bouldern","7":"pa_autor-blanchard-devaux-girardin-girardin","8":"pa_erscheinungsjahr-21546","9":"pa_region-schweiz","10":"pa_sprache-de-fr","12":"first","13":"instock","14":"taxable","15":"shipping-taxable","16":"purchasable","17":"product-type-simple"},"_links":{"self":[{"href":"https:\/\/pizbube.ch\/en\/wp-json\/wp\/v2\/product\/153796","targetHints":{"allow":["GET"]}}],"collection":[{"href":"https:\/\/pizbube.ch\/en\/wp-json\/wp\/v2\/product"}],"about":[{"href":"https:\/\/pizbube.ch\/en\/wp-json\/wp\/v2\/types\/product"}],"wp:featuredmedia":[{"embeddable":true,"href":"https:\/\/pizbube.ch\/en\/wp-json\/wp\/v2\/media\/156336"}],"wp:attachment":[{"href":"https:\/\/pizbube.ch\/en\/wp-json\/wp\/v2\/media?parent=153796"}],"wp:term":[{"taxonomy":"product_brand","embeddable":true,"href":"https:\/\/pizbube.ch\/en\/wp-json\/wp\/v2\/product_brand?post=153796"},{"taxonomy":"product_cat","embeddable":true,"href":"https:\/\/pizbube.ch\/en\/wp-json\/wp\/v2\/product_cat?post=153796"},{"taxonomy":"product_tag","embeddable":true,"href":"https:\/\/pizbube.ch\/en\/wp-json\/wp\/v2\/product_tag?post=153796"}],"curies":[{"name":"wp","href":"https:\/\/api.w.org\/{rel}","templated":true}]}}