{"id":153797,"date":"2021-01-15T12:52:40","date_gmt":"2021-01-15T12:52:40","guid":{"rendered":"https:\/\/codengine3.ch\/?product=import-placeholder-for-207289"},"modified":"2021-01-15T16:01:38","modified_gmt":"2021-01-15T16:01:38","slug":"gebrauchsanweisung-fuer-die-alpen","status":"publish","type":"product","link":"https:\/\/pizbube.ch\/en\/shop\/gebrauchsanweisung-fuer-die-alpen\/","title":{"rendered":"Gebrauchsanweisung f\u00fcr die Alpen"},"content":{"rendered":"<p>Acht L\u00e4nder und \u00fcber 80 Viertausender pr\u00e4gen die Alpen. Der Autor verr\u00e4t das<br \/>\nGeheimnis des &#171;richtigen&#187; Wanderns, erlebt Schnarcher im Matratzenlager und<br \/>\nHaute Cuisine in schwindelnden H\u00f6hen. Erlebnis-Kraftwerke und Skandal-Berge,<br \/>\nSuperlative und Geheimtipps &#8211; Bene Benedikt durchmisst die Alpen, vom Allg\u00e4u<br \/>\nin die Dolomiten, vom Salzkammergut zum Mont Blanc. Immer wieder kommt er, der<br \/>\nseit vier Jahrzehnten auch beruflich rund um die Welt auf Reisen ist, hierhin<br \/>\nzur\u00fcck.<\/p>\n<p>Er nimmt den Leser mit auf bl\u00fchende Almen, schroffe Grate und Himmelsleitern,<br \/>\ntestet Gletschermusik und Firnabfahrten, kehrt in romantischen Stuben und<br \/>\nHigh-Tech-H\u00fctten ein. Er geht Klischees wie dem Alpengl\u00fchen nach, begegnet dem<br \/>\nSteinbock, analysiert den Absturz am Berg und an der Schneebar. Er kennt die<br \/>\nStars der Szene und die Heilkraft von Obstler und Murmeltierfett, die Poesie<br \/>\nder Gipfelb\u00fccher und die letzten Paradiese, die sich \u00fcber 1200 Kilometer<br \/>\ndurchs Herz Europas ziehen.<\/p>","protected":false},"excerpt":{"rendered":"<p>Acht L\u00e4nder und \u00fcber 80 Viertausender pr\u00e4gen die Alpen. Der Autor verr\u00e4t das Geheimnis des &#171;richtigen&#187; Wanderns, erlebt Schnarcher im Matratzenlager und Haute Cuisine in schwindelnden H\u00f6hen. Erlebnis-Kraftwerke und Skandal-Berge, Superlative und Geheimtipps &#8211; Bene Benedikt durchmisst die Alpen, vom Allg\u00e4u in die Dolomiten, vom Salzkammergut zum Mont Blanc. Immer wieder kommt er, der seit [&#8230;]\n","protected":false},"featured_media":37035,"template":"","meta":[],"product_brand":[],"product_cat":[21629],"product_tag":[],"class_list":{"0":"post-153797","1":"product","2":"type-product","3":"status-publish","4":"has-post-thumbnail","6":"product_cat-belletristik","7":"pa_autor-benedikt","8":"pa_erscheinungsjahr-21550","9":"pa_region-deutschland","10":"pa_sprache-de","12":"first","13":"instock","14":"taxable","15":"shipping-taxable","16":"purchasable","17":"product-type-simple"},"_links":{"self":[{"href":"https:\/\/pizbube.ch\/en\/wp-json\/wp\/v2\/product\/153797","targetHints":{"allow":["GET"]}}],"collection":[{"href":"https:\/\/pizbube.ch\/en\/wp-json\/wp\/v2\/product"}],"about":[{"href":"https:\/\/pizbube.ch\/en\/wp-json\/wp\/v2\/types\/product"}],"wp:featuredmedia":[{"embeddable":true,"href":"https:\/\/pizbube.ch\/en\/wp-json\/wp\/v2\/media\/37035"}],"wp:attachment":[{"href":"https:\/\/pizbube.ch\/en\/wp-json\/wp\/v2\/media?parent=153797"}],"wp:term":[{"taxonomy":"product_brand","embeddable":true,"href":"https:\/\/pizbube.ch\/en\/wp-json\/wp\/v2\/product_brand?post=153797"},{"taxonomy":"product_cat","embeddable":true,"href":"https:\/\/pizbube.ch\/en\/wp-json\/wp\/v2\/product_cat?post=153797"},{"taxonomy":"product_tag","embeddable":true,"href":"https:\/\/pizbube.ch\/en\/wp-json\/wp\/v2\/product_tag?post=153797"}],"curies":[{"name":"wp","href":"https:\/\/api.w.org\/{rel}","templated":true}]}}