{"id":153798,"date":"2021-01-15T12:52:40","date_gmt":"2021-01-15T12:52:40","guid":{"rendered":"https:\/\/codengine3.ch\/?product=import-placeholder-for-204371"},"modified":"2021-01-15T14:32:31","modified_gmt":"2021-01-15T14:32:31","slug":"lhotse-lannee-noire-du-serpent-dvd","status":"publish","type":"product","link":"https:\/\/pizbube.ch\/en\/shop\/lhotse-lannee-noire-du-serpent-dvd\/","title":{"rendered":"Lhotse, l&#8217;ann\u00e9e noire du serpent DVD"},"content":{"rendered":"<p>Le film mythique de l&#8217;\u00e9pop\u00e9e himalayenne avec Reinhold Messner, Jerzy<br \/>\nKukucska, Hans Kammerlander, et Christophe Profit r\u00e9unis sur la paroi Sud du<br \/>\nLhotse.<br \/>\nReinhold Messner et Jerzy Kukuczka, les deux premiers vainqueurs des quatorze<br \/>\nsommets de plus de 8000 m\u00e8tres, d\u00e9cident d?affronter la formidable<br \/>\narchitecture de la face sud du LHOTSE (8516 m\u00e8tres).<br \/>\nL&#8217;exp\u00e9dition dirig\u00e9e par Messner est compos\u00e9e de Hans Kammerlander, Christophe<br \/>\nProfit et Krzysztof Wielicki. Apr\u00e8s plusieurs tentatives, la mousson arrive<br \/>\nsans que personne n&#8217;ait atteint le sommet.<br \/>\nPeu apr\u00e8s, Jerzy Kukuczka arrive sur les lieux. Alors qu&#8217;un vent hallucinant<br \/>\nbalaye la paroi, dans une ultime tentative, \u00e0 8300 m\u00e8tres d&#8217;altitude, il fait<br \/>\nune chute mortelle. Il avait 41 ans, c&#8217;\u00e9tait l&#8217;ann\u00e9e noire du serpent.<br \/>\nCe film poignant est r\u00e9alis\u00e9 par Fulvio Mariani, sp\u00e9cialis\u00e9 dans les tournages<br \/>\nextr\u00eames, \u00e0 qui l&#8217;on doit \u00e9galement les superbes prises de vues en paroi du<br \/>\nfilm CERRO TORRE, LE CRI DE LA ROCHE de Werner Herzog. 49 minutes; DVD<br \/>\nBONUS :<br \/>\n. Version du film comment\u00e9e par le r\u00e9alisateur (dur\u00e9e 49 minutes).<br \/>\n\u00b7 Interview de Fulvio Mariani (4 minutes)<br \/>\n\u00b7 Les quatorze 8000 (3 minutes)<br \/>\n\u00b7 Biographie de Fulvio Mariani<br \/>\n\u00b7 Filmographie de Fulvio Mariani<br \/>\n\u00b7 Pr\u00e9sentation des alpinistes<br \/>\n\u00b7 Galerie de photos du tournage  <\/p>","protected":false},"excerpt":{"rendered":"<p>Le film mythique de l&#8217;\u00e9pop\u00e9e himalayenne avec Reinhold Messner, Jerzy Kukucska, Hans Kammerlander, et Christophe Profit r\u00e9unis sur la paroi Sud du Lhotse. Reinhold Messner et Jerzy Kukuczka, les deux premiers vainqueurs des quatorze sommets de plus de 8000 m\u00e8tres, d\u00e9cident d?affronter la formidable architecture de la face sud du LHOTSE (8516 m\u00e8tres). L&#8217;exp\u00e9dition dirig\u00e9e [&#8230;]\n","protected":false},"featured_media":32220,"template":"","meta":[],"product_brand":[],"product_cat":[21628],"product_tag":[],"class_list":{"0":"post-153798","1":"product","2":"type-product","3":"status-publish","4":"has-post-thumbnail","6":"product_cat-video-dvd-multimedia","7":"pa_autor-fulvio","8":"pa_erscheinungsjahr-21763","9":"pa_region-asien","10":"pa_sprache-f","11":"pa_sprache-i","13":"first","14":"instock","15":"taxable","16":"shipping-taxable","17":"purchasable","18":"product-type-simple"},"_links":{"self":[{"href":"https:\/\/pizbube.ch\/en\/wp-json\/wp\/v2\/product\/153798","targetHints":{"allow":["GET"]}}],"collection":[{"href":"https:\/\/pizbube.ch\/en\/wp-json\/wp\/v2\/product"}],"about":[{"href":"https:\/\/pizbube.ch\/en\/wp-json\/wp\/v2\/types\/product"}],"wp:featuredmedia":[{"embeddable":true,"href":"https:\/\/pizbube.ch\/en\/wp-json\/wp\/v2\/media\/32220"}],"wp:attachment":[{"href":"https:\/\/pizbube.ch\/en\/wp-json\/wp\/v2\/media?parent=153798"}],"wp:term":[{"taxonomy":"product_brand","embeddable":true,"href":"https:\/\/pizbube.ch\/en\/wp-json\/wp\/v2\/product_brand?post=153798"},{"taxonomy":"product_cat","embeddable":true,"href":"https:\/\/pizbube.ch\/en\/wp-json\/wp\/v2\/product_cat?post=153798"},{"taxonomy":"product_tag","embeddable":true,"href":"https:\/\/pizbube.ch\/en\/wp-json\/wp\/v2\/product_tag?post=153798"}],"curies":[{"name":"wp","href":"https:\/\/api.w.org\/{rel}","templated":true}]}}