{"id":153800,"date":"2021-01-15T12:52:41","date_gmt":"2021-01-15T12:52:41","guid":{"rendered":"https:\/\/codengine3.ch\/?product=import-placeholder-for-207870"},"modified":"2021-01-15T16:59:31","modified_gmt":"2021-01-15T16:59:31","slug":"die-besteigung-des-rum-doodle","status":"publish","type":"product","link":"https:\/\/pizbube.ch\/en\/shop\/die-besteigung-des-rum-doodle\/","title":{"rendered":"Die Besteigung des Rum Doodle"},"content":{"rendered":"<p>_Die Besteigung des Rum Doodle_ ist eine grandiose Bergsteigersatire aus den<br \/>\n50er Jahren, die niemals auf Deutsch erschienen ist. Das Buch genie\u00dft<br \/>\nKultstatus in Alpinistenkreisen und f\u00fchrte sogar dazu, dass ein ganzer Berg in<br \/>\nder Antarktis _Rum Doodle_ getauft wurde.  <\/p>\n<p>Erz\u00e4hlt wird die abenteuerliche Geschichte einer Expedition, bei der so gut<br \/>\nwie alles schief geht. Der Expeditionsleiter, ein ehrgeiziger und nicht zu<br \/>\nbeirrender Herr, ist mit der Zusammenstellung eines geeigneten Teams<br \/>\nbeauftragt. Er rekrutiert sieben sehr britische Gentlemen. Doch bald zeigt<br \/>\nsich, dass keiner von ihnen seiner Aufgabe gewachsen ist:<\/p>\n<p>Der Navigator findet trotz Einsatz eines Kompasses nicht zum Ort der<br \/>\nVorbesprechung in London. Der Arzt ist st\u00e4ndig krank. Der Hauptkletterer<br \/>\nleidet an Antriebslosigkeit. Die Qualit\u00e4ten des Kochs spotten jeder<br \/>\nBeschreibung. Der \u00dcbersetzer versteht die Sprache der Einheimischen nicht, und<br \/>\nes werden 30.000 statt 3000 Tr\u00e4ger engagiert. Ein Missgeschick jagt das<br \/>\nn\u00e4chste und am Ende, na klar, haben sie den falschen Berg bestiegen.<\/p>\n<p>Diese leise, bissige Satire \u00fcber eine englische Old-School-Expedition ist<br \/>\nl\u00e4ngst ein Kultbuch in Bergsteigerkreisen.<\/p>\n<p>Taschenbuchausbage<\/p>","protected":false},"excerpt":{"rendered":"<p>_Die Besteigung des Rum Doodle_ ist eine grandiose Bergsteigersatire aus den 50er Jahren, die niemals auf Deutsch erschienen ist. Das Buch genie\u00dft Kultstatus in Alpinistenkreisen und f\u00fchrte sogar dazu, dass ein ganzer Berg in der Antarktis _Rum Doodle_ getauft wurde. Erz\u00e4hlt wird die abenteuerliche Geschichte einer Expedition, bei der so gut wie alles schief geht. [&#8230;]\n","protected":false},"featured_media":38655,"template":"","meta":[],"product_brand":[],"product_cat":[21629],"product_tag":[],"class_list":{"0":"post-153800","1":"product","2":"type-product","3":"status-publish","4":"has-post-thumbnail","6":"product_cat-belletristik","7":"pa_autor-bowman","8":"pa_erscheinungsjahr-21550","9":"pa_region-amerika-nord","10":"pa_sprache-de","12":"first","13":"instock","14":"taxable","15":"shipping-taxable","16":"purchasable","17":"product-type-simple"},"_links":{"self":[{"href":"https:\/\/pizbube.ch\/en\/wp-json\/wp\/v2\/product\/153800","targetHints":{"allow":["GET"]}}],"collection":[{"href":"https:\/\/pizbube.ch\/en\/wp-json\/wp\/v2\/product"}],"about":[{"href":"https:\/\/pizbube.ch\/en\/wp-json\/wp\/v2\/types\/product"}],"wp:featuredmedia":[{"embeddable":true,"href":"https:\/\/pizbube.ch\/en\/wp-json\/wp\/v2\/media\/38655"}],"wp:attachment":[{"href":"https:\/\/pizbube.ch\/en\/wp-json\/wp\/v2\/media?parent=153800"}],"wp:term":[{"taxonomy":"product_brand","embeddable":true,"href":"https:\/\/pizbube.ch\/en\/wp-json\/wp\/v2\/product_brand?post=153800"},{"taxonomy":"product_cat","embeddable":true,"href":"https:\/\/pizbube.ch\/en\/wp-json\/wp\/v2\/product_cat?post=153800"},{"taxonomy":"product_tag","embeddable":true,"href":"https:\/\/pizbube.ch\/en\/wp-json\/wp\/v2\/product_tag?post=153800"}],"curies":[{"name":"wp","href":"https:\/\/api.w.org\/{rel}","templated":true}]}}