{"id":153801,"date":"2021-01-15T12:52:41","date_gmt":"2021-01-15T12:52:41","guid":{"rendered":"https:\/\/codengine3.ch\/?product=import-placeholder-for-202961"},"modified":"2021-01-15T12:52:50","modified_gmt":"2021-01-15T12:52:50","slug":"zwischen-licht-und-schatten","status":"publish","type":"product","link":"https:\/\/pizbube.ch\/en\/shop\/zwischen-licht-und-schatten\/","title":{"rendered":"Zwischen Licht und Schatten"},"content":{"rendered":"<p>Im Fr\u00fchjahr 1970 bricht eine Expedition nach Pakistan auf &#8211; mit der Vision,<br \/>\n\u00fcber die gr\u00f6\u00dfte Steilwand der Erde, die 4.500 Meter hohe Rupalwand, den Gipfel<br \/>\ndes Nanga Parbat zu erreichen. Alle Teilnehmer geben trotz harter R\u00fcckschl\u00e4ge<br \/>\nihr Bestes, um doch noch eine letzte Gipfel-Chance zu nutzen. In dieser Phase<br \/>\nkommt es schlie\u00dflich zum Alleingang von Reinhold Messner. Kurz darauf folgt<br \/>\nihm eigenm\u00e4chtig sein Bruder G\u00fcnther. Irgendwann im weiteren Verlauf der<br \/>\nGeschehnisse endet dessen Leben. Reinhold Messner hingegen gelingt das<br \/>\n&#8218;Unm\u00f6gliche&#8216;: Er \u00fcberschreitet den Nanga Parbat &#8211; nach eigenen Berichten aus<br \/>\nder Not heraus und gemeinsam mit seinem Bruder G\u00fcnther. An der Wahrheit dieser<br \/>\nAussage bestehen jedoch nach wie vor berechtigte Zweifel.  <\/p>\n<p>Hans Saler beleuchtet in seinem packenden Buch nicht nur diese Frage und die<br \/>\nzahlreichen Widerspr\u00fcche in Messners Darstellungen &#8211; die auch durch die<br \/>\nj\u00fcngsten Funde sterblicher \u00dcberreste von G\u00fcnther Messner nicht ausger\u00e4umt sind<br \/>\n-, er erz\u00e4hlt vor allem auch die bewegende Geschichte der Menschen, die damals<br \/>\nam Nanga Parbat dabei waren. Zus\u00e4tzlich zu Aktualisierungen im Text wird diese<br \/>\nAuflage durch ein Nachwort des ber\u00fchmten Bergfilmers Gerhard Baur bereichert,<br \/>\nder neben Reinhold Messner der Letzte war, der G\u00fcnther Messner 1970 lebend<br \/>\ngesehen hat.<br \/>\n4. aktualisierte Auflage 2009  <\/p>","protected":false},"excerpt":{"rendered":"<p>Im Fr\u00fchjahr 1970 bricht eine Expedition nach Pakistan auf &#8211; mit der Vision, \u00fcber die gr\u00f6\u00dfte Steilwand der Erde, die 4.500 Meter hohe Rupalwand, den Gipfel des Nanga Parbat zu erreichen. Alle Teilnehmer geben trotz harter R\u00fcckschl\u00e4ge ihr Bestes, um doch noch eine letzte Gipfel-Chance zu nutzen. In dieser Phase kommt es schlie\u00dflich zum Alleingang [&#8230;]\n","protected":false},"featured_media":30458,"template":"","meta":[],"product_brand":[],"product_cat":[21542],"product_tag":[],"class_list":{"0":"post-153801","1":"product","2":"type-product","3":"status-publish","4":"has-post-thumbnail","6":"product_cat-sachbuecher-dokumentationen","7":"pa_autor-saler","8":"pa_erscheinungsjahr-21693","9":"pa_region-asien","10":"pa_sprache-de","12":"first","13":"instock","14":"taxable","15":"shipping-taxable","16":"purchasable","17":"product-type-simple"},"_links":{"self":[{"href":"https:\/\/pizbube.ch\/en\/wp-json\/wp\/v2\/product\/153801","targetHints":{"allow":["GET"]}}],"collection":[{"href":"https:\/\/pizbube.ch\/en\/wp-json\/wp\/v2\/product"}],"about":[{"href":"https:\/\/pizbube.ch\/en\/wp-json\/wp\/v2\/types\/product"}],"wp:featuredmedia":[{"embeddable":true,"href":"https:\/\/pizbube.ch\/en\/wp-json\/wp\/v2\/media\/30458"}],"wp:attachment":[{"href":"https:\/\/pizbube.ch\/en\/wp-json\/wp\/v2\/media?parent=153801"}],"wp:term":[{"taxonomy":"product_brand","embeddable":true,"href":"https:\/\/pizbube.ch\/en\/wp-json\/wp\/v2\/product_brand?post=153801"},{"taxonomy":"product_cat","embeddable":true,"href":"https:\/\/pizbube.ch\/en\/wp-json\/wp\/v2\/product_cat?post=153801"},{"taxonomy":"product_tag","embeddable":true,"href":"https:\/\/pizbube.ch\/en\/wp-json\/wp\/v2\/product_tag?post=153801"}],"curies":[{"name":"wp","href":"https:\/\/api.w.org\/{rel}","templated":true}]}}