{"id":153802,"date":"2021-01-15T12:52:41","date_gmt":"2021-01-15T12:52:41","guid":{"rendered":"https:\/\/codengine3.ch\/?product=import-placeholder-for-204240"},"modified":"2021-01-15T14:31:14","modified_gmt":"2021-01-15T14:31:14","slug":"die-nanga-notizen","status":"publish","type":"product","link":"https:\/\/pizbube.ch\/en\/shop\/die-nanga-notizen\/","title":{"rendered":"Die Nanga-Notizen"},"content":{"rendered":"<p>Roman; Eine Expedition zum Nanga Parbat. Dem Ausnahmebergsteiger<br \/>\nKarl Norbert Hentig gelingt mit seinem Partner Dashiell Reed<br \/>\ndie erste Durchsteigung eines enorm schwierigen Pfeilers- das<br \/>\nNonplusultra im Himalaya-Bergsteigen. Schon im leichteren<br \/>\nGipfelbereich treffen sie auf eine verungl\u00fcckte japanische Seilschaft.<br \/>\nEiner der Japaner ist bereits tot, der andere liegt im Sterben. Reed,<br \/>\nselbst schwer gezeichnet von den Strapazen der Tour, bleibt bei<br \/>\ndem Sterbenden, will ihn in seiner letzten Stunde nicht allein lassen.<br \/>\nHentig hingegen ist nicht bereit auf den Gipfel zu verzichten.<br \/>\nEr geht allein weiter, \u00fcberl\u00e4sst den Japaner und Reed dem Schicksal.<br \/>\nHentig kehrt zur\u00fcck, Reed und der Japaner sind verschollen. In den<br \/>\nMedien wird Hentigs Version von der Trag\u00f6die \u00fcbernommen, er selbst<br \/>\nwird zu einem Helden in der Tragik. Aber bei den Freunden und<br \/>\nAngeh\u00f6rigen von Dashiell Reed sind Zweifel aufgekommen.<br \/>\nZweifel an der Unvermeidbarkeit von Reeds Tod. Zweifel am<br \/>\nVerhalten Hentigs. Aber wie sollte man je etwas beweisen k\u00f6nnen?<br \/>\nDer Zufall hilft. Ein Jahr sp\u00e4ter finden Bergsteiger die Leiche des<br \/>\nJapaners- und bei ihr Notizen, die der Mann kurz vor seinem<br \/>\nTod gemacht hat. Ein paar japanische Schriftzeichen auf einem<br \/>\nkleinen St\u00fcck Papier. Zwei S\u00e4tze nur \u00fcber Hentigs Schuld. Diese<br \/>\nzwei S\u00e4tze werden zum K\u00f6der in einer Falle, in die Hentig tappt.<\/p>","protected":false},"excerpt":{"rendered":"<p>Roman; Eine Expedition zum Nanga Parbat. Dem Ausnahmebergsteiger Karl Norbert Hentig gelingt mit seinem Partner Dashiell Reed die erste Durchsteigung eines enorm schwierigen Pfeilers- das Nonplusultra im Himalaya-Bergsteigen. Schon im leichteren Gipfelbereich treffen sie auf eine verungl\u00fcckte japanische Seilschaft. Einer der Japaner ist bereits tot, der andere liegt im Sterben. Reed, selbst schwer gezeichnet von [&#8230;]\n","protected":false},"featured_media":32042,"template":"","meta":[],"product_brand":[],"product_cat":[21629],"product_tag":[],"class_list":{"0":"post-153802","1":"product","2":"type-product","3":"status-publish","4":"has-post-thumbnail","6":"product_cat-belletristik","7":"pa_autor-koenig","8":"pa_erscheinungsjahr-21763","9":"pa_region-asien","10":"pa_sprache-de","12":"first","13":"outofstock","14":"taxable","15":"shipping-taxable","16":"purchasable","17":"product-type-simple"},"_links":{"self":[{"href":"https:\/\/pizbube.ch\/en\/wp-json\/wp\/v2\/product\/153802","targetHints":{"allow":["GET"]}}],"collection":[{"href":"https:\/\/pizbube.ch\/en\/wp-json\/wp\/v2\/product"}],"about":[{"href":"https:\/\/pizbube.ch\/en\/wp-json\/wp\/v2\/types\/product"}],"wp:featuredmedia":[{"embeddable":true,"href":"https:\/\/pizbube.ch\/en\/wp-json\/wp\/v2\/media\/32042"}],"wp:attachment":[{"href":"https:\/\/pizbube.ch\/en\/wp-json\/wp\/v2\/media?parent=153802"}],"wp:term":[{"taxonomy":"product_brand","embeddable":true,"href":"https:\/\/pizbube.ch\/en\/wp-json\/wp\/v2\/product_brand?post=153802"},{"taxonomy":"product_cat","embeddable":true,"href":"https:\/\/pizbube.ch\/en\/wp-json\/wp\/v2\/product_cat?post=153802"},{"taxonomy":"product_tag","embeddable":true,"href":"https:\/\/pizbube.ch\/en\/wp-json\/wp\/v2\/product_tag?post=153802"}],"curies":[{"name":"wp","href":"https:\/\/api.w.org\/{rel}","templated":true}]}}