{"id":153803,"date":"2021-01-15T12:52:47","date_gmt":"2021-01-15T12:52:47","guid":{"rendered":"https:\/\/codengine3.ch\/?product=import-placeholder-for-206055"},"modified":"2021-01-15T14:46:01","modified_gmt":"2021-01-15T14:46:01","slug":"nanga-parbat-das-drama-1970-und-die-kontroverse","status":"publish","type":"product","link":"https:\/\/pizbube.ch\/en\/shop\/nanga-parbat-das-drama-1970-und-die-kontroverse\/","title":{"rendered":"Nanga Parbat &#8211; Das Drama 1970 und die Kontroverse"},"content":{"rendered":"<p>Fakten, Fragen, Hintergr\u00fcnde zur Messner-Trag\u00f6die von 1970  <\/p>\n<p>Es ist das am h\u00e4ufigsten erz\u00e4hlte und am sch\u00e4rfsten debattierte Bergsteiger-<br \/>\nDrama: die Geschichte um Reinhold Messner und den Tod seines Bruders G\u00fcnther<br \/>\n1970 am Nanga Parbat. Eine Trag\u00f6die voller Widerspr\u00fcche, begleitet von<br \/>\nKontroversen, Verd\u00e4chtigungen und Schuldzuweisungen. Die \u00d6ffentlichkeit nimmt<br \/>\nvon dieser Geschichte nur die medienwirksamen Spitzen, wie zuletzt den<br \/>\nSpielfilm &#8218;Nanga Parbat&#8216; von Joseph Vilsmaier, wahr. Die eigentlichen Fragen<br \/>\nrund um Nanga Parbat 1970 lassen sich damit jedoch nicht beantworten.<br \/>\nHatte Reinhold Messner damals die \u00dcberschreitung des Berges beabsichtigt? Oder<br \/>\nwar er auf der anderen Seite des Berges abgestiegen, weil es mit dem<br \/>\nh\u00f6henkranken Bruder keinen anderen Ausweg gab? Warum hatte Messner nicht<br \/>\neindeutig auf eine Notlage hingewiesen, als zwei andere Expeditionsmitglieder<br \/>\nin seiner N\u00e4he vorbeistiegen? Warum hatten diese nicht versucht, ihn zu<br \/>\nerreichen? War G\u00fcnther erst am Wandfu\u00df von einer Eislawine versch\u00fcttet worden?<br \/>\nOder war er schon vorher gestorben? Hatte die Expeditionsleitung versagt und<br \/>\nvers\u00e4umt, den verschollenen Messners zu Hilfe zu kommen?  <\/p>\n<p>Jochen Hemmleb greift diese Fragen auf, gibt sich mit einfachen Antworten und<br \/>\nmedienwirksamer Schwarz-Wei\u00df-Malerei nicht zufrieden \u2013 sondern hakt nach: Mit<br \/>\nder gebotenen Distanz des unabh\u00e4ngigen Betrachters, mit klarem Blick f\u00fcr die<br \/>\nKomplexit\u00e4t der Fakten und mit dem ihm eigenen detektivischen Sp\u00fcrsinn<br \/>\nbeobachtet und analysiert er die Geschehnisse um Nanga Parbat 1970. Er h\u00f6rt<br \/>\ndie Stimmen aller Beteiligten, deckt Zusammenh\u00e4nge auf und skizziert<br \/>\nEntwicklungen, die die Ereignisse und Protagonisten in einem neuen,<br \/>\ndifferenzierten Licht erscheinen lassen.<br \/>\nSo entstand die erste und einzige vollst\u00e4ndige und unabh\u00e4ngige Darstellung,<br \/>\nwie und warum die Messner-Trag\u00f6die zum gr\u00f6\u00dften Streitfall in der<br \/>\nAlpingeschichte wurde: Ein Buch, das unter die Haut geht, fundiert und<br \/>\nakribisch recherchiert wie ein Fachbuch, packend wie ein Krimi.  <\/p>","protected":false},"excerpt":{"rendered":"<p>Fakten, Fragen, Hintergr\u00fcnde zur Messner-Trag\u00f6die von 1970 Es ist das am h\u00e4ufigsten erz\u00e4hlte und am sch\u00e4rfsten debattierte Bergsteiger- Drama: die Geschichte um Reinhold Messner und den Tod seines Bruders G\u00fcnther 1970 am Nanga Parbat. Eine Trag\u00f6die voller Widerspr\u00fcche, begleitet von Kontroversen, Verd\u00e4chtigungen und Schuldzuweisungen. Die \u00d6ffentlichkeit nimmt von dieser Geschichte nur die medienwirksamen Spitzen, wie [&#8230;]\n","protected":false},"featured_media":34950,"template":"","meta":[],"product_brand":[],"product_cat":[21542],"product_tag":[],"class_list":{"0":"post-153803","1":"product","2":"type-product","3":"status-publish","4":"has-post-thumbnail","6":"product_cat-sachbuecher-dokumentationen","7":"pa_autor-hemmleb","8":"pa_erscheinungsjahr-21830","9":"pa_region-oesterreich","10":"pa_sprache-de","12":"first","13":"instock","14":"taxable","15":"shipping-taxable","16":"purchasable","17":"product-type-simple"},"_links":{"self":[{"href":"https:\/\/pizbube.ch\/en\/wp-json\/wp\/v2\/product\/153803","targetHints":{"allow":["GET"]}}],"collection":[{"href":"https:\/\/pizbube.ch\/en\/wp-json\/wp\/v2\/product"}],"about":[{"href":"https:\/\/pizbube.ch\/en\/wp-json\/wp\/v2\/types\/product"}],"wp:featuredmedia":[{"embeddable":true,"href":"https:\/\/pizbube.ch\/en\/wp-json\/wp\/v2\/media\/34950"}],"wp:attachment":[{"href":"https:\/\/pizbube.ch\/en\/wp-json\/wp\/v2\/media?parent=153803"}],"wp:term":[{"taxonomy":"product_brand","embeddable":true,"href":"https:\/\/pizbube.ch\/en\/wp-json\/wp\/v2\/product_brand?post=153803"},{"taxonomy":"product_cat","embeddable":true,"href":"https:\/\/pizbube.ch\/en\/wp-json\/wp\/v2\/product_cat?post=153803"},{"taxonomy":"product_tag","embeddable":true,"href":"https:\/\/pizbube.ch\/en\/wp-json\/wp\/v2\/product_tag?post=153803"}],"curies":[{"name":"wp","href":"https:\/\/api.w.org\/{rel}","templated":true}]}}