{"id":153805,"date":"2021-01-15T12:52:47","date_gmt":"2021-01-15T12:52:47","guid":{"rendered":"https:\/\/codengine3.ch\/?product=import-placeholder-for-208689"},"modified":"2024-06-28T15:59:50","modified_gmt":"2024-06-28T13:59:50","slug":"harz-rocks-1-okertal","status":"publish","type":"product","link":"https:\/\/pizbube.ch\/en\/shop\/harz-rocks-1-okertal\/","title":{"rendered":"Harz Rocks 1 &#8211; Okertal"},"content":{"rendered":"<p>Klettern im Westharz ist zuallererst Granit pur. Rau aber herzlich lautet das<br \/>\nMotto. Es ist aber besonders Klettern in der Natur.<\/p>\n<p>Tiefe W\u00e4lder, \u00fcberraschend phantasievoll geformte Felsen und romantische<br \/>\nGebirgsb\u00e4che machen den Harz zu einem der sch\u00f6nsten deutschen Mittelgebirge.<\/p>\n<p>Neben komplett eingerichteten Routen mit Bohrhaken gibt es auch viele Mix-<br \/>\nRouten, in denen man mit Keilen und Friends selbst absichert. Einige der<br \/>\nbesten Rissklettereien Norddeutschlands finden sich hier!<\/p>\n<p>Der Schwerpunkt liegt auf leichten und mittelschweren Routen, aber es gibt<br \/>\nauch jede Menge sportliche 8er, 9er und auch schon eine Handvoll 10er. Ideal<br \/>\nf\u00fcr den Kletterer, dem es am Wochenende im Ith zu voll ist und der das<br \/>\nganzheitliche Klettererlebnis sucht.<\/p>\n<p>Perfekte Fototopos, pr\u00e4zise Zugangs- und Anstiegsskizzen + detailierte<br \/>\nBeschreibungen, Routeninfos, Sternchenbewertungen, Tipps zur Absicherung.<\/p>\n<p>deutsch \/ englisch; komplett farbig; Quadratformat 19 x 19 cm, 288 Seiten<\/p>","protected":false},"excerpt":{"rendered":"<p>Klettern im Westharz ist zuallererst Granit pur. Rau aber herzlich lautet das Motto. Es ist aber besonders Klettern in der Natur. Tiefe W\u00e4lder, \u00fcberraschend phantasievoll geformte Felsen und romantische Gebirgsb\u00e4che machen den Harz zu einem der sch\u00f6nsten deutschen Mittelgebirge. Neben komplett eingerichteten Routen mit Bohrhaken gibt es auch viele Mix- Routen, in denen man mit [&#8230;]\n","protected":false},"featured_media":173668,"template":"","meta":[],"product_brand":[],"product_cat":[21539],"product_tag":[],"class_list":{"0":"post-153805","1":"product","2":"type-product","3":"status-publish","4":"has-post-thumbnail","6":"product_cat-fuehrerliteratur-sportklettern-bouldern","7":"pa_autor-hake","8":"pa_erscheinungsjahr-21586","9":"pa_region-deutschland","10":"pa_sprache-de","12":"first","13":"instock","14":"taxable","15":"shipping-taxable","16":"purchasable","17":"product-type-simple"},"_links":{"self":[{"href":"https:\/\/pizbube.ch\/en\/wp-json\/wp\/v2\/product\/153805","targetHints":{"allow":["GET"]}}],"collection":[{"href":"https:\/\/pizbube.ch\/en\/wp-json\/wp\/v2\/product"}],"about":[{"href":"https:\/\/pizbube.ch\/en\/wp-json\/wp\/v2\/types\/product"}],"wp:featuredmedia":[{"embeddable":true,"href":"https:\/\/pizbube.ch\/en\/wp-json\/wp\/v2\/media\/173668"}],"wp:attachment":[{"href":"https:\/\/pizbube.ch\/en\/wp-json\/wp\/v2\/media?parent=153805"}],"wp:term":[{"taxonomy":"product_brand","embeddable":true,"href":"https:\/\/pizbube.ch\/en\/wp-json\/wp\/v2\/product_brand?post=153805"},{"taxonomy":"product_cat","embeddable":true,"href":"https:\/\/pizbube.ch\/en\/wp-json\/wp\/v2\/product_cat?post=153805"},{"taxonomy":"product_tag","embeddable":true,"href":"https:\/\/pizbube.ch\/en\/wp-json\/wp\/v2\/product_tag?post=153805"}],"curies":[{"name":"wp","href":"https:\/\/api.w.org\/{rel}","templated":true}]}}