{"id":153806,"date":"2021-01-15T12:52:47","date_gmt":"2021-01-15T12:52:47","guid":{"rendered":"https:\/\/codengine3.ch\/?product=import-placeholder-for-203959"},"modified":"2022-08-16T10:27:14","modified_gmt":"2022-08-16T08:27:14","slug":"welterbe-jungfrau-aletsch-bietschhorn","status":"publish","type":"product","link":"https:\/\/pizbube.ch\/en\/shop\/welterbe-jungfrau-aletsch-bietschhorn\/","title":{"rendered":"Welterbe Jungfrau &#8211; Aletsch &#8211; Bietschhorn"},"content":{"rendered":"<p>Wanderungen durch urt\u00fcmliche Berglandschaften.<\/p>\n<p>In 17 Etappen kann man die eindr\u00fcckliche Gebirgslandschaft umwandern und<br \/>\n41 lohnende Abstecher f\u00fchren ins Herzen des Welterbe Gebietes. Farbfotos,<br \/>\nKarten. 112 S.<\/p>","protected":false},"excerpt":{"rendered":"<p>Wanderungen durch urt\u00fcmliche Berglandschaften. In 17 Etappen kann man die eindr\u00fcckliche Gebirgslandschaft umwandern und 41 lohnende Abstecher f\u00fchren ins Herzen des Welterbe Gebietes. Farbfotos, Karten. 112 S.<\/p>","protected":false},"featured_media":31677,"template":"","meta":[],"product_brand":[],"product_cat":[21605],"product_tag":[],"class_list":{"0":"post-153806","1":"product","2":"type-product","3":"status-publish","4":"has-post-thumbnail","6":"product_cat-wanderfuehrer-trekking","7":"pa_autor-kummer","8":"pa_erscheinungsjahr-21776","9":"pa_region-schweiz","10":"pa_sprache-de","12":"first","13":"instock","14":"taxable","15":"shipping-taxable","16":"purchasable","17":"product-type-simple"},"_links":{"self":[{"href":"https:\/\/pizbube.ch\/en\/wp-json\/wp\/v2\/product\/153806","targetHints":{"allow":["GET"]}}],"collection":[{"href":"https:\/\/pizbube.ch\/en\/wp-json\/wp\/v2\/product"}],"about":[{"href":"https:\/\/pizbube.ch\/en\/wp-json\/wp\/v2\/types\/product"}],"wp:featuredmedia":[{"embeddable":true,"href":"https:\/\/pizbube.ch\/en\/wp-json\/wp\/v2\/media\/31677"}],"wp:attachment":[{"href":"https:\/\/pizbube.ch\/en\/wp-json\/wp\/v2\/media?parent=153806"}],"wp:term":[{"taxonomy":"product_brand","embeddable":true,"href":"https:\/\/pizbube.ch\/en\/wp-json\/wp\/v2\/product_brand?post=153806"},{"taxonomy":"product_cat","embeddable":true,"href":"https:\/\/pizbube.ch\/en\/wp-json\/wp\/v2\/product_cat?post=153806"},{"taxonomy":"product_tag","embeddable":true,"href":"https:\/\/pizbube.ch\/en\/wp-json\/wp\/v2\/product_tag?post=153806"}],"curies":[{"name":"wp","href":"https:\/\/api.w.org\/{rel}","templated":true}]}}