{"id":153808,"date":"2021-01-15T12:52:49","date_gmt":"2021-01-15T12:52:49","guid":{"rendered":"https:\/\/codengine3.ch\/?product=import-placeholder-for-204235"},"modified":"2021-01-15T14:31:11","modified_gmt":"2021-01-15T14:31:11","slug":"die-schoensten-gipfelziele-der-schweiz","status":"publish","type":"product","link":"https:\/\/pizbube.ch\/en\/shop\/die-schoensten-gipfelziele-der-schweiz\/","title":{"rendered":"Die sch\u00f6nsten Gipfelziele der Schweiz"},"content":{"rendered":"<p>75 Bergerlebisse f\u00fcr Wanderer  <\/p>\n<p>Dieses Buch f\u00fchrt uns auf 75 der sch\u00f6nsten Wandergipfel in allen Teilen der<br \/>\nSchweizer Alpen. Neben bekannten Zielen verr\u00e4t uns der Autor auch Geheimtipps<br \/>\nweniger bekannter Berge.  <\/p>\n<p>Jeder Gipfel wird auf einer Doppelseite ausf\u00fchrlich pr\u00e4sentiert: mit einem<br \/>\nunterhaltsamen und informativen Text und allen notwendigen praktischen<br \/>\nInformationen zum Gebiet und zum Berg, wie Ausgangspunkte,<br \/>\nSchwierigkeitsgrad,Wanderzeiten, H\u00fctten und Verpflegungsm\u00f6glichkeiten sowie<br \/>\neiner Kartenskizze mit den lohnendsten Aufstiegsrouten. Besonders wertvoll<br \/>\nsind die zuverl\u00e4ssigen Informationen und die Bewertung der Touren nach den<br \/>\nKategorien &#8218;Wandergipfel f\u00fcr Familien&#8216;,&#8217;Wandergipfel f\u00fcr erfahrene Wanderer&#8216;<br \/>\nund &#8218;Alpine Gipfel&#8216;.  <\/p>\n<p>Das ideale Buch f\u00fcr alle, die Ausfl\u00fcge in bekannte und unbekanntere Ecken der<br \/>\nSchweiz planen. \u00dcber 150 pr\u00e4chtige Farbfotos verf\u00fchren zu attraktiven<br \/>\nWanderungen in den Schweizer Alpen.  <\/p>","protected":false},"excerpt":{"rendered":"<ul>\n<li><b>INFO: Vergriffen, keine Neuauflage <b><\/li>\n<\/ul>","protected":false},"featured_media":32034,"template":"","meta":[],"product_brand":[],"product_cat":[21542],"product_tag":[],"class_list":{"0":"post-153808","1":"product","2":"type-product","3":"status-publish","4":"has-post-thumbnail","6":"product_cat-sachbuecher-dokumentationen","7":"pa_autor-donatsch","8":"pa_erscheinungsjahr-21591","9":"pa_region-schweiz","10":"pa_sprache-de","12":"first","13":"outofstock","14":"taxable","15":"shipping-taxable","16":"purchasable","17":"product-type-simple"},"_links":{"self":[{"href":"https:\/\/pizbube.ch\/en\/wp-json\/wp\/v2\/product\/153808","targetHints":{"allow":["GET"]}}],"collection":[{"href":"https:\/\/pizbube.ch\/en\/wp-json\/wp\/v2\/product"}],"about":[{"href":"https:\/\/pizbube.ch\/en\/wp-json\/wp\/v2\/types\/product"}],"wp:featuredmedia":[{"embeddable":true,"href":"https:\/\/pizbube.ch\/en\/wp-json\/wp\/v2\/media\/32034"}],"wp:attachment":[{"href":"https:\/\/pizbube.ch\/en\/wp-json\/wp\/v2\/media?parent=153808"}],"wp:term":[{"taxonomy":"product_brand","embeddable":true,"href":"https:\/\/pizbube.ch\/en\/wp-json\/wp\/v2\/product_brand?post=153808"},{"taxonomy":"product_cat","embeddable":true,"href":"https:\/\/pizbube.ch\/en\/wp-json\/wp\/v2\/product_cat?post=153808"},{"taxonomy":"product_tag","embeddable":true,"href":"https:\/\/pizbube.ch\/en\/wp-json\/wp\/v2\/product_tag?post=153808"}],"curies":[{"name":"wp","href":"https:\/\/api.w.org\/{rel}","templated":true}]}}