{"id":153811,"date":"2021-01-15T12:52:55","date_gmt":"2021-01-15T12:52:55","guid":{"rendered":"https:\/\/codengine3.ch\/?product=import-placeholder-for-203219"},"modified":"2023-07-29T09:26:00","modified_gmt":"2023-07-29T07:26:00","slug":"ortler-ortles-cevedale-1-50-000","status":"publish","type":"product","link":"https:\/\/pizbube.ch\/en\/shop\/ortler-ortles-cevedale-1-50-000\/","title":{"rendered":"Ortler \/ Ortles Cevedale 1: 50 000"},"content":{"rendered":"<p>Enth\u00e4lt alles Wissenswerte f\u00fcr Wanderer wie aktuelle Wanderwege mit<br \/>\nMarkierungen, empfehlenswerte Radrouten, Skitouren und wichtige touristische<br \/>\nInformationen.<\/p>\n<p>Ein \u00fcbersichtlich gestaltetes Beiheft (deutsch und italienisch) mit<br \/>\nzahlreichen Farbfotos informiert \u00fcber Orte und Schutzh\u00fctten sowie<br \/>\nempfehlenswerte Touren, Sehensw\u00fcrdigkeiten und Freizeiteinrichtungen.<\/p>\n<p>(Blatt 72)<\/p>","protected":false},"excerpt":{"rendered":"<p>Enth\u00e4lt alles Wissenswerte f\u00fcr Wanderer wie aktuelle Wanderwege mit Markierungen, empfehlenswerte Radrouten, Skitouren und wichtige touristische Informationen. Ein \u00fcbersichtlich gestaltetes Beiheft (deutsch und italienisch) mit zahlreichen Farbfotos informiert \u00fcber Orte und Schutzh\u00fctten sowie empfehlenswerte Touren, Sehensw\u00fcrdigkeiten und Freizeiteinrichtungen. (Blatt 72)<\/p>","protected":false},"featured_media":168817,"template":"","meta":[],"product_brand":[],"product_cat":[21543],"product_tag":[],"class_list":{"0":"post-153811","1":"product","2":"type-product","3":"status-publish","4":"has-post-thumbnail","6":"product_cat-landkarten","7":"pa_autor-kompass","8":"pa_erscheinungsjahr-25440","9":"pa_region-italien","10":"pa_sprache-d","11":"pa_sprache-i","13":"first","14":"instock","15":"taxable","16":"shipping-taxable","17":"purchasable","18":"product-type-simple"},"_links":{"self":[{"href":"https:\/\/pizbube.ch\/en\/wp-json\/wp\/v2\/product\/153811","targetHints":{"allow":["GET"]}}],"collection":[{"href":"https:\/\/pizbube.ch\/en\/wp-json\/wp\/v2\/product"}],"about":[{"href":"https:\/\/pizbube.ch\/en\/wp-json\/wp\/v2\/types\/product"}],"wp:featuredmedia":[{"embeddable":true,"href":"https:\/\/pizbube.ch\/en\/wp-json\/wp\/v2\/media\/168817"}],"wp:attachment":[{"href":"https:\/\/pizbube.ch\/en\/wp-json\/wp\/v2\/media?parent=153811"}],"wp:term":[{"taxonomy":"product_brand","embeddable":true,"href":"https:\/\/pizbube.ch\/en\/wp-json\/wp\/v2\/product_brand?post=153811"},{"taxonomy":"product_cat","embeddable":true,"href":"https:\/\/pizbube.ch\/en\/wp-json\/wp\/v2\/product_cat?post=153811"},{"taxonomy":"product_tag","embeddable":true,"href":"https:\/\/pizbube.ch\/en\/wp-json\/wp\/v2\/product_tag?post=153811"}],"curies":[{"name":"wp","href":"https:\/\/api.w.org\/{rel}","templated":true}]}}