{"id":153812,"date":"2021-01-15T12:52:55","date_gmt":"2021-01-15T12:52:55","guid":{"rendered":"https:\/\/codengine3.ch\/?product=import-placeholder-for-203415"},"modified":"2021-10-23T10:58:21","modified_gmt":"2021-10-23T08:58:21","slug":"die-weisse-einsamkeit-tb","status":"publish","type":"product","link":"https:\/\/pizbube.ch\/en\/shop\/die-weisse-einsamkeit-tb\/","title":{"rendered":"Die weisse Einsamkeit &#8211; Mein langer Weg zum Nanga Parbat"},"content":{"rendered":"<p>1970 gelang den Br\u00fcdern Messner die \u00dcberschreitung des Nanga Parbat. Doch im Erfolg erlebte Reinhold seine gr\u00f6\u00dfte Niederlage: Sein Bruder G\u00fcnther wurde unter einer Eislawine begraben. Immer wieder ist Messner danach an den \u201eNackten Berg\u201c zur\u00fcckgekehrt;1978 meisterte er den Berg im Alleingang mit neuer Route und neuem Stil.<\/p>\n<p>Nirgendwo liegen f\u00fcr ihn Triumph und Trag\u00f6die so eng beieinander. \u201eDie wei\u00dfe Einsamkeit\u201c ist eine Geschichte zwischen Schuld und Schicksal sowie die bewegte Chronik jenes Berges. 2005 endlich wurde mithilfe einer DNA-Analyse eindeutig nachgewiesen, dass G\u00fcnther Messner erst nach der gemeinsamen \u00dcberschreitung am Fu\u00df der Diamirwand des Berges verungl\u00fcckt ist.<\/p>\n<p>352 Seiten, Klappenbroschur<\/p>","protected":false},"excerpt":{"rendered":"<p>1970 gelang den Br\u00fcdern Messner die \u00dcberschreitung des Nanga Parbat. Doch im Erfolg erlebte Reinhold seine gr\u00f6\u00dfte Niederlage: Sein Bruder G\u00fcnther wurde unter einer Eislawine begraben. Immer wieder ist Messner danach an den \u201eNackten Berg\u201c zur\u00fcckgekehrt;1978 meisterte er den Berg im Alleingang mit neuer Route und neuem Stil. Nirgendwo liegen f\u00fcr ihn Triumph und Trag\u00f6die [&#8230;]\n","protected":false},"featured_media":159366,"template":"","meta":[],"product_brand":[],"product_cat":[21542],"product_tag":[],"class_list":{"0":"post-153812","1":"product","2":"type-product","3":"status-publish","4":"has-post-thumbnail","6":"product_cat-sachbuecher-dokumentationen","7":"pa_autor-messner","8":"pa_region-asien","9":"pa_sprache-de","11":"first","12":"instock","13":"taxable","14":"shipping-taxable","15":"purchasable","16":"product-type-simple"},"_links":{"self":[{"href":"https:\/\/pizbube.ch\/en\/wp-json\/wp\/v2\/product\/153812","targetHints":{"allow":["GET"]}}],"collection":[{"href":"https:\/\/pizbube.ch\/en\/wp-json\/wp\/v2\/product"}],"about":[{"href":"https:\/\/pizbube.ch\/en\/wp-json\/wp\/v2\/types\/product"}],"wp:featuredmedia":[{"embeddable":true,"href":"https:\/\/pizbube.ch\/en\/wp-json\/wp\/v2\/media\/159366"}],"wp:attachment":[{"href":"https:\/\/pizbube.ch\/en\/wp-json\/wp\/v2\/media?parent=153812"}],"wp:term":[{"taxonomy":"product_brand","embeddable":true,"href":"https:\/\/pizbube.ch\/en\/wp-json\/wp\/v2\/product_brand?post=153812"},{"taxonomy":"product_cat","embeddable":true,"href":"https:\/\/pizbube.ch\/en\/wp-json\/wp\/v2\/product_cat?post=153812"},{"taxonomy":"product_tag","embeddable":true,"href":"https:\/\/pizbube.ch\/en\/wp-json\/wp\/v2\/product_tag?post=153812"}],"curies":[{"name":"wp","href":"https:\/\/api.w.org\/{rel}","templated":true}]}}