{"id":153813,"date":"2021-01-15T12:52:55","date_gmt":"2021-01-15T12:52:55","guid":{"rendered":"https:\/\/codengine3.ch\/?product=import-placeholder-for-205257"},"modified":"2021-01-15T14:39:54","modified_gmt":"2021-01-15T14:39:54","slug":"der-einsame-tod","status":"publish","type":"product","link":"https:\/\/pizbube.ch\/en\/shop\/der-einsame-tod\/","title":{"rendered":"Der einsame Tod"},"content":{"rendered":"<p>Die Legende G\u00fcnther Messner.  <\/p>\n<p>Die Antwort auf das gro\u00dfe Medieninteresse: Die Trag\u00f6die am Nanga Parbat und<br \/>\nihre Fortsetzung. &#8218;Eine Leiche, hundert Fragen&#8216;, titelte &#8218;Der Spiegel&#8216;. Der<br \/>\nGipfelsieg am Nanga Parbat 1970 markiert den Beginn der au\u00dfergew\u00f6hnlichen<br \/>\nKarriere des Reinhold Messner.  <\/p>\n<p>Doch er hatte einen Preis: den Tod des Bruders, G\u00fcnther, der unter ungekl\u00e4rten<br \/>\nUmst\u00e4nden ums Leben kam. Nun, nach \u00fcber 30 Jahren, wurde seine Leiche gefunden<br \/>\n&#8211; die Messner sofort feuerbestatten lie\u00df. Weiterhin unbeantwortet blieben<br \/>\nindessen die Fragen nach dem Warum, Wie und Wo dieses tragischen Todes.<br \/>\nExpeditionsteilnehmer von Kienlin beantwortet sie in seiner spannenden<br \/>\nReportage ausgehend von der besonderen Beziehung der legend\u00e4ren Bergsteiger-<br \/>\nBr\u00fcder.<br \/>\ns\/w. Fotos. 220 S<\/p>","protected":false},"excerpt":{"rendered":"<p>Die Legende G\u00fcnther Messner. Die Antwort auf das gro\u00dfe Medieninteresse: Die Trag\u00f6die am Nanga Parbat und ihre Fortsetzung. &#8218;Eine Leiche, hundert Fragen&#8216;, titelte &#8218;Der Spiegel&#8216;. Der Gipfelsieg am Nanga Parbat 1970 markiert den Beginn der au\u00dfergew\u00f6hnlichen Karriere des Reinhold Messner. Doch er hatte einen Preis: den Tod des Bruders, G\u00fcnther, der unter ungekl\u00e4rten Umst\u00e4nden ums [&#8230;]\n","protected":false},"featured_media":33912,"template":"","meta":[],"product_brand":[],"product_cat":[21542],"product_tag":[],"class_list":{"0":"post-153813","1":"product","2":"type-product","3":"status-publish","4":"has-post-thumbnail","6":"product_cat-sachbuecher-dokumentationen","7":"pa_autor-von-kienlin","8":"pa_erscheinungsjahr-21763","9":"pa_region-deutschland","10":"pa_sprache-de","12":"first","13":"instock","14":"taxable","15":"shipping-taxable","16":"purchasable","17":"product-type-simple"},"_links":{"self":[{"href":"https:\/\/pizbube.ch\/en\/wp-json\/wp\/v2\/product\/153813","targetHints":{"allow":["GET"]}}],"collection":[{"href":"https:\/\/pizbube.ch\/en\/wp-json\/wp\/v2\/product"}],"about":[{"href":"https:\/\/pizbube.ch\/en\/wp-json\/wp\/v2\/types\/product"}],"wp:featuredmedia":[{"embeddable":true,"href":"https:\/\/pizbube.ch\/en\/wp-json\/wp\/v2\/media\/33912"}],"wp:attachment":[{"href":"https:\/\/pizbube.ch\/en\/wp-json\/wp\/v2\/media?parent=153813"}],"wp:term":[{"taxonomy":"product_brand","embeddable":true,"href":"https:\/\/pizbube.ch\/en\/wp-json\/wp\/v2\/product_brand?post=153813"},{"taxonomy":"product_cat","embeddable":true,"href":"https:\/\/pizbube.ch\/en\/wp-json\/wp\/v2\/product_cat?post=153813"},{"taxonomy":"product_tag","embeddable":true,"href":"https:\/\/pizbube.ch\/en\/wp-json\/wp\/v2\/product_tag?post=153813"}],"curies":[{"name":"wp","href":"https:\/\/api.w.org\/{rel}","templated":true}]}}