{"id":153814,"date":"2021-01-15T12:52:55","date_gmt":"2021-01-15T12:52:55","guid":{"rendered":"https:\/\/codengine3.ch\/?product=import-placeholder-for-204881"},"modified":"2025-12-16T13:44:46","modified_gmt":"2025-12-16T12:44:46","slug":"schweden-sarek","status":"publish","type":"product","link":"https:\/\/pizbube.ch\/en\/shop\/schweden-sarek\/","title":{"rendered":"Schweden: Sarek"},"content":{"rendered":"<p>Schroffe Gipfel, m\u00e4chtige Gletscher, karge Hocht\u00e4ler, rei\u00dfende Fl\u00fcsse und<br \/>\ndichte W\u00e4lder: Der Sarek im Norden der schwedischen Fj\u00e4llkette ist eine<br \/>\nvielf\u00e4ltige und eindrucksvolle Hochgebirgslandschaft, die oft als `letzte<br \/>\nWildnis Europas` bezeichnet wird.<\/p>\n<p>Der Sarek-Nationalpark wurde vor fast 100 Jahren eingerichtet, um diese<br \/>\neinmalige Landschaft in ihrer Nat\u00fcrlichkeit zu erhalten und vor anderen<br \/>\nEinfl\u00fcssen zu sch\u00fctzen. Abgelegen, nahezu weglos, oft mit harten<br \/>\nWetterbedingungen und ohne H\u00fctten stellt der Sarek besondere Anspr\u00fcche, \u00fcbt<br \/>\naber einen gro\u00dfen Reiz auf erfahrene Wanderer aus auf der Suche nach<br \/>\nschwierigen und gleichwohl lohnenden Touren.<\/p>\n<p>Diese vollst\u00e4ndige Neubearbeitung des `OutdoorHandbuches Schweden: Sarek` ist<br \/>\nan Leser gerichtet, die bereits \u00fcber einige Erfahrung mit Fj\u00e4lltouren in<br \/>\nSkandinavien verf\u00fcgen und sich ger\u00fcstet f\u00fchlen, abseits der \u00f6fter begangenen<br \/>\nmarkierten Wanderwege auf eigene Faust und auf sich alleine gestellt unterwegs<br \/>\nzu sein.<br \/>\n2. Auflage 2011, 186 Seiten, 2 Farbkarten, 36 farbige Abbildungen<\/p>","protected":false},"excerpt":{"rendered":"<p>Schroffe Gipfel, m\u00e4chtige Gletscher, karge Hocht\u00e4ler, rei\u00dfende Fl\u00fcsse und dichte W\u00e4lder: Der Sarek im Norden der schwedischen Fj\u00e4llkette ist eine vielf\u00e4ltige und eindrucksvolle Hochgebirgslandschaft, die oft als `letzte Wildnis Europas` bezeichnet wird. Der Sarek-Nationalpark wurde vor fast 100 Jahren eingerichtet, um diese einmalige Landschaft in ihrer Nat\u00fcrlichkeit zu erhalten und vor anderen Einfl\u00fcssen zu sch\u00fctzen. [&#8230;]\n","protected":false},"featured_media":33419,"template":"","meta":[],"product_brand":[],"product_cat":[21605],"product_tag":[],"class_list":{"0":"post-153814","1":"product","2":"type-product","3":"status-publish","4":"has-post-thumbnail","6":"product_cat-wanderfuehrer-trekking","7":"pa_autor-drexhage-hell","8":"pa_erscheinungsjahr-21610","9":"pa_region-skandinavien-norwegen-schweden-finnland","10":"pa_sprache-de","12":"first","13":"outofstock","14":"taxable","15":"shipping-taxable","16":"purchasable","17":"product-type-simple"},"_links":{"self":[{"href":"https:\/\/pizbube.ch\/en\/wp-json\/wp\/v2\/product\/153814","targetHints":{"allow":["GET"]}}],"collection":[{"href":"https:\/\/pizbube.ch\/en\/wp-json\/wp\/v2\/product"}],"about":[{"href":"https:\/\/pizbube.ch\/en\/wp-json\/wp\/v2\/types\/product"}],"wp:featuredmedia":[{"embeddable":true,"href":"https:\/\/pizbube.ch\/en\/wp-json\/wp\/v2\/media\/33419"}],"wp:attachment":[{"href":"https:\/\/pizbube.ch\/en\/wp-json\/wp\/v2\/media?parent=153814"}],"wp:term":[{"taxonomy":"product_brand","embeddable":true,"href":"https:\/\/pizbube.ch\/en\/wp-json\/wp\/v2\/product_brand?post=153814"},{"taxonomy":"product_cat","embeddable":true,"href":"https:\/\/pizbube.ch\/en\/wp-json\/wp\/v2\/product_cat?post=153814"},{"taxonomy":"product_tag","embeddable":true,"href":"https:\/\/pizbube.ch\/en\/wp-json\/wp\/v2\/product_tag?post=153814"}],"curies":[{"name":"wp","href":"https:\/\/api.w.org\/{rel}","templated":true}]}}