{"id":153815,"date":"2021-01-15T12:52:55","date_gmt":"2021-01-15T12:52:55","guid":{"rendered":"https:\/\/codengine3.ch\/?product=import-placeholder-for-204840"},"modified":"2021-03-17T10:22:50","modified_gmt":"2021-03-17T09:22:50","slug":"skandinavien-nordkalottleden","status":"publish","type":"product","link":"https:\/\/pizbube.ch\/en\/shop\/skandinavien-nordkalottleden\/","title":{"rendered":"Nordkalottleden \u00fcber den E1 von Kvikkjokk\/Sulitjelma nach Kautokeino"},"content":{"rendered":"<p>Der Nordkalottleden (Nordkalottruta, Kalottireitti) f\u00fchrt auf \u00fcber 800 km durch die abwechslungsreichen Fj\u00e4llregionen Lapplands und verkn\u00fcpft bekannte Nordlandklassiker wie Kungsleden und Padjelantaleden mit unbekannteren Wanderregionen wie der Finnmark. \u00dcber weite Strecken ist er identisch mit dem Europ\u00e4ischen Fernwanderweg E1.<\/p>\n<p>Detailliert beschreibt dieses Buch die komplette Wegstrecke zwischen Sulitjelma im S\u00fcden und Kautokeino im Norden. Karten, H\u00f6henprofile und GPS-Tracks helfen bei der Orientierung, ausf\u00fchrliche Reise-Infos unterst\u00fctzen Sie bei der Planung der Tour.<\/p>\n<p>Ob H\u00fctten\u00fcbernachtung, Proviant oder Wegmarkierung \u2013 dieses Buch liefert verl\u00e4ssliche Antworten zu allen Fragen vor, w\u00e4hrend und nach einer Tour durch die \u201eletzte Wildnis Europas\u201c.<\/p>\n<p>2. Auflage 2021; 224 Seiten<\/p>","protected":false},"excerpt":{"rendered":"<p><a href=\"https:\/\/pizbube.ch\/wp-content\/uploads\/2021\/01\/Leseprobe_Nordkalottleden.pdf\">Leseprobe_Nordkalottleden<\/a><\/p>","protected":false},"featured_media":156448,"template":"","meta":[],"product_brand":[],"product_cat":[21605],"product_tag":[],"class_list":{"0":"post-153815","1":"product","2":"type-product","3":"status-publish","4":"has-post-thumbnail","6":"product_cat-wanderfuehrer-trekking","7":"pa_autor-hennemann","8":"pa_erscheinungsjahr-25440","9":"pa_region-skandinavien-norwegen-schweden-finnland","10":"pa_sprache-de","12":"first","13":"instock","14":"taxable","15":"shipping-taxable","16":"purchasable","17":"product-type-simple"},"_links":{"self":[{"href":"https:\/\/pizbube.ch\/en\/wp-json\/wp\/v2\/product\/153815","targetHints":{"allow":["GET"]}}],"collection":[{"href":"https:\/\/pizbube.ch\/en\/wp-json\/wp\/v2\/product"}],"about":[{"href":"https:\/\/pizbube.ch\/en\/wp-json\/wp\/v2\/types\/product"}],"wp:featuredmedia":[{"embeddable":true,"href":"https:\/\/pizbube.ch\/en\/wp-json\/wp\/v2\/media\/156448"}],"wp:attachment":[{"href":"https:\/\/pizbube.ch\/en\/wp-json\/wp\/v2\/media?parent=153815"}],"wp:term":[{"taxonomy":"product_brand","embeddable":true,"href":"https:\/\/pizbube.ch\/en\/wp-json\/wp\/v2\/product_brand?post=153815"},{"taxonomy":"product_cat","embeddable":true,"href":"https:\/\/pizbube.ch\/en\/wp-json\/wp\/v2\/product_cat?post=153815"},{"taxonomy":"product_tag","embeddable":true,"href":"https:\/\/pizbube.ch\/en\/wp-json\/wp\/v2\/product_tag?post=153815"}],"curies":[{"name":"wp","href":"https:\/\/api.w.org\/{rel}","templated":true}]}}