{"id":153816,"date":"2021-01-15T12:52:55","date_gmt":"2021-01-15T12:52:55","guid":{"rendered":"https:\/\/codengine3.ch\/?product=import-placeholder-for-204907"},"modified":"2024-03-06T17:17:45","modified_gmt":"2024-03-06T16:17:45","slug":"nordskandinavien-der-wanderfuehrer","status":"publish","type":"product","link":"https:\/\/pizbube.ch\/en\/shop\/nordskandinavien-der-wanderfuehrer\/","title":{"rendered":"Nordskandinavien &#8211; Der Wanderf\u00fchrer"},"content":{"rendered":"<p>Nordkalottleden, Kungsleden, Padjelantaleden<br \/>\nDieses Buch enth\u00e4lt die erste vollst\u00e4ndige Beschreibung des 1993 eingeweihten,<br \/>\nsehr popul\u00e4ren Nordkalottleden. 800 Kilometer f\u00fchrt dieser sch\u00f6nste und<br \/>\nl\u00e4ngste Wanderweg Nordskandinaviens durch die Berge Norwegens, Schwedens und<br \/>\nFinnlands, \u00fcberquert dabei 15 Mal die Grenzen und f\u00fchrt auch \u00fcber den<br \/>\nPadjelantaleden. Seit der 2. Auflage enth\u00e4lt das Buch auch den kompletten<br \/>\nKungsleden f\u00fcr Sommer- und Winterwanderer, Schwedens popul\u00e4rsten Wanderweg.<\/p>\n<p>F\u00fcr die urspr\u00fcngliche Recherche lebte der Autor 14 Monate im hohen Norden und<br \/>\nlegte dabei mehr als 7.000 Kilometer auf Schlittenkufen, Skiern und in<br \/>\nWanderstiefeln zur\u00fcck. Seitdem kehrt er immer wieder in das Gebiet zur\u00fcck.<\/p>\n<p>Hinweise auf in den Wanderkarten nicht verzeichnete \u00dcbernachtungsh\u00fctten und<br \/>\nunterhaltsame Anekdoten komplettieren den Tourenteil. Gut 100 Seiten widmen<br \/>\nsich neben allgemeinen praktischen Informationen besonders der Ausr\u00fcstung und<br \/>\ndem Planen einer Wanderung, enthalten dabei Sicherheitstipps f\u00fcr Wintertouren<br \/>\nund alles Wissenswerte rund ums Trekking mit Hundegespannen.<\/p>\n<p>3., vollst\u00e4ndig aktualisierte und erweiterte Auflage.<\/p>","protected":false},"excerpt":{"rendered":"<p>Nordkalottleden, Kungsleden, Padjelantaleden Dieses Buch enth\u00e4lt die erste vollst\u00e4ndige Beschreibung des 1993 eingeweihten, sehr popul\u00e4ren Nordkalottleden. 800 Kilometer f\u00fchrt dieser sch\u00f6nste und l\u00e4ngste Wanderweg Nordskandinaviens durch die Berge Norwegens, Schwedens und Finnlands, \u00fcberquert dabei 15 Mal die Grenzen und f\u00fchrt auch \u00fcber den Padjelantaleden. Seit der 2. Auflage enth\u00e4lt das Buch auch den kompletten Kungsleden [&#8230;]\n","protected":false},"featured_media":33451,"template":"","meta":[],"product_brand":[],"product_cat":[21605],"product_tag":[],"class_list":{"0":"post-153816","1":"product","2":"type-product","3":"status-publish","4":"has-post-thumbnail","6":"product_cat-wanderfuehrer-trekking","7":"pa_autor-bickel","8":"pa_erscheinungsjahr-21830","9":"pa_region-skandinavien-norwegen-schweden-finnland","10":"pa_sprache-de","12":"first","13":"outofstock","14":"taxable","15":"shipping-taxable","16":"purchasable","17":"product-type-simple"},"_links":{"self":[{"href":"https:\/\/pizbube.ch\/en\/wp-json\/wp\/v2\/product\/153816","targetHints":{"allow":["GET"]}}],"collection":[{"href":"https:\/\/pizbube.ch\/en\/wp-json\/wp\/v2\/product"}],"about":[{"href":"https:\/\/pizbube.ch\/en\/wp-json\/wp\/v2\/types\/product"}],"wp:featuredmedia":[{"embeddable":true,"href":"https:\/\/pizbube.ch\/en\/wp-json\/wp\/v2\/media\/33451"}],"wp:attachment":[{"href":"https:\/\/pizbube.ch\/en\/wp-json\/wp\/v2\/media?parent=153816"}],"wp:term":[{"taxonomy":"product_brand","embeddable":true,"href":"https:\/\/pizbube.ch\/en\/wp-json\/wp\/v2\/product_brand?post=153816"},{"taxonomy":"product_cat","embeddable":true,"href":"https:\/\/pizbube.ch\/en\/wp-json\/wp\/v2\/product_cat?post=153816"},{"taxonomy":"product_tag","embeddable":true,"href":"https:\/\/pizbube.ch\/en\/wp-json\/wp\/v2\/product_tag?post=153816"}],"curies":[{"name":"wp","href":"https:\/\/api.w.org\/{rel}","templated":true}]}}