{"id":153817,"date":"2021-01-15T12:52:56","date_gmt":"2021-01-15T12:52:56","guid":{"rendered":"https:\/\/codengine3.ch\/?product=import-placeholder-for-208326"},"modified":"2025-12-06T11:19:19","modified_gmt":"2025-12-06T10:19:19","slug":"meine-spuren-skitouren-tagebuch","status":"publish","type":"product","link":"https:\/\/pizbube.ch\/en\/shop\/meine-spuren-skitouren-tagebuch\/","title":{"rendered":"Meine Spuren: Skitouren-Tagebuch"},"content":{"rendered":"<p>Skitouren liegen im Trend \u2013 sie bieten abseits vom Massengedr\u00e4nge der<br \/>\nSkistationen die M\u00f6glichkeit, die Berge und die Natur auf ganz individuelle<br \/>\nWeise zu genie\u00dfen. Egal ob allein, oder mit guten Freunden, als Einsteiger<br \/>\noder erfahrener Bergfex \u2013 aus eigener Kraft einen Gipfel zu erreichen, in<br \/>\neiner urigen H\u00fctte eine Brotzeit zu genie\u00dfen und bei der Abfahrt im<br \/>\nunber\u00fchrten Pulverschnee seine Spuren zu hinterlassen \u2013 das alles sind<br \/>\neinmalige Erlebnisse. Dieses Buch unterst\u00fctzt den Protagonisten, diese<br \/>\nErlebnisse festzuhalten, sie sich sp\u00e4ter wieder ins Ged\u00e4chtnis zu rufen und<br \/>\nmit anderen zu teilen.<\/p>\n<p>F\u00fcr jede Skitour gibt es liebevoll gestaltete Tourenseiten zum Ausf\u00fcllen:<br \/>\nNamen der Tour, Gipfel, Datum, die Begleiter, die zur\u00fcckgelegten H\u00f6henmeter,<br \/>\ndie Frequentierung der Route, das Wetter u.v.m. Au\u00dferdem enth\u00e4lt das Buch<br \/>\nkurzweilige Ablenkungen f\u00fcr l\u00e4ngere H\u00fcttenaufenthalte, Informationen zur<br \/>\nGefahrenpr\u00e4vention, Lawinenkunde und Notrufsignale sowie Tipps zur Ausr\u00fcstung.<br \/>\nEin Muss f\u00fcr jeden Skitourengeher und ein tolles Geschenk!<\/p>","protected":false},"excerpt":{"rendered":"<ul>\n<li><strong><a href=\"https:\/\/pizbube.ch\/wp-content\/uploads\/attachments\/a_029\/D51A32799D7273A85ECD2C0AB995CB3B.pdf\" target=\"_blank\" rel=\"noopener\">PDF: Leseprobe_Meine_Spuren_.pdf<\/a><\/strong><\/li>\n<\/ul>","protected":false},"featured_media":182437,"template":"","meta":[],"product_brand":[],"product_cat":[21542],"product_tag":[],"class_list":{"0":"post-153817","1":"product","2":"type-product","3":"status-publish","4":"has-post-thumbnail","6":"product_cat-sachbuecher-dokumentationen","7":"pa_autor-napolski","8":"pa_erscheinungsjahr-21597","9":"pa_region-deutschland","10":"pa_sprache-de","12":"first","13":"onbackorder","14":"taxable","15":"shipping-taxable","16":"purchasable","17":"product-type-simple"},"_links":{"self":[{"href":"https:\/\/pizbube.ch\/en\/wp-json\/wp\/v2\/product\/153817","targetHints":{"allow":["GET"]}}],"collection":[{"href":"https:\/\/pizbube.ch\/en\/wp-json\/wp\/v2\/product"}],"about":[{"href":"https:\/\/pizbube.ch\/en\/wp-json\/wp\/v2\/types\/product"}],"wp:featuredmedia":[{"embeddable":true,"href":"https:\/\/pizbube.ch\/en\/wp-json\/wp\/v2\/media\/182437"}],"wp:attachment":[{"href":"https:\/\/pizbube.ch\/en\/wp-json\/wp\/v2\/media?parent=153817"}],"wp:term":[{"taxonomy":"product_brand","embeddable":true,"href":"https:\/\/pizbube.ch\/en\/wp-json\/wp\/v2\/product_brand?post=153817"},{"taxonomy":"product_cat","embeddable":true,"href":"https:\/\/pizbube.ch\/en\/wp-json\/wp\/v2\/product_cat?post=153817"},{"taxonomy":"product_tag","embeddable":true,"href":"https:\/\/pizbube.ch\/en\/wp-json\/wp\/v2\/product_tag?post=153817"}],"curies":[{"name":"wp","href":"https:\/\/api.w.org\/{rel}","templated":true}]}}