{"id":153818,"date":"2021-01-15T12:52:56","date_gmt":"2021-01-15T12:52:56","guid":{"rendered":"https:\/\/codengine3.ch\/?product=import-placeholder-for-202980"},"modified":"2021-01-15T12:53:00","modified_gmt":"2021-01-15T12:53:00","slug":"madagascar-le-nord","status":"publish","type":"product","link":"https:\/\/pizbube.ch\/en\/shop\/madagascar-le-nord\/","title":{"rendered":"Madagascar Le Nord"},"content":{"rendered":"<p>Topoguide: 17 sites sont d\u00e9crits. A l&#8217;extr\u00eame nord de la grande \u00eele rouge, l\u00e0<br \/>\no\u00f9 la terre se m\u00e9lange \u00e0 l&#8217;eau pour laisser place \u00e0 l&#8217;infini de l&#8217;oc\u00e9an, la<br \/>\nnature est majestueuse et la vie des gens un (petit) peu plus douce<br \/>\nqu&#8217;ailleurs, malgr\u00e9 l&#8217;infinie difficult\u00e9 \u00e0 survivre qui est dans ces contr\u00e9es<br \/>\nle lot de beaucoup.<br \/>\nLe roc est ici omnipr\u00e9sent, et les massifs karstiques se d\u00e9coupent en tsingy<br \/>\nac\u00e9r\u00e9s ou en grottes somptueuses orn\u00e9es de monstrueuses stalactites, reliefs<br \/>\nextraordinairement ludiques pour les grimpeurs de tous \u00e2ges et de tous<br \/>\nniveaux! 3\u00e8me \u00e9dition 2005  <\/p>","protected":false},"excerpt":{"rendered":"<p>Topoguide: 17 sites sont d\u00e9crits. A l&#8217;extr\u00eame nord de la grande \u00eele rouge, l\u00e0 o\u00f9 la terre se m\u00e9lange \u00e0 l&#8217;eau pour laisser place \u00e0 l&#8217;infini de l&#8217;oc\u00e9an, la nature est majestueuse et la vie des gens un (petit) peu plus douce qu&#8217;ailleurs, malgr\u00e9 l&#8217;infinie difficult\u00e9 \u00e0 survivre qui est dans ces contr\u00e9es le lot [&#8230;]\n","protected":false},"featured_media":30483,"template":"","meta":[],"product_brand":[],"product_cat":[21539],"product_tag":[],"class_list":{"0":"post-153818","1":"product","2":"type-product","3":"status-publish","4":"has-post-thumbnail","6":"product_cat-fuehrerliteratur-sportklettern-bouldern","7":"pa_autor-piola","8":"pa_erscheinungsjahr-21776","9":"pa_region-afrika","10":"pa_sprache-fr","12":"first","13":"outofstock","14":"taxable","15":"shipping-taxable","16":"purchasable","17":"product-type-simple"},"_links":{"self":[{"href":"https:\/\/pizbube.ch\/en\/wp-json\/wp\/v2\/product\/153818","targetHints":{"allow":["GET"]}}],"collection":[{"href":"https:\/\/pizbube.ch\/en\/wp-json\/wp\/v2\/product"}],"about":[{"href":"https:\/\/pizbube.ch\/en\/wp-json\/wp\/v2\/types\/product"}],"wp:featuredmedia":[{"embeddable":true,"href":"https:\/\/pizbube.ch\/en\/wp-json\/wp\/v2\/media\/30483"}],"wp:attachment":[{"href":"https:\/\/pizbube.ch\/en\/wp-json\/wp\/v2\/media?parent=153818"}],"wp:term":[{"taxonomy":"product_brand","embeddable":true,"href":"https:\/\/pizbube.ch\/en\/wp-json\/wp\/v2\/product_brand?post=153818"},{"taxonomy":"product_cat","embeddable":true,"href":"https:\/\/pizbube.ch\/en\/wp-json\/wp\/v2\/product_cat?post=153818"},{"taxonomy":"product_tag","embeddable":true,"href":"https:\/\/pizbube.ch\/en\/wp-json\/wp\/v2\/product_tag?post=153818"}],"curies":[{"name":"wp","href":"https:\/\/api.w.org\/{rel}","templated":true}]}}