{"id":153819,"date":"2021-01-15T12:52:56","date_gmt":"2021-01-15T12:52:56","guid":{"rendered":"https:\/\/codengine3.ch\/?product=import-placeholder-for-206434"},"modified":"2021-01-15T14:48:55","modified_gmt":"2021-01-15T14:48:55","slug":"reunion-escalade","status":"publish","type":"product","link":"https:\/\/pizbube.ch\/en\/shop\/reunion-escalade\/","title":{"rendered":"R\u00e9union Escalade"},"content":{"rendered":"<p>L\u2019\u00eele de la R\u00e9union comporte, de part sa g\u00e9ologie une multitude de sites d<br \/>\nescalade, bloc ou falaises, faites votre choix\u2026<br \/>\nVous pouvez visiter l \u00eele tout en grimpant, rien n est loin \u00e0 la R\u00e9union ! Par<br \/>\ncontre sa diversit\u00e9 est impressionnante.  <\/p>\n<p>Apr\u00e8s une session de grimpe, rien de mieux qu\u2019une bonne baignade dans le lagon<br \/>\nau coucher du soleil\u2026<br \/>\nCe topo d\u2019escalade donne les informations n\u00e9cessaires pour acc\u00e9der et grimper<br \/>\nen toute s\u00e9curit\u00e9 sur certains des sites d\u2019escalade de l\u2019\u00eele de la R\u00e9union.<br \/>\n130 pages  <\/p>","protected":false},"excerpt":{"rendered":"<p>L\u2019\u00eele de la R\u00e9union comporte, de part sa g\u00e9ologie une multitude de sites d escalade, bloc ou falaises, faites votre choix\u2026 Vous pouvez visiter l \u00eele tout en grimpant, rien n est loin \u00e0 la R\u00e9union ! Par contre sa diversit\u00e9 est impressionnante. Apr\u00e8s une session de grimpe, rien de mieux qu\u2019une bonne baignade dans [&#8230;]\n","protected":false},"featured_media":35478,"template":"","meta":[],"product_brand":[],"product_cat":[21539],"product_tag":[],"class_list":{"0":"post-153819","1":"product","2":"type-product","3":"status-publish","4":"has-post-thumbnail","6":"product_cat-fuehrerliteratur-sportklettern-bouldern","7":"pa_autor-grandremy","8":"pa_erscheinungsjahr-21776","9":"pa_region-frankreich","10":"pa_sprache-fr","12":"first","13":"outofstock","14":"taxable","15":"shipping-taxable","16":"purchasable","17":"product-type-simple"},"_links":{"self":[{"href":"https:\/\/pizbube.ch\/en\/wp-json\/wp\/v2\/product\/153819","targetHints":{"allow":["GET"]}}],"collection":[{"href":"https:\/\/pizbube.ch\/en\/wp-json\/wp\/v2\/product"}],"about":[{"href":"https:\/\/pizbube.ch\/en\/wp-json\/wp\/v2\/types\/product"}],"wp:featuredmedia":[{"embeddable":true,"href":"https:\/\/pizbube.ch\/en\/wp-json\/wp\/v2\/media\/35478"}],"wp:attachment":[{"href":"https:\/\/pizbube.ch\/en\/wp-json\/wp\/v2\/media?parent=153819"}],"wp:term":[{"taxonomy":"product_brand","embeddable":true,"href":"https:\/\/pizbube.ch\/en\/wp-json\/wp\/v2\/product_brand?post=153819"},{"taxonomy":"product_cat","embeddable":true,"href":"https:\/\/pizbube.ch\/en\/wp-json\/wp\/v2\/product_cat?post=153819"},{"taxonomy":"product_tag","embeddable":true,"href":"https:\/\/pizbube.ch\/en\/wp-json\/wp\/v2\/product_tag?post=153819"}],"curies":[{"name":"wp","href":"https:\/\/api.w.org\/{rel}","templated":true}]}}