{"id":153821,"date":"2021-01-15T12:52:56","date_gmt":"2021-01-15T12:52:56","guid":{"rendered":"https:\/\/codengine3.ch\/?product=import-placeholder-for-205760"},"modified":"2021-01-15T14:43:42","modified_gmt":"2021-01-15T14:43:42","slug":"tough-enough-madagascar-dvd","status":"publish","type":"product","link":"https:\/\/pizbube.ch\/en\/shop\/tough-enough-madagascar-dvd\/","title":{"rendered":"TOUGH ENOUGH &#8211; Madagascar DVD"},"content":{"rendered":"<p>Juin 2008, Arnaud Petit, St\u00e9phanie Bodet, Sylvain Millet et Laurent Triay<br \/>\ns&#8217;envolent pour Madagascar.<br \/>\nUn seul objectif en t\u00eate: lib\u00e9rer les 10 longueurs de &#8218;Tough Enough&#8216;, une voie<br \/>\nde 400 m\u00e8tres dans le granite color\u00e9 de la magique vall\u00e9e du Tsaranoro.<br \/>\nAvec des difficult\u00e9s allant du 7C au 8c (5 longueurs entre 8b et 8c!) et un<br \/>\nstyle d&#8217;escalade tr\u00e8s exigeant, &#8218;Tough Enough&#8216; est peut-\u00eatre la grande voie de<br \/>\nlibre la plus dure au monde. Elle est consid\u00e9r\u00e9e par le milieu comme l&#8217;un des<br \/>\nd\u00e9fis majeur d&#8217;escalade de notre \u00e9poque.<br \/>\nLe film retrace la r\u00e9ussite de cette belle aventure tout en s&#8217;attachant \u00e0<br \/>\nfaire d\u00e9couvrir Madagascar &#8218;la rouge&#8216;, ses paysages \u00e0 couper le souffle,<br \/>\nl&#8217;exceptionelle gentillesse de ses habitants.<br \/>\n50 min. + bonus; shot in HD  <\/p>","protected":false},"excerpt":{"rendered":"<p>Juin 2008, Arnaud Petit, St\u00e9phanie Bodet, Sylvain Millet et Laurent Triay s&#8217;envolent pour Madagascar. Un seul objectif en t\u00eate: lib\u00e9rer les 10 longueurs de &#8218;Tough Enough&#8216;, une voie de 400 m\u00e8tres dans le granite color\u00e9 de la magique vall\u00e9e du Tsaranoro. Avec des difficult\u00e9s allant du 7C au 8c (5 longueurs entre 8b et 8c!) [&#8230;]\n","protected":false},"featured_media":34577,"template":"","meta":[],"product_brand":[],"product_cat":[21628],"product_tag":[],"class_list":{"0":"post-153821","1":"product","2":"type-product","3":"status-publish","4":"has-post-thumbnail","6":"product_cat-video-dvd-multimedia","7":"pa_autor-triay","8":"pa_erscheinungsjahr-21693","9":"pa_region-frankreich","10":"pa_sprache-e","11":"pa_sprache-f","13":"first","14":"instock","15":"taxable","16":"shipping-taxable","17":"purchasable","18":"product-type-simple"},"_links":{"self":[{"href":"https:\/\/pizbube.ch\/en\/wp-json\/wp\/v2\/product\/153821","targetHints":{"allow":["GET"]}}],"collection":[{"href":"https:\/\/pizbube.ch\/en\/wp-json\/wp\/v2\/product"}],"about":[{"href":"https:\/\/pizbube.ch\/en\/wp-json\/wp\/v2\/types\/product"}],"wp:featuredmedia":[{"embeddable":true,"href":"https:\/\/pizbube.ch\/en\/wp-json\/wp\/v2\/media\/34577"}],"wp:attachment":[{"href":"https:\/\/pizbube.ch\/en\/wp-json\/wp\/v2\/media?parent=153821"}],"wp:term":[{"taxonomy":"product_brand","embeddable":true,"href":"https:\/\/pizbube.ch\/en\/wp-json\/wp\/v2\/product_brand?post=153821"},{"taxonomy":"product_cat","embeddable":true,"href":"https:\/\/pizbube.ch\/en\/wp-json\/wp\/v2\/product_cat?post=153821"},{"taxonomy":"product_tag","embeddable":true,"href":"https:\/\/pizbube.ch\/en\/wp-json\/wp\/v2\/product_tag?post=153821"}],"curies":[{"name":"wp","href":"https:\/\/api.w.org\/{rel}","templated":true}]}}