{"id":153823,"date":"2021-01-15T12:52:56","date_gmt":"2021-01-15T12:52:56","guid":{"rendered":"https:\/\/codengine3.ch\/?product=import-placeholder-for-205942"},"modified":"2021-01-15T14:45:07","modified_gmt":"2021-01-15T14:45:07","slug":"die-messner-brueder-am-nanga-parbat","status":"publish","type":"product","link":"https:\/\/pizbube.ch\/en\/shop\/die-messner-brueder-am-nanga-parbat\/","title":{"rendered":"Die Messner-Br\u00fcder am Nanga Parbat"},"content":{"rendered":"<p>Das Buch zum Film.<br \/>\n40 Jahre nach der Trag\u00f6die &#8211; der Film \u00fcber die Messner-Br\u00fcder<br \/>\nDie Trag\u00f6die am Nanga Parbat ist eine der gr\u00f6\u00dften Bergsteigergeschichte<br \/>\n\u00fcberhaupt. Messners Version wurde erst 2005 mit dem Fund der Leiche seines<br \/>\nBruders best\u00e4tigt. Diese tragische Geschichte war lebensentscheidend f\u00fcr<br \/>\nMessner, f\u00fcr seine Karriere als Bergsteiger wie auch als Mensch und pr\u00e4gt ihn<br \/>\nbis heute. Neben der Story \u00fcber die Expedition steht besonders die Beziehung<br \/>\nzwischen Reinhold und G\u00fcnther Messner im Fokus. Der Film zeigt &#8218;die Bilder,<br \/>\ndie nur ich und mein Bruder gesehen haben&#8216; (O-Ton Messner). Jede Szene des<br \/>\nFilms ist von Messner autorisiert, er war jeden Tag am Dreh anwesend und hat<br \/>\nbis in die kleinsten Details alles mitbestimmt.<br \/>\nBei dieser Arbeit in Pakistan und an anderen Orten sind fantastische Bilder<br \/>\nentstanden, die die unglaubliche Geschichte der Messner-Br\u00fcder tats\u00e4chlich<br \/>\nerstmals visualisieren, vor allem den als unm\u00f6glich geltenden Abstieg \u00fcber die<br \/>\nDiamirflanke des Berges. Auch der Laie kann erstmals sehr plastisch<br \/>\nnachvollziehen, was damals geschah. Die anderen B\u00fccher zum Nanga Parbat<br \/>\nerlauben das nicht.<br \/>\nFarb., s\/w. Fotos. 159 S.  <\/p>","protected":false},"excerpt":{"rendered":"<p>Das Buch zum Film. 40 Jahre nach der Trag\u00f6die &#8211; der Film \u00fcber die Messner-Br\u00fcder Die Trag\u00f6die am Nanga Parbat ist eine der gr\u00f6\u00dften Bergsteigergeschichte \u00fcberhaupt. Messners Version wurde erst 2005 mit dem Fund der Leiche seines Bruders best\u00e4tigt. Diese tragische Geschichte war lebensentscheidend f\u00fcr Messner, f\u00fcr seine Karriere als Bergsteiger wie auch als Mensch [&#8230;]\n","protected":false},"featured_media":34805,"template":"","meta":[],"product_brand":[],"product_cat":[21542],"product_tag":[],"class_list":{"0":"post-153823","1":"product","2":"type-product","3":"status-publish","4":"has-post-thumbnail","6":"product_cat-sachbuecher-dokumentationen","7":"pa_autor-martin","8":"pa_erscheinungsjahr-21830","9":"pa_region-deutschland","10":"pa_sprache-de","12":"first","13":"instock","14":"taxable","15":"shipping-taxable","16":"purchasable","17":"product-type-simple"},"_links":{"self":[{"href":"https:\/\/pizbube.ch\/en\/wp-json\/wp\/v2\/product\/153823","targetHints":{"allow":["GET"]}}],"collection":[{"href":"https:\/\/pizbube.ch\/en\/wp-json\/wp\/v2\/product"}],"about":[{"href":"https:\/\/pizbube.ch\/en\/wp-json\/wp\/v2\/types\/product"}],"wp:featuredmedia":[{"embeddable":true,"href":"https:\/\/pizbube.ch\/en\/wp-json\/wp\/v2\/media\/34805"}],"wp:attachment":[{"href":"https:\/\/pizbube.ch\/en\/wp-json\/wp\/v2\/media?parent=153823"}],"wp:term":[{"taxonomy":"product_brand","embeddable":true,"href":"https:\/\/pizbube.ch\/en\/wp-json\/wp\/v2\/product_brand?post=153823"},{"taxonomy":"product_cat","embeddable":true,"href":"https:\/\/pizbube.ch\/en\/wp-json\/wp\/v2\/product_cat?post=153823"},{"taxonomy":"product_tag","embeddable":true,"href":"https:\/\/pizbube.ch\/en\/wp-json\/wp\/v2\/product_tag?post=153823"}],"curies":[{"name":"wp","href":"https:\/\/api.w.org\/{rel}","templated":true}]}}