{"id":153826,"date":"2021-01-15T12:53:02","date_gmt":"2021-01-15T12:53:02","guid":{"rendered":"https:\/\/codengine3.ch\/?product=import-placeholder-for-204949"},"modified":"2021-01-15T14:37:30","modified_gmt":"2021-01-15T14:37:30","slug":"wandern-und-entdecken-amden-weesen","status":"publish","type":"product","link":"https:\/\/pizbube.ch\/en\/shop\/wandern-und-entdecken-amden-weesen\/","title":{"rendered":"Wandern und entdecken &#8211; Amden Weesen"},"content":{"rendered":"<p>Die Region Weesen &#8211; Amden am Rande des Walensees liegt nur eine gute Stunde<br \/>\nvom Grossraum Z\u00fcrich entfernt. Sie l\u00e4dt mit ihrer idyllischen Landschaft aus<br \/>\nweiten Wiesen, kleinen Weilern aber auch steilen Klippen, aussichtsreichen<br \/>\nBerggipfeln und tiefen W\u00e4ldern zum Wandern und Verweilen ein. Doch diese<br \/>\nGegend hat noch mehr zu bieten: Sie ist gespickt mit Kraftorten. Diese Pl\u00e4tze<br \/>\nstrahlen eine grosse Kraft aus, die auch messbar ist. Verschiedene Wege f\u00fchren<br \/>\nzu den Energiequellen.  <\/p>\n<p>Im Wanderbuch werden \u00fcber 40 Vorschl\u00e4ge f\u00fcr aufregende Sommerwanderungen in<br \/>\nder Bergwelt oder abwechslungsreiche Winterwanderungen durch vertr\u00e4umte<br \/>\nSchneelandschaften vorgestellt. Die Wandertipps sind \u00fcbersichtlich dargestellt<br \/>\nmit genauen Routenangaben versehen. Schon beim Lesen kommt die Lust auf, in<br \/>\ndie Wanderschuhe zu schl\u00fcpfen und die Gegend zu entdecken.  <\/p>","protected":false},"excerpt":{"rendered":"<p>Die Region Weesen &#8211; Amden am Rande des Walensees liegt nur eine gute Stunde vom Grossraum Z\u00fcrich entfernt. Sie l\u00e4dt mit ihrer idyllischen Landschaft aus weiten Wiesen, kleinen Weilern aber auch steilen Klippen, aussichtsreichen Berggipfeln und tiefen W\u00e4ldern zum Wandern und Verweilen ein. Doch diese Gegend hat noch mehr zu bieten: Sie ist gespickt mit [&#8230;]\n","protected":false},"featured_media":33509,"template":"","meta":[],"product_brand":[],"product_cat":[21605],"product_tag":[],"class_list":{"0":"post-153826","1":"product","2":"type-product","3":"status-publish","4":"has-post-thumbnail","6":"product_cat-wanderfuehrer-trekking","7":"pa_autor-beerli-kaufmann-2","8":"pa_erscheinungsjahr-21842","9":"pa_region-schweiz","10":"pa_sprache-de","12":"first","13":"instock","14":"taxable","15":"shipping-taxable","16":"purchasable","17":"product-type-simple"},"_links":{"self":[{"href":"https:\/\/pizbube.ch\/en\/wp-json\/wp\/v2\/product\/153826","targetHints":{"allow":["GET"]}}],"collection":[{"href":"https:\/\/pizbube.ch\/en\/wp-json\/wp\/v2\/product"}],"about":[{"href":"https:\/\/pizbube.ch\/en\/wp-json\/wp\/v2\/types\/product"}],"wp:featuredmedia":[{"embeddable":true,"href":"https:\/\/pizbube.ch\/en\/wp-json\/wp\/v2\/media\/33509"}],"wp:attachment":[{"href":"https:\/\/pizbube.ch\/en\/wp-json\/wp\/v2\/media?parent=153826"}],"wp:term":[{"taxonomy":"product_brand","embeddable":true,"href":"https:\/\/pizbube.ch\/en\/wp-json\/wp\/v2\/product_brand?post=153826"},{"taxonomy":"product_cat","embeddable":true,"href":"https:\/\/pizbube.ch\/en\/wp-json\/wp\/v2\/product_cat?post=153826"},{"taxonomy":"product_tag","embeddable":true,"href":"https:\/\/pizbube.ch\/en\/wp-json\/wp\/v2\/product_tag?post=153826"}],"curies":[{"name":"wp","href":"https:\/\/api.w.org\/{rel}","templated":true}]}}